{"id":2279,"date":"2025-08-06T18:15:56","date_gmt":"2025-08-06T18:15:56","guid":{"rendered":"https:\/\/thehandlebar.biz\/buchung\/"},"modified":"2025-11-15T13:26:01","modified_gmt":"2025-11-15T13:26:01","slug":"buchung","status":"publish","type":"page","link":"https:\/\/thehandlebar.biz\/de\/buchung\/","title":{"rendered":"Buchung"},"content":{"rendered":"\n<div class=\"wp-block-group alignfull has-background-background-color has-background is-layout-constrained wp-block-group-is-layout-constrained\" style=\"border-top-width:1px;margin-top:0;margin-bottom:0;padding-top:var(--wp--preset--spacing--60);padding-bottom:var(--wp--preset--spacing--60)\">\n<div class=\"wp-block-media-text alignwide is-stacked-on-mobile is-vertically-aligned-center is-image-fill-element\" style=\"padding-right:0;padding-left:0;grid-template-columns:40% auto\"><figure class=\"wp-block-media-text__media\"><img loading=\"lazy\" decoding=\"async\" width=\"1440\" height=\"1080\" class=\"wp-image-1223 size-full\" src=\"https:\/\/thehandlebar.biz\/wp-content\/uploads\/2025\/10\/0dd0b03a4fed3e8801c295ff971fd16636f4a050.jpg\" alt=\"\" style=\"object-position:50% 50%\" srcset=\"https:\/\/thehandlebar.biz\/wp-content\/uploads\/2025\/10\/0dd0b03a4fed3e8801c295ff971fd16636f4a050.jpg 1440w, https:\/\/thehandlebar.biz\/wp-content\/uploads\/2025\/10\/0dd0b03a4fed3e8801c295ff971fd16636f4a050-1280x960.jpg 1280w, https:\/\/thehandlebar.biz\/wp-content\/uploads\/2025\/10\/0dd0b03a4fed3e8801c295ff971fd16636f4a050-980x735.jpg 980w, https:\/\/thehandlebar.biz\/wp-content\/uploads\/2025\/10\/0dd0b03a4fed3e8801c295ff971fd16636f4a050-480x360.jpg 480w\" sizes=\"(min-width: 0px) and (max-width: 480px) 480px, (min-width: 481px) and (max-width: 980px) 980px, (min-width: 981px) and (max-width: 1280px) 1280px, (min-width: 1281px) 1440px, 100vw\" \/><\/figure><div class=\"wp-block-media-text__content\">\n<div class=\"wp-block-group is-content-justification-left is-layout-constrained wp-container-core-group-is-layout-9a0c8d9f wp-block-group-is-layout-constrained\" style=\"padding-top:var(--wp--preset--spacing--30);padding-right:0;padding-bottom:var(--wp--preset--spacing--30);padding-left:0\">\n<h2 class=\"wp-block-heading has-large-font-size\">Erleben Sie gef\u00fchrte Radtouren in Spanien und Island<\/h2>\n\n\n\n<p style=\"margin-top:16px\">Buchen Sie jetzt Ihre exklusive Fahrradtour mit professioneller Begleitung<\/p>\n\n\n\n<div class=\"wp-block-buttons is-layout-flex wp-block-buttons-is-layout-flex\" style=\"margin-top:var(--wp--preset--spacing--40)\">\n<div class=\"wp-block-button\"><a class=\"wp-block-button__link wp-element-button\" href=\"https:\/\/thehandlebar.biz\/de\/dienstleistungen\/\">Tour jetzt buchen<\/a><\/div>\n<\/div>\n<\/div>\n<\/div><\/div>\n<\/div>\n\n<div class=\"wp-block-group alignfull has-tertiary-background-color has-background is-layout-constrained wp-container-core-group-is-layout-392eb801 wp-block-group-is-layout-constrained\" style=\"border-top-width:1px;margin-top:0;margin-bottom:0;padding-top:var(--wp--preset--spacing--60);padding-right:var(--wp--preset--spacing--30);padding-bottom:var(--wp--preset--spacing--60);padding-left:var(--wp--preset--spacing--30)\">\n<div class=\"wp-block-columns alignwide is-layout-flex wp-container-core-columns-is-layout-9d6595d7 wp-block-columns-is-layout-flex\">\n<div class=\"wp-block-column is-layout-flow wp-block-column-is-layout-flow\">\n<h2 class=\"wp-block-heading has-large-font-size\">So funktioniert die Buchung<\/h2>\n\n\n\n<p style=\"margin-top:16px\">Hier erfahren Sie, wie Sie Ihre exklusive Fahrradtour bei The Handle Bar ganz einfach reservieren und optimal vorbereiten.<\/p>\n\n\n\n<div class=\"wp-block-buttons is-content-justification-left is-layout-flex wp-container-core-buttons-is-layout-fdcfc74e wp-block-buttons-is-layout-flex\">\n<div class=\"wp-block-button is-style-fill\"><a class=\"wp-block-button__link wp-element-button\" href=\"https:\/\/thehandlebar.biz\/de\/kontakt\/\">Mehr entdecken<\/a><\/div>\n<\/div>\n<\/div>\n\n\n\n<div class=\"wp-block-column is-layout-flow wp-block-column-is-layout-flow\">\n<div class=\"wp-block-group is-layout-constrained wp-block-group-is-layout-constrained\">\n<div class=\"wp-block-columns is-layout-flex wp-container-core-columns-is-layout-9d6595d7 wp-block-columns-is-layout-flex\">\n<div class=\"wp-block-column is-vertically-aligned-stretch is-layout-flow wp-block-column-is-layout-flow\" style=\"flex-basis:48px\">\n<div class=\"wp-block-group is-layout-constrained wp-container-core-group-is-layout-10db1bbe wp-block-group-is-layout-constrained\">\n<div class=\"wp-block-group is-vertical is-content-justification-center is-nowrap is-layout-flex wp-container-core-group-is-layout-a7799923 wp-block-group-is-layout-flex\" style=\"border-width:1px;border-radius:20rem;min-height:48px;padding-top:var(--wp--preset--spacing--20);padding-right:var(--wp--preset--spacing--20);padding-bottom:var(--wp--preset--spacing--20);padding-left:var(--wp--preset--spacing--20)\">\n<p class=\"has-small-font-size\" style=\"font-style:normal;font-weight:500;line-height:1\">1<\/p>\n<\/div>\n<\/div>\n\n\n\n<div class=\"wp-block-group is-layout-constrained wp-container-core-group-is-layout-a06a6140 wp-block-group-is-layout-constrained\" style=\"min-height:100%\">\n<div class=\"wp-block-group has-foreground-background-color has-background is-vertical is-layout-flex wp-container-core-group-is-layout-2d3d2771 wp-block-group-is-layout-flex\" style=\"min-height:100%;padding-top:0;padding-right:0.03rem;padding-bottom:0;padding-left:0.03rem\">\n<div style=\"height:0px\" aria-hidden=\"true\" class=\"wp-block-spacer wp-container-content-759e20a8\"><\/div>\n<\/div>\n<\/div>\n<\/div>\n\n\n\n<div class=\"wp-block-column is-layout-flow wp-block-column-is-layout-flow\">\n<h3 class=\"wp-block-heading\" style=\"font-size:1.5rem;line-height:1.5\">Schritt Eins: Tour ausw\u00e4hlen<\/h3>\n\n\n\n<p class=\"has-small-font-size\" style=\"margin-top:8px\">W\u00e4hlen Sie Ihre Wunschdestination aus unserem vielf\u00e4ltigen Angebot an Fahrradreisen in Spanien, Italien, Island und mehr aus.<\/p>\n<\/div>\n<\/div>\n\n\n\n<div class=\"wp-block-columns is-layout-flex wp-container-core-columns-is-layout-9d6595d7 wp-block-columns-is-layout-flex\">\n<div class=\"wp-block-column is-vertically-aligned-stretch is-layout-flow wp-block-column-is-layout-flow\" style=\"flex-basis:48px\">\n<div class=\"wp-block-group is-layout-constrained wp-container-core-group-is-layout-10db1bbe wp-block-group-is-layout-constrained\">\n<div class=\"wp-block-group is-vertical is-content-justification-center is-nowrap is-layout-flex wp-container-core-group-is-layout-a7799923 wp-block-group-is-layout-flex\" style=\"border-width:1px;border-radius:20rem;min-height:48px;padding-top:var(--wp--preset--spacing--20);padding-right:var(--wp--preset--spacing--20);padding-bottom:var(--wp--preset--spacing--20);padding-left:var(--wp--preset--spacing--20)\">\n<p class=\"has-small-font-size\" style=\"font-style:normal;font-weight:500;line-height:1\">2<\/p>\n<\/div>\n<\/div>\n\n\n\n<div class=\"wp-block-group is-layout-constrained wp-container-core-group-is-layout-a06a6140 wp-block-group-is-layout-constrained\" style=\"min-height:100%\">\n<div class=\"wp-block-group has-foreground-background-color has-background is-layout-constrained wp-container-core-group-is-layout-f3e3dd50 wp-block-group-is-layout-constrained\" style=\"min-height:100%;padding-top:0;padding-right:0.03rem;padding-bottom:0;padding-left:0.03rem\">\n<div style=\"height:100px\" aria-hidden=\"true\" class=\"wp-block-spacer\"><\/div>\n<\/div>\n<\/div>\n<\/div>\n\n\n\n<div class=\"wp-block-column is-layout-flow wp-block-column-is-layout-flow\">\n<h3 class=\"wp-block-heading\" style=\"font-size:1.5rem;line-height:1.5\">Schritt Zwei: Buchungsdetails eingeben<\/h3>\n\n\n\n<p class=\"has-small-font-size\" style=\"margin-top:8px\">F\u00fcllen Sie das Buchungsformular aus und w\u00e4hlen Sie individuelle Optionen, um Ihre Tour perfekt auf Ihre W\u00fcnsche abzustimmen.<\/p>\n<\/div>\n<\/div>\n\n\n\n<div class=\"wp-block-columns is-layout-flex wp-container-core-columns-is-layout-9d6595d7 wp-block-columns-is-layout-flex\">\n<div class=\"wp-block-column is-vertically-aligned-stretch is-layout-flow wp-block-column-is-layout-flow\" style=\"flex-basis:48px\">\n<div class=\"wp-block-group is-layout-constrained wp-container-core-group-is-layout-10db1bbe wp-block-group-is-layout-constrained\">\n<div class=\"wp-block-group is-vertical is-content-justification-center is-nowrap is-layout-flex wp-container-core-group-is-layout-a7799923 wp-block-group-is-layout-flex\" style=\"border-width:1px;border-radius:20rem;min-height:48px;padding-top:var(--wp--preset--spacing--20);padding-right:var(--wp--preset--spacing--20);padding-bottom:var(--wp--preset--spacing--20);padding-left:var(--wp--preset--spacing--20)\">\n<p class=\"has-small-font-size\" style=\"font-style:normal;font-weight:500;line-height:1\">3<\/p>\n<\/div>\n<\/div>\n<\/div>\n\n\n\n<div class=\"wp-block-column is-layout-flow wp-block-column-is-layout-flow\">\n<h3 class=\"wp-block-heading\" style=\"font-size:1.5rem;line-height:1.5\">Schritt Drei: Best\u00e4tigung erhalten<\/h3>\n\n\n\n<p class=\"has-small-font-size\" style=\"margin-top:8px\">Sie erhalten eine Buchungsbest\u00e4tigung und wichtige Hinweise, damit Sie bestens auf Ihre exklusive Fahrradtour vorbereitet sind.<\/p>\n<\/div>\n<\/div>\n<\/div>\n<\/div>\n<\/div>\n<\/div>\n\n<div class=\"wp-block-group alignfull has-background-background-color has-background is-layout-constrained wp-container-core-group-is-layout-61cdc144 wp-block-group-is-layout-constrained\" id=\"kontakt\" style=\"border-top-width:1px;margin-top:0;margin-bottom:0;padding-top:var(--wp--preset--spacing--60);padding-right:0;padding-bottom:var(--wp--preset--spacing--60);padding-left:0\">\n<h2 class=\"wp-block-heading has-text-align-center\">Exklusive Fahrradtouren in Spanien, Italien, Island und Tibet<\/h2>\n\n\n\n<p class=\"has-text-align-center\"><strong>Carrer de Santa Clara 7, Girona<\/strong><\/p>\n\n\n\n<p class=\"has-text-align-center\" style=\"margin-top:0;margin-bottom:0\"><strong>Avenue Victor Hugo 14, S\u00fcdfrankreich<\/strong><\/p>\n\n\n\n<p class=\"has-text-align-center has-small-font-size\" style=\"margin-top:8px\">+34-972-456-789<\/p>\n\n\n\n<p class=\"has-text-align-center has-small-font-size\" style=\"margin-top:8px\">kontakt@thehandlebar.com<\/p>\n<\/div>\n","protected":false},"excerpt":{"rendered":"<p>Erleben Sie gef\u00fchrte Radtouren in Spanien und Island Buchen Sie jetzt Ihre exklusive Fahrradtour mit professioneller Begleitung So funktioniert die Buchung Hier erfahren Sie, wie Sie Ihre exklusive Fahrradtour bei The Handle Bar ganz einfach reservieren und optimal vorbereiten. 1 Schritt Eins: Tour ausw\u00e4hlen W\u00e4hlen Sie Ihre Wunschdestination aus unserem vielf\u00e4ltigen Angebot an Fahrradreisen in [&hellip;]<\/p>\n","protected":false},"author":1,"featured_media":0,"parent":0,"menu_order":0,"comment_status":"closed","ping_status":"closed","template":"page-with-title","meta":{"_et_pb_use_builder":"","_et_pb_old_content":"","_et_gb_content_width":"","footnotes":""},"class_list":["post-2279","page","type-page","status-publish","hentry"],"_links":{"self":[{"href":"https:\/\/thehandlebar.biz\/de\/wp-json\/wp\/v2\/pages\/2279","targetHints":{"allow":["GET"]}}],"collection":[{"href":"https:\/\/thehandlebar.biz\/de\/wp-json\/wp\/v2\/pages"}],"about":[{"href":"https:\/\/thehandlebar.biz\/de\/wp-json\/wp\/v2\/types\/page"}],"author":[{"embeddable":true,"href":"https:\/\/thehandlebar.biz\/de\/wp-json\/wp\/v2\/users\/1"}],"replies":[{"embeddable":true,"href":"https:\/\/thehandlebar.biz\/de\/wp-json\/wp\/v2\/comments?post=2279"}],"version-history":[{"count":1,"href":"https:\/\/thehandlebar.biz\/de\/wp-json\/wp\/v2\/pages\/2279\/revisions"}],"predecessor-version":[{"id":2280,"href":"https:\/\/thehandlebar.biz\/de\/wp-json\/wp\/v2\/pages\/2279\/revisions\/2280"}],"wp:attachment":[{"href":"https:\/\/thehandlebar.biz\/de\/wp-json\/wp\/v2\/media?parent=2279"}],"curies":[{"name":"wp","href":"https:\/\/api.w.org\/{rel}","templated":true}]}}