{"id":2318,"date":"2025-09-16T08:10:20","date_gmt":"2025-09-16T08:10:20","guid":{"rendered":"https:\/\/thehandlebar.biz\/bellitanner-e-bikes\/"},"modified":"2025-11-15T13:52:51","modified_gmt":"2025-11-15T13:52:51","slug":"bellitanner-e-bikes","status":"publish","type":"page","link":"https:\/\/thehandlebar.biz\/de\/bellitanner-e-bikes\/","title":{"rendered":"Bellitanner E-Bikes"},"content":{"rendered":"\n<div class=\"wp-block-group alignfull has-background-background-color has-background is-layout-constrained wp-container-core-group-is-layout-392eb801 wp-block-group-is-layout-constrained\" style=\"margin-top:0;margin-bottom:0;padding-top:var(--wp--preset--spacing--60);padding-right:var(--wp--preset--spacing--30);padding-bottom:var(--wp--preset--spacing--60);padding-left:var(--wp--preset--spacing--30)\">\n<div class=\"wp-block-columns alignwide are-vertically-aligned-center is-layout-flex wp-container-core-columns-is-layout-30f78326 wp-block-columns-is-layout-flex\">\n<div class=\"wp-block-column is-vertically-aligned-center is-layout-flow wp-block-column-is-layout-flow\" style=\"flex-basis:50%\">\n<figure data-wp-context=\"{&quot;imageId&quot;:&quot;69f48929bb3cb&quot;}\" data-wp-interactive=\"core\/image\" data-wp-key=\"69f48929bb3cb\" class=\"wp-block-image size-large wp-lightbox-container\"><img loading=\"lazy\" decoding=\"async\" width=\"768\" height=\"1024\" data-wp-class--hide=\"state.isContentHidden\" data-wp-class--show=\"state.isContentVisible\" data-wp-init=\"callbacks.setButtonStyles\" data-wp-on--click=\"actions.showLightbox\" data-wp-on--load=\"callbacks.setButtonStyles\" data-wp-on-window--resize=\"callbacks.setButtonStyles\" src=\"https:\/\/thehandlebar.biz\/wp-content\/uploads\/2025\/09\/IMG_7940-1-768x1024.jpeg\" alt=\"\" class=\"wp-image-284\" style=\"aspect-ratio:1;object-fit:cover\" srcset=\"https:\/\/thehandlebar.biz\/wp-content\/uploads\/2025\/09\/IMG_7940-1-768x1024.jpeg 768w, https:\/\/thehandlebar.biz\/wp-content\/uploads\/2025\/09\/IMG_7940-1-225x300.jpeg 225w, https:\/\/thehandlebar.biz\/wp-content\/uploads\/2025\/09\/IMG_7940-1-1152x1536.jpeg 1152w, https:\/\/thehandlebar.biz\/wp-content\/uploads\/2025\/09\/IMG_7940-1-1536x2048.jpeg 1536w, https:\/\/thehandlebar.biz\/wp-content\/uploads\/2025\/09\/IMG_7940-1-600x800.jpeg 600w, https:\/\/thehandlebar.biz\/wp-content\/uploads\/2025\/09\/IMG_7940-1-scaled.jpeg 1920w\" sizes=\"(max-width: 768px) 100vw, 768px\" \/><button\n\t\t\tclass=\"lightbox-trigger\"\n\t\t\ttype=\"button\"\n\t\t\taria-haspopup=\"dialog\"\n\t\t\taria-label=\"Vergr\u00f6\u00dfern\"\n\t\t\tdata-wp-init=\"callbacks.initTriggerButton\"\n\t\t\tdata-wp-on--click=\"actions.showLightbox\"\n\t\t\tdata-wp-style--right=\"state.imageButtonRight\"\n\t\t\tdata-wp-style--top=\"state.imageButtonTop\"\n\t\t>\n\t\t\t<svg xmlns=\"http:\/\/www.w3.org\/2000\/svg\" width=\"12\" height=\"12\" fill=\"none\" viewBox=\"0 0 12 12\">\n\t\t\t\t<path fill=\"#fff\" d=\"M2 0a2 2 0 0 0-2 2v2h1.5V2a.5.5 0 0 1 .5-.5h2V0H2Zm2 10.5H2a.5.5 0 0 1-.5-.5V8H0v2a2 2 0 0 0 2 2h2v-1.5ZM8 12v-1.5h2a.5.5 0 0 0 .5-.5V8H12v2a2 2 0 0 1-2 2H8Zm2-12a2 2 0 0 1 2 2v2h-1.5V2a.5.5 0 0 0-.5-.5H8V0h2Z\" \/>\n\t\t\t<\/svg>\n\t\t<\/button><\/figure>\n<\/div>\n\n\n\n<div class=\"wp-block-column is-vertically-aligned-center is-layout-flow wp-block-column-is-layout-flow\" style=\"flex-basis:60%\">\n<h2 class=\"wp-block-heading\">Herren V1 E-Bike<\/h2>\n\n\n\n<p class=\"has-medium-font-size\" style=\"margin-top:16px\">Entdecken Sie das Herren V1, mit einem leistungsstarken 250-Watt-Mittelmotor und Carbon-Riemenantrieb in Ozeangr\u00fcn und Glanzschwarz. Entwickelt f\u00fcr sanfte, effiziente Fahrten, vereint es fortschrittliche Technologie mit elegantem Stil f\u00fcr ein au\u00dfergew\u00f6hnliches Fahrraderlebnis. <\/p>\n\n\n\n<div class=\"wp-block-buttons is-content-justification-left is-layout-flex wp-container-core-buttons-is-layout-fdcfc74e wp-block-buttons-is-layout-flex\">\n<div class=\"wp-block-button is-style-fill\"><a class=\"wp-block-button__link wp-element-button\" href=\"#\">Jetzt einkaufen<\/a><\/div>\n<\/div>\n<\/div>\n<\/div>\n<\/div>\n\n\n\n<div class=\"wp-block-group alignfull has-tertiary-background-color has-background is-layout-constrained wp-container-core-group-is-layout-dddc33e4 wp-block-group-is-layout-constrained\" style=\"margin-top:0;margin-bottom:0;padding-top:var(--wp--preset--spacing--50);padding-right:var(--wp--preset--spacing--30);padding-bottom:var(--wp--preset--spacing--60);padding-left:var(--wp--preset--spacing--30)\">\n<div class=\"wp-block-group alignwide is-vertical is-layout-flex wp-container-core-group-is-layout-8cf370e7 wp-block-group-is-layout-flex\">\n<div class=\"wp-block-group is-layout-constrained wp-block-group-is-layout-constrained\">\n<h2 class=\"wp-block-heading has-large-font-size\">Entdecken Sie Bellitanner E-Bikes<\/h2>\n\n\n\n<p style=\"margin-top:16px\">Wir stellen drei Premium-E-Bike-Modelle vor, die f\u00fcr Leistung und Stil entwickelt wurden.<\/p>\n<\/div>\n<\/div>\n\n\n\n<div class=\"wp-block-columns alignwide is-layout-flex wp-container-core-columns-is-layout-30f78326 wp-block-columns-is-layout-flex\">\n<div class=\"wp-block-column is-layout-flow wp-block-column-is-layout-flow\">\n<figure class=\"wp-block-image size-large\"><img loading=\"lazy\" decoding=\"async\" width=\"1024\" height=\"768\" src=\"https:\/\/thehandlebar.biz\/wp-content\/uploads\/2025\/09\/486661610_1251594903642894_2514315263353199410_n-1024x768.jpg\" alt=\"\" class=\"wp-image-289\" style=\"aspect-ratio:1;object-fit:cover\" srcset=\"https:\/\/thehandlebar.biz\/wp-content\/uploads\/2025\/09\/486661610_1251594903642894_2514315263353199410_n-1024x768.jpg 1024w, https:\/\/thehandlebar.biz\/wp-content\/uploads\/2025\/09\/486661610_1251594903642894_2514315263353199410_n-300x225.jpg 300w, https:\/\/thehandlebar.biz\/wp-content\/uploads\/2025\/09\/486661610_1251594903642894_2514315263353199410_n-768x576.jpg 768w, https:\/\/thehandlebar.biz\/wp-content\/uploads\/2025\/09\/486661610_1251594903642894_2514315263353199410_n-1536x1152.jpg 1536w, https:\/\/thehandlebar.biz\/wp-content\/uploads\/2025\/09\/486661610_1251594903642894_2514315263353199410_n-600x450.jpg 600w, https:\/\/thehandlebar.biz\/wp-content\/uploads\/2025\/09\/486661610_1251594903642894_2514315263353199410_n.jpg 2048w\" sizes=\"(max-width: 1024px) 100vw, 1024px\" \/><\/figure>\n<\/div>\n\n\n\n<div class=\"wp-block-column is-layout-flow wp-block-column-is-layout-flow\">\n<div class=\"wp-block-group is-layout-constrained wp-block-group-is-layout-constrained\">\n<h3 class=\"wp-block-heading\" style=\"font-size:20px;line-height:1.5\">Modell Herren V1<\/h3>\n\n\n\n<p class=\"has-small-font-size\" style=\"margin-top:8px\">250-Watt-Mittelmotor gepaart mit Carbon-Riemenantrieb in Ozeangr\u00fcn oder Glanzschwarz.<\/p>\n<\/div>\n\n\n\n<div class=\"wp-block-group is-layout-constrained wp-block-group-is-layout-constrained\">\n<h3 class=\"wp-block-heading\" style=\"font-size:20px;line-height:1.5\">Damen V1 Singlespeed<\/h3>\n\n\n\n<p class=\"has-small-font-size\" style=\"margin-top:8px\">Leichtbauweise, speziell f\u00fcr Damen, mit 5-Gang-Bafang-Hinterradnabe und Zubeh\u00f6r.<\/p>\n<\/div>\n\n\n\n<div class=\"wp-block-group is-layout-constrained wp-block-group-is-layout-constrained\">\n<h3 class=\"wp-block-heading\" style=\"font-size:20px;line-height:1.5\">Herren V1 Singlespeed<\/h3>\n\n\n\n<p class=\"has-small-font-size\" style=\"margin-top:8px\">Aluminiumrahmen, 5-Gang-Bafang-Nabe, ausgestattet mit Schutzblechen und integrierter Beleuchtung.<\/p>\n<\/div>\n<\/div>\n\n\n\n<div class=\"wp-block-column is-layout-flow wp-block-column-is-layout-flow\">\n<div class=\"wp-block-group is-layout-constrained wp-block-group-is-layout-constrained\">\n<h3 class=\"wp-block-heading\" style=\"font-size:20px;line-height:1.5\">Fortschrittliche Komponenten<\/h3>\n\n\n\n<p class=\"has-small-font-size\" style=\"margin-top:8px\">Modernste Technologie sorgt jedes Mal f\u00fcr eine reibungslose und effiziente Fahrt.<\/p>\n<\/div>\n\n\n\n<div class=\"wp-block-group is-layout-constrained wp-block-group-is-layout-constrained\">\n<h3 class=\"wp-block-heading\" style=\"font-size:20px;line-height:1.5\">Elegantes Design<\/h3>\n\n\n\n<p class=\"has-small-font-size\" style=\"margin-top:8px\">Modernes Design kombiniert mit langlebigen Materialien f\u00fcr ein erstklassiges E-Bike-Erlebnis.<\/p>\n<\/div>\n<\/div>\n<\/div>\n<\/div>\n\n\n\n<div class=\"wp-block-group alignfull has-background-background-color has-background is-layout-constrained wp-container-core-group-is-layout-392eb801 wp-block-group-is-layout-constrained\" style=\"margin-top:0;margin-bottom:0;padding-top:var(--wp--preset--spacing--60);padding-right:var(--wp--preset--spacing--30);padding-bottom:var(--wp--preset--spacing--60);padding-left:var(--wp--preset--spacing--30)\">\n<div class=\"wp-block-group alignwide is-vertical is-layout-flex wp-container-core-group-is-layout-8cf370e7 wp-block-group-is-layout-flex\">\n<div class=\"wp-block-group is-layout-constrained wp-block-group-is-layout-constrained\">\n<h2 class=\"wp-block-heading has-large-font-size\">Entdecken Sie die Bellitanner E-Bikes<\/h2>\n\n\n\n<p style=\"margin-top:16px\">Durchsuchen Sie Bilder unserer drei verschiedenen Bellitanner E-Bike-Modelle, die fortschrittliche Komponenten und elegantes Design hervorheben.<\/p>\n<\/div>\n<\/div>\n\n\n\n<figure class=\"wp-block-gallery alignwide has-nested-images columns-default is-cropped wp-block-gallery-1 is-layout-flex wp-block-gallery-is-layout-flex\">\n<figure data-wp-context=\"{&quot;imageId&quot;:&quot;69f48929bdc4f&quot;}\" data-wp-interactive=\"core\/image\" data-wp-key=\"69f48929bdc4f\" class=\"wp-block-image size-large wp-lightbox-container\"><img loading=\"lazy\" decoding=\"async\" width=\"1024\" height=\"536\" data-wp-class--hide=\"state.isContentHidden\" data-wp-class--show=\"state.isContentVisible\" data-wp-init=\"callbacks.setButtonStyles\" data-wp-on--click=\"actions.showLightbox\" data-wp-on--load=\"callbacks.setButtonStyles\" data-wp-on-window--resize=\"callbacks.setButtonStyles\" data-id=\"296\" src=\"https:\/\/thehandlebar.biz\/wp-content\/uploads\/2025\/09\/490525085_1251594253642959_2574083738600359440_n-e1746203512839-1024x536.jpg\" alt=\"\" class=\"wp-image-296\" srcset=\"https:\/\/thehandlebar.biz\/wp-content\/uploads\/2025\/09\/490525085_1251594253642959_2574083738600359440_n-e1746203512839-1024x536.jpg 1024w, https:\/\/thehandlebar.biz\/wp-content\/uploads\/2025\/09\/490525085_1251594253642959_2574083738600359440_n-e1746203512839-300x157.jpg 300w, https:\/\/thehandlebar.biz\/wp-content\/uploads\/2025\/09\/490525085_1251594253642959_2574083738600359440_n-e1746203512839-768x402.jpg 768w, https:\/\/thehandlebar.biz\/wp-content\/uploads\/2025\/09\/490525085_1251594253642959_2574083738600359440_n-e1746203512839-1536x804.jpg 1536w, https:\/\/thehandlebar.biz\/wp-content\/uploads\/2025\/09\/490525085_1251594253642959_2574083738600359440_n-e1746203512839-600x314.jpg 600w, https:\/\/thehandlebar.biz\/wp-content\/uploads\/2025\/09\/490525085_1251594253642959_2574083738600359440_n-e1746203512839.jpg 2048w\" sizes=\"(max-width: 1024px) 100vw, 1024px\" \/><button\n\t\t\tclass=\"lightbox-trigger\"\n\t\t\ttype=\"button\"\n\t\t\taria-haspopup=\"dialog\"\n\t\t\taria-label=\"Vergr\u00f6\u00dfern\"\n\t\t\tdata-wp-init=\"callbacks.initTriggerButton\"\n\t\t\tdata-wp-on--click=\"actions.showLightbox\"\n\t\t\tdata-wp-style--right=\"state.imageButtonRight\"\n\t\t\tdata-wp-style--top=\"state.imageButtonTop\"\n\t\t>\n\t\t\t<svg xmlns=\"http:\/\/www.w3.org\/2000\/svg\" width=\"12\" height=\"12\" fill=\"none\" viewBox=\"0 0 12 12\">\n\t\t\t\t<path fill=\"#fff\" d=\"M2 0a2 2 0 0 0-2 2v2h1.5V2a.5.5 0 0 1 .5-.5h2V0H2Zm2 10.5H2a.5.5 0 0 1-.5-.5V8H0v2a2 2 0 0 0 2 2h2v-1.5ZM8 12v-1.5h2a.5.5 0 0 0 .5-.5V8H12v2a2 2 0 0 1-2 2H8Zm2-12a2 2 0 0 1 2 2v2h-1.5V2a.5.5 0 0 0-.5-.5H8V0h2Z\" \/>\n\t\t\t<\/svg>\n\t\t<\/button><\/figure>\n\n\n\n<figure data-wp-context=\"{&quot;imageId&quot;:&quot;69f48929be152&quot;}\" data-wp-interactive=\"core\/image\" data-wp-key=\"69f48929be152\" class=\"wp-block-image size-large wp-lightbox-container\"><img loading=\"lazy\" decoding=\"async\" width=\"768\" height=\"1024\" data-wp-class--hide=\"state.isContentHidden\" data-wp-class--show=\"state.isContentVisible\" data-wp-init=\"callbacks.setButtonStyles\" data-wp-on--click=\"actions.showLightbox\" data-wp-on--load=\"callbacks.setButtonStyles\" data-wp-on-window--resize=\"callbacks.setButtonStyles\" data-id=\"280\" src=\"https:\/\/thehandlebar.biz\/wp-content\/uploads\/2025\/09\/IMG_7940-768x1024.jpeg\" alt=\"\" class=\"wp-image-280\" srcset=\"https:\/\/thehandlebar.biz\/wp-content\/uploads\/2025\/09\/IMG_7940-768x1024.jpeg 768w, https:\/\/thehandlebar.biz\/wp-content\/uploads\/2025\/09\/IMG_7940-225x300.jpeg 225w, https:\/\/thehandlebar.biz\/wp-content\/uploads\/2025\/09\/IMG_7940-1152x1536.jpeg 1152w, https:\/\/thehandlebar.biz\/wp-content\/uploads\/2025\/09\/IMG_7940-1536x2048.jpeg 1536w, https:\/\/thehandlebar.biz\/wp-content\/uploads\/2025\/09\/IMG_7940-600x800.jpeg 600w, https:\/\/thehandlebar.biz\/wp-content\/uploads\/2025\/09\/IMG_7940-scaled.jpeg 1920w\" sizes=\"(max-width: 768px) 100vw, 768px\" \/><button\n\t\t\tclass=\"lightbox-trigger\"\n\t\t\ttype=\"button\"\n\t\t\taria-haspopup=\"dialog\"\n\t\t\taria-label=\"Vergr\u00f6\u00dfern\"\n\t\t\tdata-wp-init=\"callbacks.initTriggerButton\"\n\t\t\tdata-wp-on--click=\"actions.showLightbox\"\n\t\t\tdata-wp-style--right=\"state.imageButtonRight\"\n\t\t\tdata-wp-style--top=\"state.imageButtonTop\"\n\t\t>\n\t\t\t<svg xmlns=\"http:\/\/www.w3.org\/2000\/svg\" width=\"12\" height=\"12\" fill=\"none\" viewBox=\"0 0 12 12\">\n\t\t\t\t<path fill=\"#fff\" d=\"M2 0a2 2 0 0 0-2 2v2h1.5V2a.5.5 0 0 1 .5-.5h2V0H2Zm2 10.5H2a.5.5 0 0 1-.5-.5V8H0v2a2 2 0 0 0 2 2h2v-1.5ZM8 12v-1.5h2a.5.5 0 0 0 .5-.5V8H12v2a2 2 0 0 1-2 2H8Zm2-12a2 2 0 0 1 2 2v2h-1.5V2a.5.5 0 0 0-.5-.5H8V0h2Z\" \/>\n\t\t\t<\/svg>\n\t\t<\/button><\/figure>\n\n\n\n<figure data-wp-context=\"{&quot;imageId&quot;:&quot;69f48929be693&quot;}\" data-wp-interactive=\"core\/image\" data-wp-key=\"69f48929be693\" class=\"wp-block-image size-large wp-lightbox-container\"><img loading=\"lazy\" decoding=\"async\" width=\"1024\" height=\"768\" data-wp-class--hide=\"state.isContentHidden\" data-wp-class--show=\"state.isContentVisible\" data-wp-init=\"callbacks.setButtonStyles\" data-wp-on--click=\"actions.showLightbox\" data-wp-on--load=\"callbacks.setButtonStyles\" data-wp-on-window--resize=\"callbacks.setButtonStyles\" data-id=\"276\" src=\"https:\/\/thehandlebar.biz\/wp-content\/uploads\/2025\/09\/mens-v-1-1024x768.jpg\" alt=\"\" class=\"wp-image-276\" srcset=\"https:\/\/thehandlebar.biz\/wp-content\/uploads\/2025\/09\/mens-v-1-1024x768.jpg 1024w, https:\/\/thehandlebar.biz\/wp-content\/uploads\/2025\/09\/mens-v-1-300x225.jpg 300w, https:\/\/thehandlebar.biz\/wp-content\/uploads\/2025\/09\/mens-v-1-768x576.jpg 768w, https:\/\/thehandlebar.biz\/wp-content\/uploads\/2025\/09\/mens-v-1-1536x1152.jpg 1536w, https:\/\/thehandlebar.biz\/wp-content\/uploads\/2025\/09\/mens-v-1-600x450.jpg 600w, https:\/\/thehandlebar.biz\/wp-content\/uploads\/2025\/09\/mens-v-1.jpg 2048w\" sizes=\"(max-width: 1024px) 100vw, 1024px\" \/><button\n\t\t\tclass=\"lightbox-trigger\"\n\t\t\ttype=\"button\"\n\t\t\taria-haspopup=\"dialog\"\n\t\t\taria-label=\"Vergr\u00f6\u00dfern\"\n\t\t\tdata-wp-init=\"callbacks.initTriggerButton\"\n\t\t\tdata-wp-on--click=\"actions.showLightbox\"\n\t\t\tdata-wp-style--right=\"state.imageButtonRight\"\n\t\t\tdata-wp-style--top=\"state.imageButtonTop\"\n\t\t>\n\t\t\t<svg xmlns=\"http:\/\/www.w3.org\/2000\/svg\" width=\"12\" height=\"12\" fill=\"none\" viewBox=\"0 0 12 12\">\n\t\t\t\t<path fill=\"#fff\" d=\"M2 0a2 2 0 0 0-2 2v2h1.5V2a.5.5 0 0 1 .5-.5h2V0H2Zm2 10.5H2a.5.5 0 0 1-.5-.5V8H0v2a2 2 0 0 0 2 2h2v-1.5ZM8 12v-1.5h2a.5.5 0 0 0 .5-.5V8H12v2a2 2 0 0 1-2 2H8Zm2-12a2 2 0 0 1 2 2v2h-1.5V2a.5.5 0 0 0-.5-.5H8V0h2Z\" \/>\n\t\t\t<\/svg>\n\t\t<\/button><\/figure>\n\n\n\n<figure data-wp-context=\"{&quot;imageId&quot;:&quot;69f48929bebb2&quot;}\" data-wp-interactive=\"core\/image\" data-wp-key=\"69f48929bebb2\" class=\"wp-block-image size-large wp-lightbox-container\"><img decoding=\"async\" data-wp-class--hide=\"state.isContentHidden\" data-wp-class--show=\"state.isContentVisible\" data-wp-init=\"callbacks.setButtonStyles\" data-wp-on--click=\"actions.showLightbox\" data-wp-on--load=\"callbacks.setButtonStyles\" data-wp-on-window--resize=\"callbacks.setButtonStyles\" data-id=\"282\" src=\"https:\/\/thehandlebar.biz\/wp-content\/uploads\/2025\/09\/IMG_7938-768x1024.jpeg\" alt=\"\" class=\"wp-image-282\"><button\n\t\t\tclass=\"lightbox-trigger\"\n\t\t\ttype=\"button\"\n\t\t\taria-haspopup=\"dialog\"\n\t\t\taria-label=\"Vergr\u00f6\u00dfern\"\n\t\t\tdata-wp-init=\"callbacks.initTriggerButton\"\n\t\t\tdata-wp-on--click=\"actions.showLightbox\"\n\t\t\tdata-wp-style--right=\"state.imageButtonRight\"\n\t\t\tdata-wp-style--top=\"state.imageButtonTop\"\n\t\t>\n\t\t\t<svg xmlns=\"http:\/\/www.w3.org\/2000\/svg\" width=\"12\" height=\"12\" fill=\"none\" viewBox=\"0 0 12 12\">\n\t\t\t\t<path fill=\"#fff\" d=\"M2 0a2 2 0 0 0-2 2v2h1.5V2a.5.5 0 0 1 .5-.5h2V0H2Zm2 10.5H2a.5.5 0 0 1-.5-.5V8H0v2a2 2 0 0 0 2 2h2v-1.5ZM8 12v-1.5h2a.5.5 0 0 0 .5-.5V8H12v2a2 2 0 0 1-2 2H8Zm2-12a2 2 0 0 1 2 2v2h-1.5V2a.5.5 0 0 0-.5-.5H8V0h2Z\" \/>\n\t\t\t<\/svg>\n\t\t<\/button><\/figure>\n<\/figure>\n<\/div>\n\n\n\n<div class=\"wp-block-group alignfull has-tertiary-background-color has-background is-layout-constrained wp-container-core-group-is-layout-512a02c9 wp-block-group-is-layout-constrained\" style=\"margin-top:0;margin-bottom:0;padding-top:var(--wp--preset--spacing--60);padding-right:var(--wp--preset--spacing--30);padding-bottom:var(--wp--preset--spacing--60);padding-left:var(--wp--preset--spacing--30)\">\n<p class=\"has-text-align-center has-large-font-size\" style=\"font-style:normal;font-weight:500;line-height:1.3\">Entdecken Sie, warum Fahrer Bellitanner E-Bikes f\u00fcr un\u00fcbertroffene Leistung und elegantes Design vertrauen.<\/p>\n\n\n\n<figure class=\"wp-block-image aligncenter is-style-rounded\"><img loading=\"lazy\" decoding=\"async\" width=\"96\" height=\"96\" class=\"wp-image-1271\" src=\"https:\/\/thehandlebar.biz\/wp-content\/uploads\/2025\/10\/960323d54ea403b0d928aee2dbc22a993ebe185c.jpg\" alt=\"\" style=\"aspect-ratio:1;object-fit:cover\"><\/figure>\n\n\n\n<h4 class=\"wp-block-heading has-text-align-center\" style=\"margin-top:18px;font-size:18px\">Alex Turner<\/h4>\n\n\n\n<p class=\"has-text-align-center has-small-font-size\" style=\"margin-top:4px\">Urbaner Pendler<\/p>\n<\/div>\n\n\n\n<div class=\"wp-block-group alignfull has-background-background-color has-background is-layout-constrained wp-container-core-group-is-layout-47a6ea52 wp-block-group-is-layout-constrained\" style=\"margin-top:0;margin-bottom:0;padding-top:var(--wp--preset--spacing--60);padding-right:var(--wp--preset--spacing--30);padding-bottom:var(--wp--preset--spacing--60);padding-left:var(--wp--preset--spacing--30)\">\n<div class=\"wp-block-media-text alignwide has-media-on-the-right is-stacked-on-mobile is-vertically-aligned-center is-image-fill-element\" style=\"padding-right:0;padding-left:0;grid-template-columns:auto 40%\"><div class=\"wp-block-media-text__content\">\n<div class=\"wp-block-group is-content-justification-left is-layout-constrained wp-container-core-group-is-layout-9a0c8d9f wp-block-group-is-layout-constrained\" style=\"padding-top:var(--wp--preset--spacing--30);padding-right:0;padding-bottom:var(--wp--preset--spacing--30);padding-left:0\">\n<h2 class=\"wp-block-heading has-large-font-size\">Entdecken Sie die Bellitanner E-Bike-Kollektion<\/h2>\n\n\n\n<p style=\"margin-top:16px\">Entdecken Sie drei Premium-E-Bike-Modelle, die f\u00fcr Stil, Leistung und Innovation entwickelt wurden.<\/p>\n\n\n\n<ul style=\"line-height:2\" class=\"wp-block-list has-small-font-size\">\n<li>Herren V1 \u2013 Carbon-Riemenantrieb<\/li>\n\n\n\n<li>Herren V1 Singlespeed \u2013 leicht und vielseitig<\/li>\n\n\n\n<li>Damen V1 Singlespeed \u2013 ma\u00dfgeschneiderte Eleganz<\/li>\n\n\n\n<li>Fortschrittliches 250-Watt-Mittelmotorsystem<\/li>\n\n\n\n<li>Integrierte Schutzbleche und Beleuchtung<\/li>\n<\/ul>\n\n\n\n<div class=\"wp-block-buttons is-layout-flex wp-block-buttons-is-layout-flex\" style=\"margin-top:var(--wp--preset--spacing--40)\">\n<div class=\"wp-block-button\"><a class=\"wp-block-button__link wp-element-button\" href=\"#\">Kollektion durchsuchen<\/a><\/div>\n<\/div>\n<\/div>\n<\/div><figure class=\"wp-block-media-text__media\"><img loading=\"lazy\" decoding=\"async\" width=\"768\" height=\"1024\" src=\"https:\/\/thehandlebar.biz\/wp-content\/uploads\/2025\/09\/cbe11650-534d-4275-9b88-3b8867a89aa9-768x1024.jpeg\" alt=\"\" class=\"wp-image-293 size-full\" style=\"object-position:50% 50%\" srcset=\"https:\/\/thehandlebar.biz\/wp-content\/uploads\/2025\/09\/cbe11650-534d-4275-9b88-3b8867a89aa9-768x1024.jpeg 768w, https:\/\/thehandlebar.biz\/wp-content\/uploads\/2025\/09\/cbe11650-534d-4275-9b88-3b8867a89aa9-225x300.jpeg 225w, https:\/\/thehandlebar.biz\/wp-content\/uploads\/2025\/09\/cbe11650-534d-4275-9b88-3b8867a89aa9-1152x1536.jpeg 1152w, https:\/\/thehandlebar.biz\/wp-content\/uploads\/2025\/09\/cbe11650-534d-4275-9b88-3b8867a89aa9-600x800.jpeg 600w, https:\/\/thehandlebar.biz\/wp-content\/uploads\/2025\/09\/cbe11650-534d-4275-9b88-3b8867a89aa9.jpeg 1200w\" sizes=\"(max-width: 768px) 100vw, 768px\" \/><\/figure><\/div>\n<\/div>\n","protected":false},"excerpt":{"rendered":"<p>Herren V1 E-Bike Entdecken Sie das Herren V1, mit einem leistungsstarken 250-Watt-Mittelmotor und Carbon-Riemenantrieb in Ozeangr\u00fcn und Glanzschwarz. Entwickelt f\u00fcr sanfte, effiziente Fahrten, vereint es fortschrittliche Technologie mit elegantem Stil f\u00fcr ein au\u00dfergew\u00f6hnliches Fahrraderlebnis. Entdecken Sie Bellitanner E-Bikes Wir stellen drei Premium-E-Bike-Modelle vor, die f\u00fcr Leistung und Stil entwickelt wurden. Modell Herren V1 250-Watt-Mittelmotor gepaart [&hellip;]<\/p>\n","protected":false},"author":1,"featured_media":0,"parent":0,"menu_order":0,"comment_status":"closed","ping_status":"closed","template":"","meta":{"_et_pb_use_builder":"","_et_pb_old_content":"","_et_gb_content_width":"","footnotes":""},"class_list":["post-2318","page","type-page","status-publish","hentry"],"_links":{"self":[{"href":"https:\/\/thehandlebar.biz\/de\/wp-json\/wp\/v2\/pages\/2318","targetHints":{"allow":["GET"]}}],"collection":[{"href":"https:\/\/thehandlebar.biz\/de\/wp-json\/wp\/v2\/pages"}],"about":[{"href":"https:\/\/thehandlebar.biz\/de\/wp-json\/wp\/v2\/types\/page"}],"author":[{"embeddable":true,"href":"https:\/\/thehandlebar.biz\/de\/wp-json\/wp\/v2\/users\/1"}],"replies":[{"embeddable":true,"href":"https:\/\/thehandlebar.biz\/de\/wp-json\/wp\/v2\/comments?post=2318"}],"version-history":[{"count":1,"href":"https:\/\/thehandlebar.biz\/de\/wp-json\/wp\/v2\/pages\/2318\/revisions"}],"predecessor-version":[{"id":2320,"href":"https:\/\/thehandlebar.biz\/de\/wp-json\/wp\/v2\/pages\/2318\/revisions\/2320"}],"wp:attachment":[{"href":"https:\/\/thehandlebar.biz\/de\/wp-json\/wp\/v2\/media?parent=2318"}],"curies":[{"name":"wp","href":"https:\/\/api.w.org\/{rel}","templated":true}]}}