{"id":2373,"date":"2025-10-03T15:54:19","date_gmt":"2025-10-03T15:54:19","guid":{"rendered":"https:\/\/thehandlebar.biz\/super-mighty\/"},"modified":"2025-10-03T15:54:19","modified_gmt":"2025-10-03T15:54:19","slug":"super-mighty","status":"publish","type":"page","link":"https:\/\/thehandlebar.biz\/de\/super-mighty\/","title":{"rendered":"SUPER MIGHTY"},"content":{"rendered":"<p>[et_pb_section fb_built=&#8221;1&#8243; admin_label=&#8221;Hero&#8221; _builder_version=&#8221;4.17.6&#8243; _module_preset=&#8221;default&#8221; locked=&#8221;off&#8221; collapsed=&#8221;on&#8221; global_colors_info=&#8221;{}&#8221;][et_pb_row column_structure=&#8221;1_2,1_2&#8243; _builder_version=&#8221;4.24.2&#8243; _module_preset=&#8221;5138c454-be54-4233-bd3b-f8e6a8747976&#8243; locked=&#8221;off&#8221; global_colors_info=&#8221;{}&#8221;][et_pb_column type=&#8221;1_2&#8243; _builder_version=&#8221;4.23.1&#8243; _module_preset=&#8221;73121f80-a3ef-4484-8763-c3f18e3c56d2&#8243; global_colors_info=&#8221;{}&#8221;][et_pb_heading title=&#8221;Entdecken Sie die Zukunft des Transports&#8221; _builder_version=&#8221;4.24.2&#8243; _module_preset=&#8221;f0c675ea-2574-4d0e-b725-30f8550a8550&#8243; title_level=&#8221;h4&#8243; title_font=&#8221;Poppins|Abril Fatface_weight||on|||||&#8221; title_text_color=&#8221;#22577a&#8221; title_font_size=&#8221;14px&#8221; title_letter_spacing=&#8221;1px&#8221; title_line_height=&#8221;1.4em&#8221; custom_margin=&#8221;||10px||false|false&#8221; title_font_size_tablet=&#8221;13px&#8221; title_font_size_phone=&#8221;13px&#8221; title_font_size_last_edited=&#8221;on|desktop&#8221; locked=&#8221;off&#8221; global_colors_info=&#8221;{%22#22577a%22:%91%22title_text_color%22%93}&#8221;][\/et_pb_heading][et_pb_heading title=&#8221;Super Might Mini Lastenrad: kompakt, leicht, vielseitig&#8221; _builder_version=&#8221;4.24.3&#8243; _module_preset=&#8221;ddeb8c09-9078-4424-bc15-2efb6572e28e&#8221; title_font=&#8221;Abril Fatface|Abril Fatface_weight|||||||&#8221; title_text_color=&#8221;#0e0c19&#8243; title_font_size=&#8221;72px&#8221; title_line_height=&#8221;1.15em&#8221; title_font_size_tablet=&#8221;40px&#8221; title_font_size_phone=&#8221;24px&#8221; title_font_size_last_edited=&#8221;on|phone&#8221; locked=&#8221;off&#8221; global_colors_info=&#8221;{}&#8221;][\/et_pb_heading][et_pb_text quote_border_color=&#8221;#57cc99&#8243; _builder_version=&#8221;4.24.2&#8243; _module_preset=&#8221;2c55a9c4-feed-423b-9edb-ae0b5b365cac&#8221; text_font=&#8221;Poppins|Poppins_weight|||||||&#8221; text_text_color=&#8221;#3c3a47&#8243; text_font_size=&#8221;16px&#8221; text_line_height=&#8221;1.75em&#8221; link_font=&#8221;|Poppins_weight|||||||&#8221; link_text_color=&#8221;#22577a&#8221; quote_font=&#8221;Abril Fatface|Abril Fatface_weight|||||||&#8221; quote_text_color=&#8221;#0e0c19&#8243; header_font=&#8221;Abril Fatface|Abril Fatface_weight|||||||&#8221; header_text_color=&#8221;#0e0c19&#8243; header_font_size=&#8221;72px&#8221; header_line_height=&#8221;1.15em&#8221; header_2_font=&#8221;Abril Fatface|Abril Fatface_weight|||||||&#8221; header_2_text_color=&#8221;#0e0c19&#8243; header_2_font_size=&#8221;50px&#8221; header_2_line_height=&#8221;1.2em&#8221; header_3_font=&#8221;Abril Fatface|Abril Fatface_weight|||||||&#8221; header_3_text_color=&#8221;#0e0c19&#8243; header_3_font_size=&#8221;32px&#8221; header_3_line_height=&#8221;1.3em&#8221; header_4_font=&#8221;Abril Fatface|Abril Fatface_weight|||||||&#8221; header_4_text_color=&#8221;#0e0c19&#8243; header_4_font_size=&#8221;24px&#8221; header_4_line_height=&#8221;1.4em&#8221; header_5_font=&#8221;Abril Fatface|Abril Fatface_weight|||||||&#8221; header_5_text_color=&#8221;#0e0c19&#8243; header_5_font_size=&#8221;18px&#8221; header_5_line_height=&#8221;1.4em&#8221; header_6_font=&#8221;Abril Fatface|Abril Fatface_weight|||||||&#8221; header_6_text_color=&#8221;#0e0c19&#8243; header_6_line_height=&#8221;1.5em&#8221; custom_margin=&#8221;||||false|false&#8221; text_font_size_tablet=&#8221;15px&#8221; text_font_size_phone=&#8221;14px&#8221; text_font_size_last_edited=&#8221;on|phone&#8221; header_font_size_tablet=&#8221;40px&#8221; header_font_size_phone=&#8221;24px&#8221; header_font_size_last_edited=&#8221;on|desktop&#8221; header_2_font_size_tablet=&#8221;28px&#8221; header_2_font_size_phone=&#8221;20px&#8221; header_2_font_size_last_edited=&#8221;on|phone&#8221; header_3_font_size_tablet=&#8221;22px&#8221; header_3_font_size_phone=&#8221;17px&#8221; header_3_font_size_last_edited=&#8221;on|phone&#8221; header_4_font_size_tablet=&#8221;18px&#8221; header_4_font_size_phone=&#8221;15px&#8221; header_4_font_size_last_edited=&#8221;on|tablet&#8221; header_5_font_size_tablet=&#8221;15px&#8221; header_5_font_size_phone=&#8221;14px&#8221; header_5_font_size_last_edited=&#8221;on|desktop&#8221; header_6_font_size_tablet=&#8221;13px&#8221; header_6_font_size_phone=&#8221;13px&#8221; header_6_font_size_last_edited=&#8221;on|desktop&#8221; locked=&#8221;off&#8221; global_colors_info=&#8221;{}&#8221;]<\/p>\n<p>Erleben Sie grenzenlose Mobilit\u00e4t mit unserem innovativen Cargobike, das sich durch Leichtigkeit und Vielseitigkeit auszeichnet. Perfekt f\u00fcr urbane Abenteuer und den t\u00e4glichen Einsatz. <\/p>\n<p>[\/et_pb_text][et_pb_button button_text=&#8221;Jetzt Bestellen&#8221; _builder_version=&#8221;4.27.4&#8243; _module_preset=&#8221;1bffc0fc-42a0-49d1-bd9a-ae3ade2d7206&#8243; custom_button=&#8221;on&#8221; button_text_size=&#8221;14px&#8221; button_text_color=&#8221;#FFFFFF&#8221; button_bg_color=&#8221;#22577a&#8221; button_border_width=&#8221;0px&#8221; button_border_radius=&#8221;100px&#8221; button_font=&#8221;Poppins|700|||||||&#8221; custom_padding=&#8221;12px|24px|12px|24px|true|true&#8221; hover_enabled=&#8221;0&#8243; locked=&#8221;off&#8221; global_colors_info=&#8221;{}&#8221; custom_padding__hover_enabled=&#8221;off|desktop&#8221; custom_padding__hover=&#8221;|28px||20px|true|false&#8221; button_url=&#8221;https:\/\/thehandlebar.biz\/produkt\/super-mighty-cargo\/&#8221; sticky_enabled=&#8221;0&#8243;][\/et_pb_button][\/et_pb_column][et_pb_column type=&#8221;1_2&#8243; _builder_version=&#8221;4.23.1&#8243; _module_preset=&#8221;73121f80-a3ef-4484-8763-c3f18e3c56d2&#8243; global_colors_info=&#8221;{}&#8221;][et_pb_image src=&#8221;https:\/\/thehandlebar.biz\/wp-content\/uploads\/2025\/10\/41.webp&#8221; title_text=&#8221;41&#8243; _builder_version=&#8221;4.27.4&#8243; _module_preset=&#8221;1cc6152f-565c-4c4d-b0c9-cf8c9576c341&#8243; border_radii=&#8221;on|6px|6px|6px|6px&#8221; box_shadow_style=&#8221;preset4&#8243; box_shadow_horizontal=&#8221;0px&#8221; box_shadow_vertical=&#8221;24px&#8221; box_shadow_blur=&#8221;72px&#8221; box_shadow_spread=&#8221;-12px&#8221; box_shadow_color=&#8221;rgba(0,0,0,0.12)&#8221; locked=&#8221;off&#8221; global_colors_info=&#8221;{}&#8221;][\/et_pb_image][\/et_pb_column][\/et_pb_row][\/et_pb_section][et_pb_section fb_built=&#8221;1&#8243; admin_label=&#8221;Features&#8221; _builder_version=&#8221;4.17.6&#8243; _module_preset=&#8221;default&#8221; locked=&#8221;off&#8221; collapsed=&#8221;on&#8221; global_colors_info=&#8221;{}&#8221;][et_pb_row _builder_version=&#8221;4.17.6&#8243; _module_preset=&#8221;5138c454-be54-4233-bd3b-f8e6a8747976&#8243; locked=&#8221;off&#8221; global_colors_info=&#8221;{}&#8221;][et_pb_column type=&#8221;4_4&#8243; _builder_version=&#8221;4.17.3&#8243; _module_preset=&#8221;73121f80-a3ef-4484-8763-c3f18e3c56d2&#8243; global_colors_info=&#8221;{}&#8221;][et_pb_heading title=&#8221;Hauptmerkmale des Super Might Mini Lastenrads&#8221; _builder_version=&#8221;4.24.2&#8243; _module_preset=&#8221;c33f07d9-41e0-421a-8799-5799df695cce&#8221; title_level=&#8221;h2&#8243; title_font=&#8221;Abril Fatface|Abril Fatface_weight|||||||&#8221; title_text_align=&#8221;center&#8221; title_text_color=&#8221;#0e0c19&#8243; title_font_size=&#8221;50px&#8221; title_line_height=&#8221;1.2em&#8221; custom_margin=&#8221;||10px||false|false&#8221; title_font_size_tablet=&#8221;28px&#8221; title_font_size_phone=&#8221;20px&#8221; title_font_size_last_edited=&#8221;on|phone&#8221; locked=&#8221;off&#8221; global_colors_info=&#8221;{}&#8221;][\/et_pb_heading][et_pb_text quote_border_color=&#8221;#57cc99&#8243; _builder_version=&#8221;4.24.3&#8243; _module_preset=&#8221;2c55a9c4-feed-423b-9edb-ae0b5b365cac&#8221; text_font=&#8221;Poppins|Poppins_weight|||||||&#8221; text_text_color=&#8221;#3c3a47&#8243; text_font_size=&#8221;16px&#8221; text_line_height=&#8221;1.75em&#8221; link_font=&#8221;|Poppins_weight|||||||&#8221; link_text_color=&#8221;#22577a&#8221; quote_font=&#8221;Abril Fatface|Abril Fatface_weight|||||||&#8221; quote_text_color=&#8221;#0e0c19&#8243; header_font=&#8221;Abril Fatface|Abril Fatface_weight|||||||&#8221; header_text_color=&#8221;#0e0c19&#8243; header_font_size=&#8221;72px&#8221; header_line_height=&#8221;1.15em&#8221; header_2_font=&#8221;Abril Fatface|Abril Fatface_weight|||||||&#8221; header_2_text_color=&#8221;#0e0c19&#8243; header_2_font_size=&#8221;50px&#8221; header_2_line_height=&#8221;1.2em&#8221; header_3_font=&#8221;Abril Fatface|Abril Fatface_weight|||||||&#8221; header_3_text_color=&#8221;#0e0c19&#8243; header_3_font_size=&#8221;32px&#8221; header_3_line_height=&#8221;1.3em&#8221; header_4_font=&#8221;Abril Fatface|Abril Fatface_weight|||||||&#8221; header_4_text_color=&#8221;#0e0c19&#8243; header_4_font_size=&#8221;24px&#8221; header_4_line_height=&#8221;1.4em&#8221; header_5_font=&#8221;Abril Fatface|Abril Fatface_weight|||||||&#8221; header_5_text_color=&#8221;#0e0c19&#8243; header_5_font_size=&#8221;18px&#8221; header_5_line_height=&#8221;1.4em&#8221; header_6_font=&#8221;Abril Fatface|Abril Fatface_weight|||||||&#8221; header_6_text_color=&#8221;#0e0c19&#8243; header_6_line_height=&#8221;1.5em&#8221; text_orientation=&#8221;center&#8221; max_width=&#8221;800px&#8221; module_alignment=&#8221;center&#8221; custom_margin=&#8221;||||false|false&#8221; text_font_size_tablet=&#8221;15px&#8221; text_font_size_phone=&#8221;14px&#8221; text_font_size_last_edited=&#8221;on|phone&#8221; header_font_size_tablet=&#8221;40px&#8221; header_font_size_phone=&#8221;24px&#8221; header_font_size_last_edited=&#8221;on|desktop&#8221; header_2_font_size_tablet=&#8221;28px&#8221; header_2_font_size_phone=&#8221;20px&#8221; header_2_font_size_last_edited=&#8221;on|phone&#8221; header_3_font_size_tablet=&#8221;22px&#8221; header_3_font_size_phone=&#8221;17px&#8221; header_3_font_size_last_edited=&#8221;on|phone&#8221; header_4_font_size_tablet=&#8221;18px&#8221; header_4_font_size_phone=&#8221;15px&#8221; header_4_font_size_last_edited=&#8221;on|tablet&#8221; header_5_font_size_tablet=&#8221;15px&#8221; header_5_font_size_phone=&#8221;14px&#8221; header_5_font_size_last_edited=&#8221;on|desktop&#8221; header_6_font_size_tablet=&#8221;13px&#8221; header_6_font_size_phone=&#8221;13px&#8221; header_6_font_size_last_edited=&#8221;on|desktop&#8221; global_colors_info=&#8221;{}&#8221;]<\/p>\n<p>Das Super Might Mini Lastenrad ist die perfekte Kombination aus Funktionalit\u00e4t und Stil. Hier sind die herausragenden Merkmale, die es zu einem unverzichtbaren Begleiter machen: <\/p>\n<p>[\/et_pb_text][\/et_pb_column][\/et_pb_row][et_pb_row column_structure=&#8221;1_2,1_2&#8243; _builder_version=&#8221;4.24.2&#8243; _module_preset=&#8221;5138c454-be54-4233-bd3b-f8e6a8747976&#8243; max_width=&#8221;800px&#8221; global_colors_info=&#8221;{}&#8221;][et_pb_column type=&#8221;1_2&#8243; _builder_version=&#8221;4.17.3&#8243; _module_preset=&#8221;73121f80-a3ef-4484-8763-c3f18e3c56d2&#8243; global_colors_info=&#8221;{}&#8221;][et_pb_blurb title=&#8221;Leichter Aluminiumrahmen&#8221; use_icon=&#8221;on&#8221; font_icon=&#8221;\ue012||divi||400&#8243; icon_color=&#8221;#22577a&#8221; image_icon_width=&#8221;32px&#8221; content_max_width=&#8221;100%&#8221; _builder_version=&#8221;4.24.3&#8243; _module_preset=&#8221;212b201d-2c34-41bd-936c-851b7357d08b&#8221; header_font=&#8221;Abril Fatface|Abril Fatface_weight|||||||&#8221; header_text_color=&#8221;#0e0c19&#8243; header_font_size=&#8221;18px&#8221; header_line_height=&#8221;1.4em&#8221; body_font=&#8221;Poppins|Poppins_weight|||||||&#8221; body_text_color=&#8221;#3c3a47&#8243; body_font_size=&#8221;16px&#8221; body_line_height=&#8221;1.75em&#8221; body_link_text_color=&#8221;#22577a&#8221; background_mask_style=&#8221;wave&#8221; image_icon_custom_margin=&#8221;||||false|false&#8221; image_icon_custom_padding=&#8221;||||false|false&#8221; text_orientation=&#8221;center&#8221; animation=&#8221;off&#8221; header_font_size_tablet=&#8221;15px&#8221; header_font_size_phone=&#8221;13px&#8221; header_font_size_last_edited=&#8221;on|phone&#8221; body_font_size_tablet=&#8221;15px&#8221; body_font_size_phone=&#8221;14px&#8221; body_font_size_last_edited=&#8221;on|desktop&#8221; border_radii_image=&#8221;on|6px|6px|6px|6px&#8221; locked=&#8221;off&#8221; global_colors_info=&#8221;{%22#3c3a47%22:%91%22body_text_color%22,%22body_text_color%22%93,%22#0e0c19%22:%91%22header_text_color%22,%22header_text_color%22%93}&#8221;]<\/p>\n<p>Der 6061 Aluminiumrahmen sorgt f\u00fcr ein geringes Gewicht und hohe Stabilit\u00e4t, ideal f\u00fcr den urbanen Einsatz.<\/p>\n<p>[\/et_pb_blurb][\/et_pb_column][et_pb_column type=&#8221;1_2&#8243; _builder_version=&#8221;4.17.3&#8243; _module_preset=&#8221;73121f80-a3ef-4484-8763-c3f18e3c56d2&#8243; global_colors_info=&#8221;{}&#8221;][et_pb_blurb title=&#8221;Hydraulische Scheibenbremsen&#8221; use_icon=&#8221;on&#8221; font_icon=&#8221;\ue012||divi||400&#8243; icon_color=&#8221;#22577a&#8221; image_icon_width=&#8221;32px&#8221; content_max_width=&#8221;100%&#8221; _builder_version=&#8221;4.24.3&#8243; _module_preset=&#8221;212b201d-2c34-41bd-936c-851b7357d08b&#8221; header_font=&#8221;Abril Fatface|Abril Fatface_weight|||||||&#8221; header_text_color=&#8221;#0e0c19&#8243; header_font_size=&#8221;18px&#8221; header_line_height=&#8221;1.4em&#8221; body_font=&#8221;Poppins|Poppins_weight|||||||&#8221; body_text_color=&#8221;#3c3a47&#8243; body_font_size=&#8221;16px&#8221; body_line_height=&#8221;1.75em&#8221; body_link_text_color=&#8221;#22577a&#8221; background_mask_style=&#8221;wave&#8221; image_icon_custom_margin=&#8221;||||false|false&#8221; image_icon_custom_padding=&#8221;||||false|false&#8221; text_orientation=&#8221;center&#8221; animation=&#8221;off&#8221; header_font_size_tablet=&#8221;15px&#8221; header_font_size_phone=&#8221;13px&#8221; header_font_size_last_edited=&#8221;on|phone&#8221; body_font_size_tablet=&#8221;15px&#8221; body_font_size_phone=&#8221;14px&#8221; body_font_size_last_edited=&#8221;on|desktop&#8221; border_radii_image=&#8221;on|6px|6px|6px|6px&#8221; locked=&#8221;off&#8221; global_colors_info=&#8221;{%22#3c3a47%22:%91%22body_text_color%22,%22body_text_color%22%93,%22#0e0c19%22:%91%22header_text_color%22,%22header_text_color%22%93}&#8221;]<\/p>\n<p>Die Tektro HD-T3020 Bremsen bieten zuverl\u00e4ssige Bremskraft bei allen Wetterbedingungen.<\/p>\n<p>[\/et_pb_blurb][\/et_pb_column][\/et_pb_row][et_pb_row column_structure=&#8221;1_2,1_2&#8243; _builder_version=&#8221;4.24.2&#8243; _module_preset=&#8221;5138c454-be54-4233-bd3b-f8e6a8747976&#8243; max_width=&#8221;800px&#8221; global_colors_info=&#8221;{}&#8221;][et_pb_column type=&#8221;1_2&#8243; _builder_version=&#8221;4.17.3&#8243; _module_preset=&#8221;73121f80-a3ef-4484-8763-c3f18e3c56d2&#8243; global_colors_info=&#8221;{}&#8221;][et_pb_blurb title=&#8221;Vielseitige Schaltung&#8221; use_icon=&#8221;on&#8221; font_icon=&#8221;\uf085||fa||900&#8243; icon_color=&#8221;#22577a&#8221; image_icon_width=&#8221;32px&#8221; content_max_width=&#8221;100%&#8221; _builder_version=&#8221;4.24.3&#8243; _module_preset=&#8221;212b201d-2c34-41bd-936c-851b7357d08b&#8221; header_font=&#8221;Abril Fatface|Abril Fatface_weight|||||||&#8221; header_text_color=&#8221;#0e0c19&#8243; header_font_size=&#8221;18px&#8221; header_line_height=&#8221;1.4em&#8221; body_font=&#8221;Poppins|Poppins_weight|||||||&#8221; body_text_color=&#8221;#3c3a47&#8243; body_font_size=&#8221;16px&#8221; body_line_height=&#8221;1.75em&#8221; body_link_text_color=&#8221;#22577a&#8221; background_mask_style=&#8221;wave&#8221; image_icon_custom_margin=&#8221;||||false|false&#8221; image_icon_custom_padding=&#8221;||||false|false&#8221; text_orientation=&#8221;center&#8221; animation=&#8221;off&#8221; header_font_size_tablet=&#8221;15px&#8221; header_font_size_phone=&#8221;13px&#8221; header_font_size_last_edited=&#8221;on|phone&#8221; body_font_size_tablet=&#8221;15px&#8221; body_font_size_phone=&#8221;14px&#8221; body_font_size_last_edited=&#8221;on|desktop&#8221; border_radii_image=&#8221;on|6px|6px|6px|6px&#8221; locked=&#8221;off&#8221; global_colors_info=&#8221;{%22#3c3a47%22:%91%22body_text_color%22,%22body_text_color%22%93,%22#0e0c19%22:%91%22header_text_color%22,%22header_text_color%22%93}&#8221;]<\/p>\n<p>Mit der Microshift Acolyte 8-Gang Schaltung meistern Sie jede Strecke m\u00fchelos.<\/p>\n<p>[\/et_pb_blurb][\/et_pb_column][et_pb_column type=&#8221;1_2&#8243; _builder_version=&#8221;4.17.3&#8243; _module_preset=&#8221;73121f80-a3ef-4484-8763-c3f18e3c56d2&#8243; global_colors_info=&#8221;{}&#8221;][et_pb_blurb title=&#8221;Ergonomisches Design&#8221; use_icon=&#8221;on&#8221; font_icon=&#8221;\uf80d||fa||900&#8243; icon_color=&#8221;#22577a&#8221; image_icon_width=&#8221;32px&#8221; content_max_width=&#8221;100%&#8221; _builder_version=&#8221;4.24.3&#8243; _module_preset=&#8221;212b201d-2c34-41bd-936c-851b7357d08b&#8221; header_font=&#8221;Abril Fatface|Abril Fatface_weight|||||||&#8221; header_text_color=&#8221;#0e0c19&#8243; header_font_size=&#8221;18px&#8221; header_line_height=&#8221;1.4em&#8221; body_font=&#8221;Poppins|Poppins_weight|||||||&#8221; body_text_color=&#8221;#3c3a47&#8243; body_font_size=&#8221;16px&#8221; body_line_height=&#8221;1.75em&#8221; body_link_text_color=&#8221;#22577a&#8221; background_mask_style=&#8221;wave&#8221; image_icon_custom_margin=&#8221;||||false|false&#8221; image_icon_custom_padding=&#8221;||||false|false&#8221; text_orientation=&#8221;center&#8221; animation=&#8221;off&#8221; header_font_size_tablet=&#8221;15px&#8221; header_font_size_phone=&#8221;13px&#8221; header_font_size_last_edited=&#8221;on|phone&#8221; body_font_size_tablet=&#8221;15px&#8221; body_font_size_phone=&#8221;14px&#8221; body_font_size_last_edited=&#8221;on|desktop&#8221; border_radii_image=&#8221;on|6px|6px|6px|6px&#8221; locked=&#8221;off&#8221; global_colors_info=&#8221;{%22#3c3a47%22:%91%22body_text_color%22,%22body_text_color%22%93,%22#0e0c19%22:%91%22header_text_color%22,%22header_text_color%22%93}&#8221;]<\/p>\n<p>Der ergonomische Riser Bar Lenker und die Velo Ergo-Griffe bieten h\u00f6chsten Komfort auf langen Fahrten.<\/p>\n<p>[\/et_pb_blurb][\/et_pb_column][\/et_pb_row][\/et_pb_section][et_pb_section fb_built=&#8221;1&#8243; admin_label=&#8221;Video&#8221; _builder_version=&#8221;4.18.0&#8243; _module_preset=&#8221;default&#8221; locked=&#8221;off&#8221; collapsed=&#8221;on&#8221; global_colors_info=&#8221;{}&#8221;][et_pb_row _builder_version=&#8221;4.18.0&#8243; _module_preset=&#8221;5138c454-be54-4233-bd3b-f8e6a8747976&#8243; global_colors_info=&#8221;{}&#8221;][et_pb_column type=&#8221;4_4&#8243; _builder_version=&#8221;4.18.0&#8243; _module_preset=&#8221;73121f80-a3ef-4484-8763-c3f18e3c56d2&#8243; global_colors_info=&#8221;{}&#8221;][et_pb_video src=&#8221;https:\/\/www.youtube.com\/watch?v=FkQuawiGWUw&#8221; image_src=&#8221;https:\/\/images.unsplash.com\/photo-1745240939785-ad0c1b9d055b?ixid=M3w1ODkyNzF8MHwxfHNlYXJjaHwxMHx8Y2FyZ28lMjBiaWtlJTIwaW4lMjBhY3Rpb258ZW58MHwwfHx8MTc1OTUwNjcyM3ww&amp;ixlib=rb-4.1.0&amp;fm=webp&amp;fit=crop&amp;crop=entropy&amp;w=1080&amp;h=600&amp;q=20&amp;dpr=2&#8243; play_icon_color=&#8221;#57cc99&#8243; _builder_version=&#8221;4.24.3&#8243; _module_preset=&#8221;default&#8221; border_radii=&#8221;on|6px|6px|6px|6px&#8221; locked=&#8221;off&#8221; global_colors_info=&#8221;{%22#57cc99%22:%91%22play_icon_color%22%93}&#8221;][\/et_pb_video][\/et_pb_column][\/et_pb_row][\/et_pb_section][et_pb_section fb_built=&#8221;1&#8243; fullwidth=&#8221;on&#8221; _builder_version=&#8221;4.27.4&#8243; _module_preset=&#8221;default&#8221; background_image=&#8221;https:\/\/thehandlebar.biz\/wp-content\/uploads\/2025\/10\/41.webp&#8221; global_colors_info=&#8221;{}&#8221;][et_pb_fullwidth_image src=&#8221;https:\/\/thehandlebar.biz\/wp-content\/uploads\/2025\/10\/41.webp&#8221; title_text=&#8221;41&#8243; _builder_version=&#8221;4.27.4&#8243; _module_preset=&#8221;default&#8221; global_colors_info=&#8221;{}&#8221;][\/et_pb_fullwidth_image][\/et_pb_section][et_pb_section fb_built=&#8221;1&#8243; admin_label=&#8221;Call to Action&#8221; _builder_version=&#8221;4.23.1&#8243; _module_preset=&#8221;default&#8221; locked=&#8221;off&#8221; collapsed=&#8221;on&#8221; global_colors_info=&#8221;{}&#8221;][et_pb_row _builder_version=&#8221;4.24.3&#8243; _module_preset=&#8221;5138c454-be54-4233-bd3b-f8e6a8747976&#8243; global_colors_info=&#8221;{}&#8221;][et_pb_column type=&#8221;4_4&#8243; _builder_version=&#8221;4.18.0&#8243; _module_preset=&#8221;73121f80-a3ef-4484-8763-c3f18e3c56d2&#8243; global_colors_info=&#8221;{}&#8221;][et_pb_cta title=&#8221;Jetzt bestellen und sparen!&#8221; button_url=&#8221;https:\/\/thehandlebar.biz\/produkt\/super-mighty-cargo\/&#8221; button_text=&#8221;Jetzt kaufen&#8221; _builder_version=&#8221;4.27.4&#8243; _module_preset=&#8221;4c2ad5d0-871e-414e-a4be-aa9134d4ae8e&#8221; header_font=&#8221;Abril Fatface|Abril Fatface_weight|||||||&#8221; header_text_color=&#8221;#FFFFFF&#8221; header_font_size=&#8221;50px&#8221; header_line_height=&#8221;1.2em&#8221; body_font=&#8221;Poppins||||||||&#8221; body_text_color=&#8221;#FFFFFF&#8221; body_font_size=&#8221;18px&#8221; body_line_height=&#8221;1.75em&#8221; background_color=&#8221;#22577a&#8221; use_background_color_gradient=&#8221;on&#8221; background_color_gradient_direction=&#8221;65deg&#8221; background_color_gradient_stops=&#8221;#000000 0%|rgba(255,255,255,0) 100%&#8221; background_color_gradient_overlays_image=&#8221;on&#8221; background_enable_image=&#8221;off&#8221; custom_button=&#8221;on&#8221; button_text_size=&#8221;14px&#8221; button_text_color=&#8221;#57cc99&#8243; button_bg_color=&#8221;#FFFFFF&#8221; button_border_width=&#8221;0px&#8221; button_border_radius=&#8221;100px&#8221; button_font=&#8221;Poppins|700|||||||&#8221; button_custom_padding=&#8221;12px|24px|12px|24px|true|true&#8221; background_layout=&#8221;light&#8221; custom_padding=&#8221;60px|60px|60px|60px|true|true&#8221; custom_padding_tablet=&#8221;30px|30px|30px|30px|true|true&#8221; custom_padding_phone=&#8221;20px|20px|20px|20px|true|true&#8221; custom_padding_last_edited=&#8221;on|desktop&#8221; hover_enabled=&#8221;0&#8243; header_font_size_tablet=&#8221;28px&#8221; header_font_size_phone=&#8221;20px&#8221; header_font_size_last_edited=&#8221;on|phone&#8221; body_font_size_tablet=&#8221;16px&#8221; body_font_size_phone=&#8221;14px&#8221; body_font_size_last_edited=&#8221;on|phone&#8221; border_radii=&#8221;on|6px|6px|6px|6px&#8221; box_shadow_style=&#8221;preset3&#8243; box_shadow_vertical=&#8221;24px&#8221; box_shadow_blur=&#8221;72px&#8221; box_shadow_spread=&#8221;-12px&#8221; box_shadow_color=&#8221;rgba(0,0,0,0.12)&#8221; locked=&#8221;off&#8221; global_colors_info=&#8221;{%22#0e0c19%22:%91%22header_text_color%22,%22header_text_color%22%93,%22gcid-36fd78a7-34bc-404d-873c-dafa34efaae5%22:%91%22color%22%93,%22gcid-7cadd8b3-5228-48e4-90c4-212d09232f7b%22:%91%22header_text_color%22,%22header_text_color%22,%22color%22,%22color%22,%22color%22,%22color%22%93,%22#22577a%22:%91%22button_bg_color%22,%22button_bg_color%22,%22background_color%22%93,%22#3c3a47%22:%91%22body_text_color%22,%22body_text_color%22%93,%22gcid-f113ad93-2527-46d7-862b-fc71181c6b5e%22:%91%22border_color_all%22,%22border_color_all%22%93,%22#57cc99%22:%91%22button_text_color%22%93}&#8221; text_font_size_tablet=&#8221;16px&#8221; text_font_size_phone=&#8221;14px&#8221; text_font_size_last_edited=&#8221;on|phone&#8221; sticky_enabled=&#8221;0&#8243;]<\/p>\n<p>Verpassen Sie nicht die Gelegenheit, das Super Might Mini Lastenrad zu einem unschlagbaren Preis zu erwerben. Bestellen Sie noch heute und erleben Sie die Freiheit und Flexibilit\u00e4t, die unser Cargobike bietet! <\/p>\n<p>[\/et_pb_cta][\/et_pb_column][\/et_pb_row][\/et_pb_section]<\/p>\n","protected":false},"excerpt":{"rendered":"<p>Erleben Sie grenzenlose Mobilit\u00e4t mit unserem innovativen Cargobike, das sich durch Leichtigkeit und Vielseitigkeit auszeichnet. Perfekt f\u00fcr urbane Abenteuer und den t\u00e4glichen Einsatz. Das Super Might Mini Lastenrad ist die perfekte Kombination aus Funktionalit\u00e4t und Stil. Hier sind die herausragenden Merkmale, die es zu einem unverzichtbaren Begleiter machen: Der 6061 Aluminiumrahmen sorgt f\u00fcr ein geringes [&hellip;]<\/p>\n","protected":false},"author":1,"featured_media":0,"parent":0,"menu_order":0,"comment_status":"closed","ping_status":"closed","template":"","meta":{"_et_pb_use_builder":"on","_et_pb_old_content":"","_et_gb_content_width":"","footnotes":""},"class_list":["post-2373","page","type-page","status-publish","hentry"],"_links":{"self":[{"href":"https:\/\/thehandlebar.biz\/de\/wp-json\/wp\/v2\/pages\/2373","targetHints":{"allow":["GET"]}}],"collection":[{"href":"https:\/\/thehandlebar.biz\/de\/wp-json\/wp\/v2\/pages"}],"about":[{"href":"https:\/\/thehandlebar.biz\/de\/wp-json\/wp\/v2\/types\/page"}],"author":[{"embeddable":true,"href":"https:\/\/thehandlebar.biz\/de\/wp-json\/wp\/v2\/users\/1"}],"replies":[{"embeddable":true,"href":"https:\/\/thehandlebar.biz\/de\/wp-json\/wp\/v2\/comments?post=2373"}],"version-history":[{"count":0,"href":"https:\/\/thehandlebar.biz\/de\/wp-json\/wp\/v2\/pages\/2373\/revisions"}],"wp:attachment":[{"href":"https:\/\/thehandlebar.biz\/de\/wp-json\/wp\/v2\/media?parent=2373"}],"curies":[{"name":"wp","href":"https:\/\/api.w.org\/{rel}","templated":true}]}}