{"id":2649,"date":"2025-11-10T20:01:05","date_gmt":"2025-11-10T20:01:05","guid":{"rendered":"https:\/\/thehandlebar.biz\/produkt\/pearl-gravel-abenteuer-highlights\/"},"modified":"2025-12-10T08:17:59","modified_gmt":"2025-12-10T08:17:59","slug":"pearl-gravel-abenteuer-highlights","status":"publish","type":"product","link":"https:\/\/thehandlebar.biz\/de\/produkt\/pearl-gravel-abenteuer-highlights\/","title":{"rendered":"PEARL GRAVEL Abenteuer-Highlights"},"content":{"rendered":"<p>[et_pb_section fb_built=&#8221;1&#8243; _builder_version=&#8221;4.16&#8243; custom_padding=&#8221;0px||||false|false&#8221; global_colors_info=&#8221;{}&#8221;][et_pb_row _builder_version=&#8221;4.16&#8243; background_size=&#8221;initial&#8221; background_position=&#8221;top_left&#8221; background_repeat=&#8221;repeat&#8221; width=&#8221;100%&#8221; custom_padding=&#8221;0px||0px||false|false&#8221; global_colors_info=&#8221;{}&#8221;][et_pb_column type=&#8221;4_4&#8243; _builder_version=&#8221;4.16&#8243; custom_padding=&#8221;|||&#8221; global_colors_info=&#8221;{}&#8221; custom_padding__hover=&#8221;|||&#8221;][et_pb_wc_breadcrumb _builder_version=&#8221;4.16&#8243; global_colors_info=&#8221;{}&#8221;][\/et_pb_wc_breadcrumb][et_pb_wc_cart_notice _builder_version=&#8221;4.16&#8243; global_colors_info=&#8221;{}&#8221;][\/et_pb_wc_cart_notice][\/et_pb_column][\/et_pb_row][et_pb_row column_structure=&#8221;1_2,1_2&#8243; _builder_version=&#8221;4.16&#8243; background_size=&#8221;initial&#8221; background_position=&#8221;top_left&#8221; background_repeat=&#8221;repeat&#8221; width=&#8221;100%&#8221; custom_padding=&#8221;0px||||false|false&#8221; global_colors_info=&#8221;{}&#8221;][et_pb_column type=&#8221;1_2&#8243; _builder_version=&#8221;4.16&#8243; custom_padding=&#8221;|||&#8221; global_colors_info=&#8221;{}&#8221; custom_padding__hover=&#8221;|||&#8221;][et_pb_wc_images _builder_version=&#8221;4.16&#8243; global_colors_info=&#8221;{}&#8221;][\/et_pb_wc_images][et_pb_image src=&#8221;https:\/\/thehandlebar.biz\/wp-content\/uploads\/2025\/11\/IMG_3838-scaled-1.jpg&#8221; title_text=&#8221;IMG_3838-scaled&#8221; _builder_version=&#8221;4.27.4&#8243; _module_preset=&#8221;default&#8221; global_colors_info=&#8221;{}&#8221;][\/et_pb_image][\/et_pb_column][et_pb_column type=&#8221;1_2&#8243; _builder_version=&#8221;4.16&#8243; custom_padding=&#8221;|||&#8221; global_colors_info=&#8221;{}&#8221; custom_padding__hover=&#8221;|||&#8221;][et_pb_wc_title _builder_version=&#8221;4.16&#8243; global_colors_info=&#8221;{}&#8221;][\/et_pb_wc_title][et_pb_wc_rating _builder_version=&#8221;4.16&#8243; global_colors_info=&#8221;{}&#8221;][\/et_pb_wc_rating][et_pb_wc_price _builder_version=&#8221;4.16&#8243; global_colors_info=&#8221;{}&#8221;][\/et_pb_wc_price][et_pb_wc_description _builder_version=&#8221;4.16&#8243; global_colors_info=&#8221;{}&#8221;][\/et_pb_wc_description][et_pb_wc_add_to_cart _builder_version=&#8221;4.16&#8243; global_colors_info=&#8221;{}&#8221;][\/et_pb_wc_add_to_cart][et_pb_wc_meta _builder_version=&#8221;4.16&#8243; global_colors_info=&#8221;{}&#8221;][\/et_pb_wc_meta][\/et_pb_column][\/et_pb_row][et_pb_row _builder_version=&#8221;4.16&#8243; background_size=&#8221;initial&#8221; background_position=&#8221;top_left&#8221; background_repeat=&#8221;repeat&#8221; width=&#8221;100%&#8221; global_colors_info=&#8221;{}&#8221;][et_pb_column type=&#8221;4_4&#8243; _builder_version=&#8221;4.16&#8243; custom_padding=&#8221;|||&#8221; global_colors_info=&#8221;{}&#8221; custom_padding__hover=&#8221;|||&#8221;][et_pb_wc_tabs _builder_version=&#8221;4.16&#8243; global_colors_info=&#8221;{}&#8221;]\t\t\t\t\t[\/et_pb_wc_tabs][et_pb_wc_upsells _builder_version=&#8221;4.16&#8243; global_colors_info=&#8221;{}&#8221;][\/et_pb_wc_upsells][et_pb_wc_related_products _builder_version=&#8221;4.16&#8243; global_colors_info=&#8221;{}&#8221;][\/et_pb_wc_related_products][\/et_pb_column][\/et_pb_row][et_pb_row column_structure=&#8221;1_2,1_2&#8243; _builder_version=&#8221;4.27.4&#8243; _module_preset=&#8221;default&#8221; global_colors_info=&#8221;{}&#8221;][et_pb_column type=&#8221;1_2&#8243; _builder_version=&#8221;4.27.4&#8243; _module_preset=&#8221;default&#8221; global_colors_info=&#8221;{}&#8221;][\/et_pb_column][et_pb_column type=&#8221;1_2&#8243; _builder_version=&#8221;4.27.4&#8243; _module_preset=&#8221;default&#8221; global_colors_info=&#8221;{}&#8221;][\/et_pb_column][\/et_pb_row][\/et_pb_section]<\/p>\n","protected":false},"excerpt":{"rendered":"<p>GRAVEL SL Adventure<\/p>\n<p>Abenteuer<br \/>\n\u201eEin Carbon-Gravelbike f\u00fcr Ihr n\u00e4chstes Abenteuer\u201c<\/p>\n<p>Unendlicher Gravel-Spa\u00df \u2026 Willkommen in unserer Auswahl an ma\u00dfgefertigten Gravelbikes. Wir bieten Rahmen aus Aluminium und Carbon an, die individuell an Ihre Bed\u00fcrfnisse angepasst werden k\u00f6nnen. Unsere Gravelrahmen sind f\u00fcr 650b- und 700c-Reifen geeignet. Schutzbleche und Gep\u00e4cktr\u00e4ger lassen sich f\u00fcr jedes Backpacking-Abenteuer montieren. W\u00e4hlen Sie Ihre Farbe und kontaktieren Sie uns oder einen H\u00e4ndler in Ihrer N\u00e4he. Ihr individuelles Gravelbike wird direkt zu Ihnen nach Hause geliefert.     <\/p>\n<p>\u2022 Adventure-Geometrie<br \/>\n\u2022 Unidirektionale Carbonfaser<br \/>\n\u2022 Zuverl\u00e4ssig, leicht und geeignet f\u00fcr 55-mm-Reifen<\/p>\n<p>\u2022 12-mm-Achsen erh\u00f6hen die Steifigkeit des Laufrads im Vergleich zu herk\u00f6mmlichen Schnellspannern<\/p>\n<p>\u2022 Aerodynamische Gabel und Steuerrohr mit breitem Standfu\u00df erh\u00f6hen die Steifigkeit des Vorderbaus<\/p>\n<p>\u2022 Kompatibel mit Schutzblechen, Gep\u00e4cktr\u00e4gern und allen Bikepacking-Taschen<\/p>\n<p>Laufr\u00e4der<br \/>\n\u2022 Fulcrum DB 900<br \/>\n\u2022 Hergestellt in Italien<br \/>\n\u2022 Tubeless Ready<br \/>\n\u2022 Unzerst\u00f6rbare und witterungsbest\u00e4ndige Industrielager<br \/>\nSchaltung<br \/>\n\u2022 Mechanische Shimano GRX-Schaltung<br \/>\n\u2022 Hydraulische Shimano-Scheibenbremsen<\/p>\n","protected":false},"featured_media":2224,"template":"","meta":{"_et_pb_use_builder":"on","_et_pb_old_content":"","_et_gb_content_width":""},"product_brand":[61],"product_cat":[101],"product_tag":[103,102],"class_list":{"0":"post-2649","1":"product","2":"type-product","3":"status-publish","4":"has-post-thumbnail","6":"product_brand-pearl-cycles","7":"product_cat-pearl-adventure-gravel","8":"product_tag-gravelbike","9":"product_tag-pearl-cycles","11":"first","12":"instock","13":"taxable","14":"shipping-taxable","15":"purchasable","16":"product-type-variable"},"_links":{"self":[{"href":"https:\/\/thehandlebar.biz\/de\/wp-json\/wp\/v2\/product\/2649","targetHints":{"allow":["GET"]}}],"collection":[{"href":"https:\/\/thehandlebar.biz\/de\/wp-json\/wp\/v2\/product"}],"about":[{"href":"https:\/\/thehandlebar.biz\/de\/wp-json\/wp\/v2\/types\/product"}],"wp:featuredmedia":[{"embeddable":true,"href":"https:\/\/thehandlebar.biz\/de\/wp-json\/wp\/v2\/media\/2224"}],"wp:attachment":[{"href":"https:\/\/thehandlebar.biz\/de\/wp-json\/wp\/v2\/media?parent=2649"}],"wp:term":[{"taxonomy":"product_brand","embeddable":true,"href":"https:\/\/thehandlebar.biz\/de\/wp-json\/wp\/v2\/product_brand?post=2649"},{"taxonomy":"product_cat","embeddable":true,"href":"https:\/\/thehandlebar.biz\/de\/wp-json\/wp\/v2\/product_cat?post=2649"},{"taxonomy":"product_tag","embeddable":true,"href":"https:\/\/thehandlebar.biz\/de\/wp-json\/wp\/v2\/product_tag?post=2649"}],"curies":[{"name":"wp","href":"https:\/\/api.w.org\/{rel}","templated":true}]}}