{"id":2666,"date":"2025-10-03T14:32:11","date_gmt":"2025-10-03T14:32:11","guid":{"rendered":"https:\/\/thehandlebar.biz\/produkt\/super-strada-rage\/"},"modified":"2025-12-10T08:18:10","modified_gmt":"2025-12-10T08:18:10","slug":"super-strada-rage","status":"publish","type":"product","link":"https:\/\/thehandlebar.biz\/de\/produkt\/super-strada-rage\/","title":{"rendered":"SUPER STRADA RAGE"},"content":{"rendered":"<p>[et_pb_section fb_built=&#8221;1&#8243; _builder_version=&#8221;4.16&#8243; custom_padding=&#8221;0px||||false|false&#8221; global_colors_info=&#8221;{}&#8221;][et_pb_row _builder_version=&#8221;4.27.4&#8243; _module_preset=&#8221;default&#8221; global_colors_info=&#8221;{}&#8221;][et_pb_column type=&#8221;4_4&#8243; _builder_version=&#8221;4.27.4&#8243; _module_preset=&#8221;default&#8221; global_colors_info=&#8221;{}&#8221;][et_pb_image src=&#8221;https:\/\/thehandlebar.biz\/wp-content\/uploads\/2025\/09\/IMG_2776-scaled.jpg&#8221; title_text=&#8221;E-Bike&#8221; _builder_version=&#8221;4.27.4&#8243; _module_preset=&#8221;default&#8221; global_colors_info=&#8221;{}&#8221;][\/et_pb_image][\/et_pb_column][\/et_pb_row][et_pb_row _builder_version=&#8221;4.16&#8243; background_size=&#8221;initial&#8221; background_position=&#8221;top_left&#8221; background_repeat=&#8221;repeat&#8221; width=&#8221;100%&#8221; custom_padding=&#8221;0px||0px||false|false&#8221; global_colors_info=&#8221;{}&#8221;][et_pb_column type=&#8221;4_4&#8243; _builder_version=&#8221;4.16&#8243; custom_padding=&#8221;|||&#8221; global_colors_info=&#8221;{}&#8221; custom_padding__hover=&#8221;|||&#8221;][et_pb_wc_breadcrumb _builder_version=&#8221;4.16&#8243; global_colors_info=&#8221;{}&#8221;][\/et_pb_wc_breadcrumb][et_pb_wc_cart_notice _builder_version=&#8221;4.16&#8243; global_colors_info=&#8221;{}&#8221;][\/et_pb_wc_cart_notice][\/et_pb_column][\/et_pb_row][et_pb_row column_structure=&#8221;1_2,1_2&#8243; _builder_version=&#8221;4.16&#8243; background_size=&#8221;initial&#8221; background_position=&#8221;top_left&#8221; background_repeat=&#8221;repeat&#8221; width=&#8221;100%&#8221; custom_padding=&#8221;0px||||false|false&#8221; global_colors_info=&#8221;{}&#8221;][et_pb_column type=&#8221;1_2&#8243; _builder_version=&#8221;4.16&#8243; custom_padding=&#8221;|||&#8221; global_colors_info=&#8221;{}&#8221; custom_padding__hover=&#8221;|||&#8221;][et_pb_wc_images _builder_version=&#8221;4.16&#8243; global_colors_info=&#8221;{}&#8221;][\/et_pb_wc_images][et_pb_image src=&#8221;https:\/\/thehandlebar.biz\/wp-content\/uploads\/2025\/09\/Super-Strada_pamphlet_draft_04b1500_18f20367-8e8e-40cc-9d2b-f433bcb6389a.webp&#8221; title_text=&#8221;Super-Strada_pamphlet_draft_04b1500_18f20367-8e8e-40cc-9d2b-f433bcb6389a&#8221; _builder_version=&#8221;4.27.4&#8243; _module_preset=&#8221;default&#8221; global_colors_info=&#8221;{}&#8221;][\/et_pb_image][\/et_pb_column][et_pb_column type=&#8221;1_2&#8243; _builder_version=&#8221;4.16&#8243; custom_padding=&#8221;|||&#8221; global_colors_info=&#8221;{}&#8221; custom_padding__hover=&#8221;|||&#8221;][et_pb_wc_title _builder_version=&#8221;4.16&#8243; global_colors_info=&#8221;{}&#8221;][\/et_pb_wc_title][et_pb_wc_rating _builder_version=&#8221;4.16&#8243; global_colors_info=&#8221;{}&#8221;][\/et_pb_wc_rating][et_pb_wc_price _builder_version=&#8221;4.16&#8243; global_colors_info=&#8221;{}&#8221;][\/et_pb_wc_price][et_pb_wc_description _builder_version=&#8221;4.16&#8243; global_colors_info=&#8221;{}&#8221;][\/et_pb_wc_description][et_pb_wc_add_to_cart _builder_version=&#8221;4.16&#8243; global_colors_info=&#8221;{}&#8221;][\/et_pb_wc_add_to_cart][et_pb_wc_meta _builder_version=&#8221;4.16&#8243; global_colors_info=&#8221;{}&#8221;][\/et_pb_wc_meta][\/et_pb_column][\/et_pb_row][et_pb_row column_structure=&#8221;1_2,1_2&#8243; _builder_version=&#8221;4.27.4&#8243; _module_preset=&#8221;default&#8221; global_colors_info=&#8221;{}&#8221;][et_pb_column type=&#8221;1_2&#8243; _builder_version=&#8221;4.27.4&#8243; _module_preset=&#8221;default&#8221; global_colors_info=&#8221;{}&#8221;][et_pb_button button_text=&#8221;FINANZIERUNG&#8221; _builder_version=&#8221;4.27.4&#8243; _module_preset=&#8221;default&#8221; global_colors_info=&#8221;{}&#8221;][\/et_pb_button][\/et_pb_column][et_pb_column type=&#8221;1_2&#8243; _builder_version=&#8221;4.27.4&#8243; _module_preset=&#8221;default&#8221; global_colors_info=&#8221;{}&#8221;][et_pb_button button_text=&#8221;FAHRRAD-LEASING&#8221; _builder_version=&#8221;4.27.4&#8243; _module_preset=&#8221;default&#8221; global_colors_info=&#8221;{}&#8221;][\/et_pb_button][\/et_pb_column][\/et_pb_row][et_pb_row column_structure=&#8221;1_2,1_2&#8243; _builder_version=&#8221;4.27.4&#8243; _module_preset=&#8221;default&#8221; global_colors_info=&#8221;{}&#8221;][et_pb_column type=&#8221;1_2&#8243; _builder_version=&#8221;4.27.4&#8243; _module_preset=&#8221;default&#8221; global_colors_info=&#8221;{}&#8221;][et_pb_image src=&#8221;https:\/\/thehandlebar.biz\/wp-content\/uploads\/2025\/09\/IMG_2709-scaled.jpg&#8221; title_text=&#8221;IMG_2709&#8243; _builder_version=&#8221;4.27.4&#8243; _module_preset=&#8221;default&#8221; global_colors_info=&#8221;{}&#8221;][\/et_pb_image][et_pb_text _builder_version=&#8221;4.27.4&#8243; _module_preset=&#8221;default&#8221; global_colors_info=&#8221;{}&#8221;][\/et_pb_text][\/et_pb_column][et_pb_column type=&#8221;1_2&#8243; _builder_version=&#8221;4.27.4&#8243; _module_preset=&#8221;default&#8221; global_colors_info=&#8221;{}&#8221;][et_pb_image src=&#8221;https:\/\/thehandlebar.biz\/wp-content\/uploads\/2025\/09\/IMG_2939-scaled.jpg&#8221; title_text=&#8221;IMG_2939&#8243; _builder_version=&#8221;4.27.4&#8243; _module_preset=&#8221;default&#8221; global_colors_info=&#8221;{}&#8221;][\/et_pb_image][et_pb_text _builder_version=&#8221;4.27.4&#8243; _module_preset=&#8221;default&#8221; global_colors_info=&#8221;{}&#8221;][\/et_pb_text][\/et_pb_column][\/et_pb_row][et_pb_row _builder_version=&#8221;4.16&#8243; background_size=&#8221;initial&#8221; background_position=&#8221;top_left&#8221; background_repeat=&#8221;repeat&#8221; width=&#8221;100%&#8221; global_colors_info=&#8221;{}&#8221;][et_pb_column type=&#8221;4_4&#8243; _builder_version=&#8221;4.16&#8243; custom_padding=&#8221;|||&#8221; global_colors_info=&#8221;{}&#8221; custom_padding__hover=&#8221;|||&#8221;][et_pb_wc_tabs _builder_version=&#8221;4.16&#8243; global_colors_info=&#8221;{}&#8221;]\t\t\t\t\t[\/et_pb_wc_tabs][et_pb_wc_upsells _builder_version=&#8221;4.16&#8243; global_colors_info=&#8221;{}&#8221;][\/et_pb_wc_upsells][et_pb_wc_related_products _builder_version=&#8221;4.16&#8243; global_colors_info=&#8221;{}&#8221;][\/et_pb_wc_related_products][\/et_pb_column][\/et_pb_row][\/et_pb_section]<\/p>\n","protected":false},"excerpt":{"rendered":"<p>Steigern Sie Ihr Fahrerlebnis mit unserem <strong>Super Strada CRUZE E-Bike<\/strong>. Dieses E-Bike zeichnet sich durch Leistung, Fahrqualit\u00e4t und Zuverl\u00e4ssigkeit aus und wurde entwickelt, um den Wettbewerb in allen drei Aspekten zu schlagen.<\/p>\n<p>Ausgestattet mit einem <strong>48V &#8211; 250W SUPER STRADA getunten BAFANG-Motor<\/strong> und einem <strong>20Ah SS-PRO-Akku<\/strong> bietet der Cruze eine extrem hohe Leistung und eine gr\u00f6\u00dfere Reichweite f\u00fcr Fahrten, die sich perfekt f\u00fcr Fahrten in der Stadt oder Wochenendausfl\u00fcge eignen. Der CRUZE verf\u00fcgt \u00fcber eine Premium-Vorderradaufh\u00e4ngung mit Goldbeschichtung, <g id=\"gid_2\">hydraulische 4-Kolben-Scheibenbremsen<\/g> und eine <g id=\"gid_3\">Shimano Altus 8-Gang-Schaltung<\/g> sowie weitere Top-Features. Dieses Fahrrad bietet bequem Platz f\u00fcr 2 Personen mit viel horizontaler Stabilit\u00e4t, um eine reibungslose und zuverl\u00e4ssige Fahrt in verschiedenen Gel\u00e4nden zu gew\u00e4hrleisten.  <\/p>\n<p>Dieses E-Bike wurde mit einem <strong>ultraleichten 6061er Aluminium-Doppelrohrrahmen<\/strong> gebaut und ist f\u00fcr zwei Fahrer ausgelegt, wodurch Festigkeit und Vielseitigkeit kombiniert werden. Das <strong>extragro\u00dfe Super Strada LCD-Farbdisplay<\/strong> sorgt daf\u00fcr, dass Ihre Fahrdaten zug\u00e4nglich sind, w\u00e4hrend integrierte LED-Leuchten, Blinker und eine Hupe die Sicherheit und Sichtbarkeit erh\u00f6hen. Der Cruze ist in <strong>Satin Anthrazit<\/strong> und <strong>Wei\u00df Gl\u00e4nzend<\/strong> erh\u00e4ltlich und bietet die Funktionalit\u00e4t der Klasse 2 f\u00fcr Geschwindigkeiten von bis zu <strong>20 mph<\/strong><strong>.<\/strong>  <\/p>\n<p>Optionale Gep\u00e4cktr\u00e4ger, eine verl\u00e4ngerte Sitzbank und n\u00fctzliche Funktionen machen den <strong>Super Strada Cruze<\/strong> zum ultimativen Begleiter f\u00fcr Ihr n\u00e4chstes Abenteuer.<\/p>\n","protected":false},"featured_media":1714,"template":"","meta":{"_et_pb_use_builder":"on","_et_pb_old_content":"<p data-start=\"0\" data-end=\"206\"><strong data-start=\"0\" data-end=\"26\">LEISTUNG UND PERFORMANCE.<\/strong><\/p>\n<p data-start=\"0\" data-end=\"206\">Der 48V - 750W SUPER STRADA getunte BAFANG-Motor und der 20Ah SS-PRO-Akku liefern extreme Leistung und eine gr\u00f6\u00dfere Reichweite, wodurch sich der CRUZE perfekt f\u00fcr Fahrten in der Stadt und Wochenendausfl\u00fcge eignet.<\/p>\n<p data-start=\"208\" data-end=\"435\"><strong data-start=\"208\" data-end=\"234\">KONTROLLE UND PR\u00c4ZISION.<\/strong><\/p>\n<p data-start=\"208\" data-end=\"435\">Ausgestattet mit einer Premium-Vorderradaufh\u00e4ngung mit Goldbeschichtung, hydraulischen 4-Kolben-Scheibenbremsen und einer Shimano Altus 8-Gang-Schaltung, gew\u00e4hrleistet der CRUZE ein sanftes, reaktionsschnelles Handling in verschiedenen Gel\u00e4nden.<\/p>\n<p data-start=\"437\" data-end=\"643\"><strong data-start=\"437\" data-end=\"464\">ST\u00c4RKE UND STABILIT\u00c4T.<\/strong><\/p>\n<p data-start=\"437\" data-end=\"643\">Dieses E-Bike wurde mit einem ultraleichten 6061er Aluminium-Doppelrohrrahmen gebaut und ist f\u00fcr zwei Fahrer ausgelegt. Es bietet au\u00dfergew\u00f6hnliche Haltbarkeit und horizontale Stabilit\u00e4t f\u00fcr eine komfortable Fahrt.<\/p>\n<p data-start=\"645\" data-end=\"844\"><strong data-start=\"645\" data-end=\"671\">TECHNOLOGIE UND SICHERHEIT.<\/strong><\/p>\n<p data-start=\"645\" data-end=\"844\">Das extragro\u00dfe Super Strada LCD-Farbdisplay bietet einfachen Zugriff auf die Fahrdaten, w\u00e4hrend integrierte LED-Leuchten, Blinker und eine Hupe die Sichtbarkeit und die Sicherheit im Stra\u00dfenverkehr verbessern.<\/p>\n<p data-start=\"1045\" data-end=\"1210\" data-is-last-node=\"\" data-is-only-node=\"\"><strong data-start=\"1045\" data-end=\"1074\">EXTRAS UND INDIVIDUALISIERUNG.<\/strong><\/p>\n<p data-start=\"1045\" data-end=\"1210\" data-is-last-node=\"\" data-is-only-node=\"\">Optionale Gep\u00e4cktr\u00e4ger, eine verl\u00e4ngerte Sitzbank und n\u00fctzliche Funktionen machen den Super Strada CRUZE zum ultimativen Begleiter f\u00fcr jedes Abenteuer.<\/p>\n\u00a0","_et_gb_content_width":""},"product_brand":[],"product_cat":[116],"product_tag":[120,118],"class_list":{"0":"post-2666","1":"product","2":"type-product","3":"status-publish","4":"has-post-thumbnail","6":"product_cat-super-strada","7":"product_tag-e-bike","8":"product_tag-super-strada","10":"first","11":"instock","12":"taxable","13":"shipping-taxable","14":"purchasable","15":"product-type-simple"},"_links":{"self":[{"href":"https:\/\/thehandlebar.biz\/de\/wp-json\/wp\/v2\/product\/2666","targetHints":{"allow":["GET"]}}],"collection":[{"href":"https:\/\/thehandlebar.biz\/de\/wp-json\/wp\/v2\/product"}],"about":[{"href":"https:\/\/thehandlebar.biz\/de\/wp-json\/wp\/v2\/types\/product"}],"wp:featuredmedia":[{"embeddable":true,"href":"https:\/\/thehandlebar.biz\/de\/wp-json\/wp\/v2\/media\/1714"}],"wp:attachment":[{"href":"https:\/\/thehandlebar.biz\/de\/wp-json\/wp\/v2\/media?parent=2666"}],"wp:term":[{"taxonomy":"product_brand","embeddable":true,"href":"https:\/\/thehandlebar.biz\/de\/wp-json\/wp\/v2\/product_brand?post=2666"},{"taxonomy":"product_cat","embeddable":true,"href":"https:\/\/thehandlebar.biz\/de\/wp-json\/wp\/v2\/product_cat?post=2666"},{"taxonomy":"product_tag","embeddable":true,"href":"https:\/\/thehandlebar.biz\/de\/wp-json\/wp\/v2\/product_tag?post=2666"}],"curies":[{"name":"wp","href":"https:\/\/api.w.org\/{rel}","templated":true}]}}