{"id":2708,"date":"2025-09-16T08:13:12","date_gmt":"2025-09-16T08:13:12","guid":{"rendered":"https:\/\/thehandlebar.biz\/produkt\/bellitanner-herren-v1-e-bike\/"},"modified":"2025-09-16T08:13:12","modified_gmt":"2025-09-16T08:13:12","slug":"bellitanner-herren-v1-e-bike","status":"publish","type":"product","link":"https:\/\/thehandlebar.biz\/de\/produkt\/bellitanner-herren-v1-e-bike\/","title":{"rendered":"BELLITANNER HERREN V1 E-BIKE"},"content":{"rendered":"<div class=\"wp-block-group has-background-background-color has-background\">\n<div class=\"wp-block-group__inner-container is-layout-constrained wp-container-core-group-is-layout-1866491c wp-block-group-is-layout-constrained\">\n<h3 class=\"wp-block-heading\">Leistungsstarker 250-Watt-Mittelmotor<\/h3>\n<p class=\"has-small-font-size\">Konzipiert f\u00fcr effizientes Pendeln in der Stadt.<\/p>\n<\/div>\n<\/div>\n<div class=\"wp-block-group has-background-background-color has-background\">\n<div class=\"wp-block-group__inner-container is-layout-constrained wp-container-core-group-is-layout-1866491c wp-block-group-is-layout-constrained\">\n<h3 class=\"wp-block-heading\">Integrierte Lithium-Ionen-Batterie<\/h3>\n<p class=\"has-small-font-size\">Gew\u00e4hrleistet gro\u00dfe Reichweite und zuverl\u00e4ssige Stromversorgung.<\/p>\n<\/div>\n<\/div>\n<div class=\"wp-block-group has-background-background-color has-background\">\n<div class=\"wp-block-group__inner-container is-layout-constrained wp-container-core-group-is-layout-1866491c wp-block-group-is-layout-constrained\">\n<h3 class=\"wp-block-heading\">Hydraulische Scheibenbremsen<\/h3>\n<p class=\"has-small-font-size\">Sorgen f\u00fcr sicheres und kontrolliertes Bremsen.<\/p>\n<\/div>\n<\/div>\n<div class=\"wp-block-group has-background-background-color has-background\">\n<div class=\"wp-block-group__inner-container is-layout-constrained wp-container-core-group-is-layout-1866491c wp-block-group-is-layout-constrained\">\n<h3 class=\"wp-block-heading\">Wartungsarmer Carbon-Riemenantrieb<\/h3>\n<p class=\"has-small-font-size\">Bietet leisen und langlebigen Fahrkomfort.<\/p>\n<\/div>\n<\/div>\n","protected":false},"excerpt":{"rendered":"<p>Entdecken Sie das Bellitanner Mens V1, unser leichtes City-E-Bike aus Aluminium mit integriertem Akku, einem leistungsstarken 250-Watt-Bafang-Mittelmotor und Enviolo-Nabenschaltung. Der wartungsarme Carbon-Riemenantrieb und die hydraulischen Scheibenbremsen gew\u00e4hrleisten ein zuverl\u00e4ssiges und effizientes Fahrerlebnis. Mit einem 36-Ah-Akku mit gro\u00dfer Reichweite ist es perfekt f\u00fcr den Stadtverkehr geeignet.  <\/p>\n","protected":false},"featured_media":1588,"template":"","meta":{"_et_pb_use_builder":"on","_et_pb_old_content":"","_et_gb_content_width":""},"product_brand":[],"product_cat":[126,180],"product_tag":[127],"class_list":{"0":"post-2708","1":"product","2":"type-product","3":"status-publish","4":"has-post-thumbnail","6":"product_cat-bellitanner","7":"product_cat-sale","8":"product_tag-bellitanner-e-bikes","10":"first","11":"instock","12":"sale","13":"taxable","14":"shipping-taxable","15":"purchasable","16":"product-type-simple"},"_links":{"self":[{"href":"https:\/\/thehandlebar.biz\/de\/wp-json\/wp\/v2\/product\/2708","targetHints":{"allow":["GET"]}}],"collection":[{"href":"https:\/\/thehandlebar.biz\/de\/wp-json\/wp\/v2\/product"}],"about":[{"href":"https:\/\/thehandlebar.biz\/de\/wp-json\/wp\/v2\/types\/product"}],"wp:featuredmedia":[{"embeddable":true,"href":"https:\/\/thehandlebar.biz\/de\/wp-json\/wp\/v2\/media\/1588"}],"wp:attachment":[{"href":"https:\/\/thehandlebar.biz\/de\/wp-json\/wp\/v2\/media?parent=2708"}],"wp:term":[{"taxonomy":"product_brand","embeddable":true,"href":"https:\/\/thehandlebar.biz\/de\/wp-json\/wp\/v2\/product_brand?post=2708"},{"taxonomy":"product_cat","embeddable":true,"href":"https:\/\/thehandlebar.biz\/de\/wp-json\/wp\/v2\/product_cat?post=2708"},{"taxonomy":"product_tag","embeddable":true,"href":"https:\/\/thehandlebar.biz\/de\/wp-json\/wp\/v2\/product_tag?post=2708"}],"curies":[{"name":"wp","href":"https:\/\/api.w.org\/{rel}","templated":true}]}}