{"id":2724,"date":"2025-08-06T18:04:28","date_gmt":"2025-08-06T18:04:28","guid":{"rendered":"https:\/\/thehandlebar.biz\/produkt\/mountainbike-tour-in-den-pyrenaeen\/"},"modified":"2025-08-06T18:04:28","modified_gmt":"2025-08-06T18:04:28","slug":"mountainbike-tour-in-den-pyrenaeen","status":"publish","type":"product","link":"https:\/\/thehandlebar.biz\/de\/produkt\/mountainbike-tour-in-den-pyrenaeen\/","title":{"rendered":"Mountainbike-Tour in den Pyren\u00e4en"},"content":{"rendered":"<p>Erleben Sie die Herausforderung und Sch\u00f6nheit der Pyren\u00e4en auf einer gef\u00fchrten Mountainbike-Tour. Inklusive Unterkunft und Verpflegung. <\/p>\n","protected":false},"excerpt":{"rendered":"<p>Erleben Sie die Herausforderung und Sch\u00f6nheit der Pyren\u00e4en auf einer gef\u00fchrten Mountainbike-Tour. Inklusive Unterkunft und Verpflegung.<\/p>\n","protected":false},"featured_media":0,"template":"","meta":{"_et_pb_use_builder":"","_et_pb_old_content":"","_et_gb_content_width":""},"product_brand":[],"product_cat":[104],"product_tag":[],"class_list":{"0":"post-2724","1":"product","2":"type-product","3":"status-publish","5":"product_cat-nicht-kategorisiert","7":"first","8":"instock","9":"taxable","10":"shipping-taxable","11":"purchasable","12":"product-type-simple"},"_links":{"self":[{"href":"https:\/\/thehandlebar.biz\/de\/wp-json\/wp\/v2\/product\/2724","targetHints":{"allow":["GET"]}}],"collection":[{"href":"https:\/\/thehandlebar.biz\/de\/wp-json\/wp\/v2\/product"}],"about":[{"href":"https:\/\/thehandlebar.biz\/de\/wp-json\/wp\/v2\/types\/product"}],"wp:attachment":[{"href":"https:\/\/thehandlebar.biz\/de\/wp-json\/wp\/v2\/media?parent=2724"}],"wp:term":[{"taxonomy":"product_brand","embeddable":true,"href":"https:\/\/thehandlebar.biz\/de\/wp-json\/wp\/v2\/product_brand?post=2724"},{"taxonomy":"product_cat","embeddable":true,"href":"https:\/\/thehandlebar.biz\/de\/wp-json\/wp\/v2\/product_cat?post=2724"},{"taxonomy":"product_tag","embeddable":true,"href":"https:\/\/thehandlebar.biz\/de\/wp-json\/wp\/v2\/product_tag?post=2724"}],"curies":[{"name":"wp","href":"https:\/\/api.w.org\/{rel}","templated":true}]}}