{"id":2957,"date":"2025-09-16T12:44:43","date_gmt":"2025-09-16T12:44:43","guid":{"rendered":"https:\/\/thehandlebar.biz\/produkt\/3t-ultra-primo\/"},"modified":"2025-09-16T12:44:43","modified_gmt":"2025-09-16T12:44:43","slug":"3t-ultra-primo","status":"publish","type":"product","link":"https:\/\/thehandlebar.biz\/de\/produkt\/3t-ultra-primo\/","title":{"rendered":"3T ULTRA PRIMO"},"content":{"rendered":"<h3 class=\"micro-title\">PRIMO ~ APEX XPLR AXS 1&#215;12 700c CARBON<\/h3>\n<dl>\n<dt>Rahmen<\/dt>\n<dd>Primo WPNT &#8211; handbemalt in Italien<\/dd>\n<dt>Rahmenmaterial<\/dt>\n<dd>Unidirektionales Pre-Preg-Carbon, High-Modulus\/High-Strength Performance Blend Layup<\/dd>\n<dt>Gabel<\/dt>\n<dd>3T Fango<\/dd>\n<dt>Steuersatz<\/dt>\n<dd>Gedichtete Cartridge 1,125\u201d &#8211; 1,5\u201d<\/dd>\n<dt>Steckachse<\/dt>\n<dd>100&#215;12 vorne &#8211; 142&#215;12 hinten (speziell f\u00fcr Hang Loose Hanger)<\/dd>\n<dt>Lenker<\/dt>\n<dd>3T Superergo LTD (S: 40 cm &#8211; M&amp;L: 42 cm &#8211; XL: 44 cm)<\/dd>\n<dt>Lenkerband<\/dt>\n<dd>3T Prendo Tough<\/dd>\n<dt>Vorbau<\/dt>\n<dd>3T Apto Stealth (S: 80 mm &#8211; M: 90 mm &#8211; L: 100 mm &#8211; XL: 110 mm)<\/dd>\n<dt>Flaschenhalter<\/dt>\n<dd>3T Nylon-Flaschenhalter mit Frontbeladung<\/dd>\n<dt>Schaltwerk<\/dt>\n<dd>Sram Apex XPLR Max 44T<\/dd>\n<dt>Schalt-\/Bremshebel<\/dt>\n<dd>Sram Apex AXS<\/dd>\n<dt>Bremsen<\/dt>\n<dd>Sram Apex hydraulische Scheibenbremse mit Sram 160-mm-Bremsscheibe<\/dd>\n<dt>Kurbelsatz<\/dt>\n<dd>FSA Omega BB386EVO, 40T (S: 170 mm &#8211; M&amp;L: 172,5 mm &#8211; XL: 175 mm)<\/dd>\n<dt>Kassette<\/dt>\n<dd>Sram Rival XPLR AXS 10-44T<\/dd>\n<dt>Laufradsatz<\/dt>\n<dd>3T Discus 40I30 oder Zipp303S je nach Verf\u00fcgbarkeit<\/dd>\n<dt>Reifen<\/dt>\n<dd>Pirelli Cinturato Adventure 700&#215;45<\/dd>\n<dt>Sattelst\u00fctze<\/dt>\n<dd>3T Primo Sattelst\u00fctze f\u00fcr Ritchey-Klemme<\/dd>\n<dt>Sattel<\/dt>\n<dd>San Marco Shortfit oder San Marco Shortfit 2.0 Off Road je nach Verf\u00fcgbarkeit<\/dd>\n<dt>*Zus\u00e4tzliche Informationen<\/dt>\n<dd>Technische Daten k\u00f6nnen ohne Vorank\u00fcndigung ge\u00e4ndert werden<\/dd>\n<\/dl>\n","protected":false},"excerpt":{"rendered":"<h2 class=\"image-with-text__title large-title\">WIR LACKIEREN!<\/h2>\n<div class=\"image-with-text__text \">\n<p>Als Fahrer wissen wir, dass die \u00c4sthetik eines Fahrrads ernst genommen werden muss. Die richtige Farbe, die richtigen Komponenten, all das tr\u00e4gt zu dem Gesamtpaket bei, das uns immer wieder dazu bringt, ein Bein \u00fcber diese Maschine zu schwingen. Wir wussten also, dass alles perfekt sein musste, als wir bereit waren, die Rahmenlackierung wieder ins Haus zu holen. Von der Qualit\u00e4t der Farbe \u00fcber die Farben bis hin zum Glanz des Finishs.   <\/p>\n<p>Jetzt k\u00f6nnen wir stolz sagen: WIR LACKIEREN. Beginnend mit der legend\u00e4ren Primo WPNT-Reihe f\u00fchren wir unser handgemaltes, internes Lackierprogramm ein. Das WPNT-Programm stellt sicher, dass wir die besten Farben und die besten Designs f\u00fcr 3T-Fahrr\u00e4der jetzt und in Zukunft anbieten k\u00f6nnen.  <\/p>\n<\/div>\n<p>&nbsp;<\/p>\n","protected":false},"featured_media":1664,"template":"","meta":{"_et_pb_use_builder":"","_et_pb_old_content":"","_et_gb_content_width":""},"product_brand":[],"product_cat":[151],"product_tag":[152,103],"class_list":{"0":"post-2957","1":"product","2":"type-product","3":"status-publish","4":"has-post-thumbnail","6":"product_cat-3t-primo","7":"product_tag-3t-primo","8":"product_tag-gravelbike","10":"first","11":"instock","12":"taxable","13":"shipping-taxable","14":"purchasable","15":"product-type-variable"},"_links":{"self":[{"href":"https:\/\/thehandlebar.biz\/de\/wp-json\/wp\/v2\/product\/2957","targetHints":{"allow":["GET"]}}],"collection":[{"href":"https:\/\/thehandlebar.biz\/de\/wp-json\/wp\/v2\/product"}],"about":[{"href":"https:\/\/thehandlebar.biz\/de\/wp-json\/wp\/v2\/types\/product"}],"wp:featuredmedia":[{"embeddable":true,"href":"https:\/\/thehandlebar.biz\/de\/wp-json\/wp\/v2\/media\/1664"}],"wp:attachment":[{"href":"https:\/\/thehandlebar.biz\/de\/wp-json\/wp\/v2\/media?parent=2957"}],"wp:term":[{"taxonomy":"product_brand","embeddable":true,"href":"https:\/\/thehandlebar.biz\/de\/wp-json\/wp\/v2\/product_brand?post=2957"},{"taxonomy":"product_cat","embeddable":true,"href":"https:\/\/thehandlebar.biz\/de\/wp-json\/wp\/v2\/product_cat?post=2957"},{"taxonomy":"product_tag","embeddable":true,"href":"https:\/\/thehandlebar.biz\/de\/wp-json\/wp\/v2\/product_tag?post=2957"}],"curies":[{"name":"wp","href":"https:\/\/api.w.org\/{rel}","templated":true}]}}