{"id":2961,"date":"2025-09-16T12:42:21","date_gmt":"2025-09-16T12:42:21","guid":{"rendered":"https:\/\/thehandlebar.biz\/produkt\/3t-ultra-gravel-bike\/"},"modified":"2025-09-16T12:42:21","modified_gmt":"2025-09-16T12:42:21","slug":"3t-ultra-gravel-bike","status":"publish","type":"product","link":"https:\/\/thehandlebar.biz\/de\/produkt\/3t-ultra-gravel-bike\/","title":{"rendered":"3T ULTRA GRAVEL BIKE"},"content":{"rendered":"<h3 class=\"micro-title\">ULTRA ~ GRX 1X12 700c<\/h3>\n<dl>\n<dt>Rahmen ULTRA<\/dt>\n<dt>Rahmenmaterial Unidirektionales Pre-Preg-Carbon, Hochmodul-\/Hochleistungs-Mischfaserlaminat<\/dt>\n<dt>Steuersatz &#8211; Integrierter Steuersatz, gedichtete Kartusche 1-1\/8&#8243;+1.5&#8243;, 36\u00b0<\/dt>\n<dt>Gabel<\/dt>\n<dd>Fango Ultra mit kompakter Gabelkrone<\/dd>\n<dt>Steckachse<\/dt>\n<dd>100&#215;12 vorne &#8211; 142&#215;12 hinten<\/dd>\n<dt>Lenker<\/dt>\n<dd>3T Superergo Pro (XXS: 38 cm &#8211; 51: 40 cm &#8211; 54 &amp; 56: 42 cm &#8211; 58 &amp; 61: 44 cm)<\/dd>\n<dt>Vorbau<\/dt>\n<dd>3T Apto Stealth (XXS: 70 mm &#8211; 51: 80 mm &#8211; 54: 90 mm &#8211; 56: 100 mm &#8211; 58: 110 mm &#8211; 61: 120 mm)<\/dd>\n<dt>Umwerfer<\/dt>\n<dd>&#8211;<\/dd>\n<dt>Schaltwerk<\/dt>\n<dd>Shimano GRX RD-RX822 SGS RD+ 12s<\/dd>\n<dt>Kurbelsatz<\/dt>\n<dd>Shimano FC-RX610-1 40T (XXS: 165 mm, 51: 170 mm, 54 &amp; 56: 172,5, 58: 175 mm)<\/dd>\n<dt>Bremsen<\/dt>\n<dd>Shimano BR-RX400 (SM-RT64 160 mm Bremsscheiben)<\/dd>\n<dt>Schalt-\/Bremshebel<\/dt>\n<dd>Shimano GRX ST-RX610 12s<\/dd>\n<dt>Kassette<\/dt>\n<dd>Shimano CS-M6100-12 10-51T<\/dd>\n<dt>Reifen<\/dt>\n<dd>Pirelli Cinturato Gravel M 700&#215;40<\/dd>\n<dt>Laufradsatz<\/dt>\n<dd>Fulcrum Rapid Red 900, 700c, 22 mm Innenbreite, Tubeless Ready (Upgrade auf 3T Discus 45|40, 45|32, Plus i28 m\u00f6glich)<\/dd>\n<dt>Sattelst\u00fctze<\/dt>\n<dd>3T Carbon 27.2 runde Sattelst\u00fctze &#8211; Ohne Versatz<\/dd>\n<dt>Sattel<\/dt>\n<dd>Selle Italia Model X Superflow<\/dd>\n<dt>*Zus\u00e4tzliche Informationen<\/dt>\n<dd>Technische Daten k\u00f6nnen ohne Vorank\u00fcndigung ge\u00e4ndert werden<\/dd>\n<\/dl>\n","protected":false},"excerpt":{"rendered":"<p>Das Melee ist ein moderner Stra\u00dfenrenner, der die ENVE-Designphilosophie \u201eReal-World Fast\u2122\u201c verk\u00f6rpert. Konzipiert f\u00fcr Agilit\u00e4t und Ansprechverhalten, mit 35 mm Reifenfreiheit, ist das Melee gleicherma\u00dfen bereit f\u00fcr Kriterien und Klassiker.<br \/>\nEin ENVE-Chassis ist die Leinwand, auf der Sie Ihr Traumrad aufbauen k\u00f6nnen. Das Melee wird typischerweise als reines Chassis verkauft, das Rahmen, Gabel, Steuersatz, Vorbau, Lenker und Sattelst\u00fctze umfasst. Um Ihren Aufbau zu beginnen, w\u00e4hlen Sie zun\u00e4chst Ihre Rahmengr\u00f6\u00dfe, Vorbaul\u00e4nge, Lenkerbreite und Sattelst\u00fctzenversatz. Bei Fragen zu Ihrer Passform arbeiten Sie bitte mit Ihrem ENVE-H\u00e4ndler und\/oder Bikefitter zusammen und nutzen Sie den ENVE Best-Fit Calculator, um Ihre ideale Chassis-Konfiguration zu erreichen. Kombinieren Sie es anschlie\u00dfend mit Ihrem bevorzugten Antrieb und Ihrem favorisierten SES- oder Foundation-Laufradsatz.     <\/p>\n<ul>\n<li><strong>Rahmen- und Gabelmaterial sowie Kompatibilit\u00e4t:<\/strong> Sowohl Rahmen als auch Gabel bestehen aus ENVE M.O.D Carbon, mit Spezifikationen, die f\u00fcr Flat-Mount-Scheibenbremsen und interne Zugf\u00fchrung geeignet sind, kompatibel mit 12&#215;100 und 12&#215;142 Steckachsen.<\/li>\n<li><strong>Anwendungsbereich und Gr\u00f6\u00dfenbereich:<\/strong> Entwickelt f\u00fcr Gravel-Rennen, Fahrten, Erkundungen und Abenteuer, erh\u00e4ltlich in Gr\u00f6\u00dfen von 49 cm bis 60 cm, zugeschnitten auf unterschiedliche Fahrerbed\u00fcrfnisse.<\/li>\n<li><strong>Technische Daten und Abmessungen:<\/strong> Zu den Merkmalen geh\u00f6ren ein Gabel-Rake von 57-53 mm je nach Gr\u00f6\u00dfe, eine Gabel-Achse-zu-Krone-L\u00e4nge von 395 mm und ein Rahmengewicht von etwa 950 g, mit spezifischen Standards f\u00fcr Steuersatz, Sattelst\u00fctze und Tretlager.<\/li>\n<li><strong>Reifenkompatibilit\u00e4t und Montageoptionen:<\/strong> Unterst\u00fctzt Reifen von mindestens 700x36c bis maximal 700x50c, mit optimaler Leistung bei 700x40c-44c, und umfasst Schutzblechkompatibilit\u00e4t sowie interne Zugf\u00fchrung f\u00fcr Trinkflaschen und Kabel.<\/li>\n<li><strong>Design- und Farbdetails**:<\/strong> Der Rahmen ist in der Pantone-Farbe 7528C (Sand) gehalten und verf\u00fcgt \u00fcber Oberrohrbefestigungen, Schutzblechhalterungen und eine Laufradgr\u00f6\u00dfe, die f\u00fcr 700C-Laufr\u00e4der geeignet ist, 650b ausgeschlossen.<\/li>\n<\/ul>\n<p>&nbsp;<\/p>\n","protected":false},"featured_media":1666,"template":"","meta":{"_et_pb_use_builder":"","_et_pb_old_content":"","_et_gb_content_width":""},"product_brand":[],"product_cat":[157],"product_tag":[103],"class_list":{"0":"post-2961","1":"product","2":"type-product","3":"status-publish","4":"has-post-thumbnail","6":"product_cat-3t-ultra","7":"product_tag-gravelbike","9":"first","10":"instock","11":"taxable","12":"shipping-taxable","13":"purchasable","14":"product-type-variable"},"_links":{"self":[{"href":"https:\/\/thehandlebar.biz\/de\/wp-json\/wp\/v2\/product\/2961","targetHints":{"allow":["GET"]}}],"collection":[{"href":"https:\/\/thehandlebar.biz\/de\/wp-json\/wp\/v2\/product"}],"about":[{"href":"https:\/\/thehandlebar.biz\/de\/wp-json\/wp\/v2\/types\/product"}],"wp:featuredmedia":[{"embeddable":true,"href":"https:\/\/thehandlebar.biz\/de\/wp-json\/wp\/v2\/media\/1666"}],"wp:attachment":[{"href":"https:\/\/thehandlebar.biz\/de\/wp-json\/wp\/v2\/media?parent=2961"}],"wp:term":[{"taxonomy":"product_brand","embeddable":true,"href":"https:\/\/thehandlebar.biz\/de\/wp-json\/wp\/v2\/product_brand?post=2961"},{"taxonomy":"product_cat","embeddable":true,"href":"https:\/\/thehandlebar.biz\/de\/wp-json\/wp\/v2\/product_cat?post=2961"},{"taxonomy":"product_tag","embeddable":true,"href":"https:\/\/thehandlebar.biz\/de\/wp-json\/wp\/v2\/product_tag?post=2961"}],"curies":[{"name":"wp","href":"https:\/\/api.w.org\/{rel}","templated":true}]}}