{"id":2965,"date":"2025-09-18T16:14:55","date_gmt":"2025-09-18T16:14:55","guid":{"rendered":"https:\/\/thehandlebar.biz\/produkt\/shimano-ultegra-kettenblatt\/"},"modified":"2025-09-18T16:14:55","modified_gmt":"2025-09-18T16:14:55","slug":"shimano-ultegra-kettenblatt","status":"publish","type":"product","link":"https:\/\/thehandlebar.biz\/de\/produkt\/shimano-ultegra-kettenblatt\/","title":{"rendered":"Shimano Ultegra KETTENBLATT"},"content":{"rendered":"","protected":false},"excerpt":{"rendered":"<div class=\"content--title\"><strong>Shimano<\/strong> ULTEGRA Kettenblatt f\u00fcr FC-R8100 50\/34 Z\u00e4hne<\/div>\n<div class=\"product--description\">Shimano Ersatz-Kettenblatt f\u00fcr die Ultegra FC-R8100 und FC-R8100-P 12-fach Kurbelgarnitur (NK) mit 50\/34 Z\u00e4hnen.<\/div>\n<p>&nbsp;<\/p>\n<p>Shimano Ultegra 2-\/11-fach Kettenblatt f\u00fcr Ultegra FC-R8000 Kurbelgarnitur.<\/p>\n<p>Ausf\u00fchrungen:<\/p>\n<p>\u2022 Z\u00e4hnezahl: 34 Z\u00e4hne (f\u00fcr 50 Z\u00e4hne)<br \/>\n\u2022 Lochkreis-\u00d8: 110 mm<br \/>\n\u2022 Kennung: MS<br \/>\n\u2022 Material: Aluminium, eloxiert<br \/>\n\u2022 passend f\u00fcr Ultegra FC-R8000 2-\/11-fach Kurbel<\/p>\n","protected":false},"featured_media":1690,"template":"","meta":{"_et_pb_use_builder":"","_et_pb_old_content":"","_et_gb_content_width":""},"product_brand":[],"product_cat":[162],"product_tag":[],"class_list":{"0":"post-2965","1":"product","2":"type-product","3":"status-publish","4":"has-post-thumbnail","6":"product_cat-kettenblatt","8":"first","9":"instock","10":"sale","11":"taxable","12":"shipping-taxable","13":"purchasable","14":"product-type-simple"},"_links":{"self":[{"href":"https:\/\/thehandlebar.biz\/de\/wp-json\/wp\/v2\/product\/2965","targetHints":{"allow":["GET"]}}],"collection":[{"href":"https:\/\/thehandlebar.biz\/de\/wp-json\/wp\/v2\/product"}],"about":[{"href":"https:\/\/thehandlebar.biz\/de\/wp-json\/wp\/v2\/types\/product"}],"wp:featuredmedia":[{"embeddable":true,"href":"https:\/\/thehandlebar.biz\/de\/wp-json\/wp\/v2\/media\/1690"}],"wp:attachment":[{"href":"https:\/\/thehandlebar.biz\/de\/wp-json\/wp\/v2\/media?parent=2965"}],"wp:term":[{"taxonomy":"product_brand","embeddable":true,"href":"https:\/\/thehandlebar.biz\/de\/wp-json\/wp\/v2\/product_brand?post=2965"},{"taxonomy":"product_cat","embeddable":true,"href":"https:\/\/thehandlebar.biz\/de\/wp-json\/wp\/v2\/product_cat?post=2965"},{"taxonomy":"product_tag","embeddable":true,"href":"https:\/\/thehandlebar.biz\/de\/wp-json\/wp\/v2\/product_tag?post=2965"}],"curies":[{"name":"wp","href":"https:\/\/api.w.org\/{rel}","templated":true}]}}