{"id":2969,"date":"2025-09-18T16:31:19","date_gmt":"2025-09-18T16:31:19","guid":{"rendered":"https:\/\/thehandlebar.biz\/produkt\/sq-lab-sattel\/"},"modified":"2025-09-18T16:31:19","modified_gmt":"2025-09-18T16:31:19","slug":"sq-lab-sattel","status":"publish","type":"product","link":"https:\/\/thehandlebar.biz\/de\/produkt\/sq-lab-sattel\/","title":{"rendered":"SQ LAB Sattel"},"content":{"rendered":"<h2>SQ-lab Sattel 611 Ergowave CrMo<\/h2>\n<p>Der 611 Ergowave CrMo Sattel komplementiert die ERGOWAVE Erfolgsserie \u00fcberzeugende Form und das hochgezogene Heck sorgt f\u00fcr den perfekten Halt nach hinten optimale Druckverteilung bis in die tiefen Strukturen des K\u00f6rpers das Polstermaterial wurde speziell auf die Anforderungen des MTB angepasst die Flexeigenschaften des Sattels sind f\u00fcr einen optimalen Komfortbis 75kg abgestimmt.<\/p>\n<ul>\n<li>CrMo-Streben<\/li>\n<li>C84 Bezug<\/li>\n<li>Polsterung Light PU<\/li>\n<li><strong>Gestell: <\/strong>CrMo<\/li>\n<li><strong>Farbe:<\/strong> grau<\/li>\n<\/ul>\n<ul>\n<li><strong>Material: <\/strong>CrMo \/ C84 Kevlar<\/li>\n<li><strong>Geschlecht:<\/strong> Unisex<\/li>\n<li><strong>Max. Belastung:<\/strong> 75 kg<\/li>\n<\/ul>\n","protected":false},"excerpt":{"rendered":"<ul>\n<li><strong>Ergonomisches Design und Unterst\u00fctzung:<\/strong> Der SQ-lab Sattel 611 Ergowave CrMo verf\u00fcgt \u00fcber eine ergonomische Form mit einem erh\u00f6hten Heckbereich, der hervorragenden Halt und Druckverteilung gew\u00e4hrleistet und den Komfort bei MTB-Fahrten erh\u00f6ht.<\/li>\n<li><strong>Hochwertige Materialien:<\/strong> Gefertigt mit CrMo-Stahl f\u00fcr das Gestell und C84 Kevlar f\u00fcr den Bezug, zusammen mit einer leichten PU-Polsterung, kombiniert der Sattel Haltbarkeit mit leichtem Komfort, geeignet f\u00fcr anspruchsvolle Radfahrbedingungen.<\/li>\n<li><strong>Optimaler Komfort und Flexibilit\u00e4t:<\/strong> Entwickelt f\u00fcr Fahrer bis 75 kg, verbessern die flexiblen Eigenschaften und die spezielle Polsterung des Sattels den Komfort, indem sie sich bei l\u00e4ngerem Gebrauch an tiefe K\u00f6rperstrukturen anpassen.<\/li>\n<li><strong>Funktionale und \u00e4sthetische Merkmale:<\/strong> Die Form und das Design des Sattels, gepaart mit einer eleganten grauen Farbe, machen ihn zu einer funktionalen und optisch ansprechenden Wahl f\u00fcr Radfahrer, die hohe Leistung und Stil suchen.<\/li>\n<li><strong>Unisex und vielseitige Anwendung:<\/strong> Geeignet f\u00fcr beide Geschlechter, ist der Sattel auf die spezifischen Bed\u00fcrfnisse von MTB-Enthusiasten zugeschnitten, wodurch eine breite Palette von Benutzern von seinen ergonomischen Eigenschaften profitieren kann.<\/li>\n<\/ul>\n","protected":false},"featured_media":1694,"template":"","meta":{"_et_pb_use_builder":"","_et_pb_old_content":"","_et_gb_content_width":""},"product_brand":[],"product_cat":[111],"product_tag":[167],"class_list":{"0":"post-2969","1":"product","2":"type-product","3":"status-publish","4":"has-post-thumbnail","6":"product_cat-sattel","7":"product_tag-sq-lab","9":"first","10":"instock","11":"taxable","12":"shipping-taxable","13":"purchasable","14":"product-type-simple"},"_links":{"self":[{"href":"https:\/\/thehandlebar.biz\/de\/wp-json\/wp\/v2\/product\/2969","targetHints":{"allow":["GET"]}}],"collection":[{"href":"https:\/\/thehandlebar.biz\/de\/wp-json\/wp\/v2\/product"}],"about":[{"href":"https:\/\/thehandlebar.biz\/de\/wp-json\/wp\/v2\/types\/product"}],"wp:featuredmedia":[{"embeddable":true,"href":"https:\/\/thehandlebar.biz\/de\/wp-json\/wp\/v2\/media\/1694"}],"wp:attachment":[{"href":"https:\/\/thehandlebar.biz\/de\/wp-json\/wp\/v2\/media?parent=2969"}],"wp:term":[{"taxonomy":"product_brand","embeddable":true,"href":"https:\/\/thehandlebar.biz\/de\/wp-json\/wp\/v2\/product_brand?post=2969"},{"taxonomy":"product_cat","embeddable":true,"href":"https:\/\/thehandlebar.biz\/de\/wp-json\/wp\/v2\/product_cat?post=2969"},{"taxonomy":"product_tag","embeddable":true,"href":"https:\/\/thehandlebar.biz\/de\/wp-json\/wp\/v2\/product_tag?post=2969"}],"curies":[{"name":"wp","href":"https:\/\/api.w.org\/{rel}","templated":true}]}}