{"id":2990,"date":"2025-10-04T14:22:45","date_gmt":"2025-10-04T14:22:45","guid":{"rendered":"https:\/\/thehandlebar.biz\/produkt\/terravail-cannonball-650b-x-47-mm\/"},"modified":"2025-10-04T14:22:45","modified_gmt":"2025-10-04T14:22:45","slug":"terravail-cannonball-650b-x-47-mm","status":"publish","type":"product","link":"https:\/\/thehandlebar.biz\/de\/produkt\/terravail-cannonball-650b-x-47-mm\/","title":{"rendered":"Terravail Cannonball 650b x 47 mm"},"content":{"rendered":"<p>650b Teravail Gravel Reifen<\/p>\n","protected":false},"excerpt":{"rendered":"<h2 class=\"product-detail-description__title\">Teravail Cannonball Faltreifen \u2013 Durable \u2013 Schwarz<\/h2>\n<div class=\"product-detail-description__content\">\n<div class=\"cms-content\">\n<p><strong>RoadBIKE 09\/2019 \u2013 Urteil: Sehr gut!<\/strong><\/p>\n<p>Der Cannonball-Reifen ist als erstklassiger Gravel-Rennreifen konzipiert. Das vorw\u00e4rtsgerichtete, dichte Mittelprofil verringert effizient den Rollwiderstand, w\u00e4hrend sich die seitlichen Stollen positiv auf die Kurvenagilit\u00e4t auswirken. <\/p>\n<\/div>\n<\/div>\n","protected":false},"featured_media":1940,"template":"","meta":{"_et_pb_use_builder":"","_et_pb_old_content":"","_et_gb_content_width":""},"product_brand":[],"product_cat":[163],"product_tag":[],"class_list":{"0":"post-2990","1":"product","2":"type-product","3":"status-publish","4":"has-post-thumbnail","6":"product_cat-gravel-reifen","8":"first","9":"instock","10":"sale","11":"taxable","12":"shipping-taxable","13":"purchasable","14":"product-type-simple"},"_links":{"self":[{"href":"https:\/\/thehandlebar.biz\/de\/wp-json\/wp\/v2\/product\/2990","targetHints":{"allow":["GET"]}}],"collection":[{"href":"https:\/\/thehandlebar.biz\/de\/wp-json\/wp\/v2\/product"}],"about":[{"href":"https:\/\/thehandlebar.biz\/de\/wp-json\/wp\/v2\/types\/product"}],"wp:featuredmedia":[{"embeddable":true,"href":"https:\/\/thehandlebar.biz\/de\/wp-json\/wp\/v2\/media\/1940"}],"wp:attachment":[{"href":"https:\/\/thehandlebar.biz\/de\/wp-json\/wp\/v2\/media?parent=2990"}],"wp:term":[{"taxonomy":"product_brand","embeddable":true,"href":"https:\/\/thehandlebar.biz\/de\/wp-json\/wp\/v2\/product_brand?post=2990"},{"taxonomy":"product_cat","embeddable":true,"href":"https:\/\/thehandlebar.biz\/de\/wp-json\/wp\/v2\/product_cat?post=2990"},{"taxonomy":"product_tag","embeddable":true,"href":"https:\/\/thehandlebar.biz\/de\/wp-json\/wp\/v2\/product_tag?post=2990"}],"curies":[{"name":"wp","href":"https:\/\/api.w.org\/{rel}","templated":true}]}}