{"id":2992,"date":"2025-10-04T14:11:08","date_gmt":"2025-10-04T14:11:08","guid":{"rendered":"https:\/\/thehandlebar.biz\/produkt\/terravail-waschburn-650b-x-47-mm\/"},"modified":"2025-10-04T14:11:08","modified_gmt":"2025-10-04T14:11:08","slug":"terravail-waschburn-650b-x-47-mm","status":"publish","type":"product","link":"https:\/\/thehandlebar.biz\/de\/produkt\/terravail-waschburn-650b-x-47-mm\/","title":{"rendered":"TERRAVAIL Waschburn 650b x 47 mm"},"content":{"rendered":"","protected":false},"excerpt":{"rendered":"<div id=\"js-description\" class=\"txt-base descripcion-length\">\n<p><span id=\"desc\">Washburn Durable 60 TPI Tubeless 650B x 47 Gravel Reifen.<\/span><\/p>\n<p>Gr\u00f6\u00dfe: 650B \/ 47.<\/p>\n<p>Egal, ob Ihre Strecke \u00fcber raue Stra\u00dfen oder schnellen Schotter f\u00fchrt oder sogar beides am selben Tag, Washburn ist f\u00fcr diese Aufgabe gebaut.<\/p>\n<p>Sein Slick in der Mitte sorgt f\u00fcr eine hervorragende Laufeffizienz auf Asphalt und festem Schmutz, w\u00e4hrend die Schulterstollen in den Kurven \u00fcbernehmen und sich f\u00fcr Vertrauen in lockeren Kurven eingraben.<\/p>\n<p>Eigenschaften:<\/p>\n<p>&#8211; Das mittlere Profil ist glatt, um den Rollwiderstand zu minimieren und die Geschwindigkeit zu maximieren.<\/p>\n<p>&#8211; \u00dcbergangsstollen sind eng beieinander angeordnet, um eine progressive anf\u00e4ngliche Kurvenfahrt zu erm\u00f6glichen.<\/p>\n<p>&#8211; Seitenstollen sind so angeordnet, dass sie sich beim Kurvenfahren und beim Fahren auf losem Untergrund eingraben.<\/p>\n<p>&nbsp;<\/p>\n<\/div>\n","protected":false},"featured_media":1936,"template":"","meta":{"_et_pb_use_builder":"","_et_pb_old_content":"","_et_gb_content_width":""},"product_brand":[72],"product_cat":[163,104],"product_tag":[179],"class_list":{"0":"post-2992","1":"product","2":"type-product","3":"status-publish","4":"has-post-thumbnail","6":"product_brand-terravail","7":"product_cat-gravel-reifen","8":"product_cat-nicht-kategorisiert","9":"product_tag-terravail","11":"first","12":"instock","13":"sale","14":"taxable","15":"shipping-taxable","16":"purchasable","17":"product-type-simple"},"_links":{"self":[{"href":"https:\/\/thehandlebar.biz\/de\/wp-json\/wp\/v2\/product\/2992","targetHints":{"allow":["GET"]}}],"collection":[{"href":"https:\/\/thehandlebar.biz\/de\/wp-json\/wp\/v2\/product"}],"about":[{"href":"https:\/\/thehandlebar.biz\/de\/wp-json\/wp\/v2\/types\/product"}],"wp:featuredmedia":[{"embeddable":true,"href":"https:\/\/thehandlebar.biz\/de\/wp-json\/wp\/v2\/media\/1936"}],"wp:attachment":[{"href":"https:\/\/thehandlebar.biz\/de\/wp-json\/wp\/v2\/media?parent=2992"}],"wp:term":[{"taxonomy":"product_brand","embeddable":true,"href":"https:\/\/thehandlebar.biz\/de\/wp-json\/wp\/v2\/product_brand?post=2992"},{"taxonomy":"product_cat","embeddable":true,"href":"https:\/\/thehandlebar.biz\/de\/wp-json\/wp\/v2\/product_cat?post=2992"},{"taxonomy":"product_tag","embeddable":true,"href":"https:\/\/thehandlebar.biz\/de\/wp-json\/wp\/v2\/product_tag?post=2992"}],"curies":[{"name":"wp","href":"https:\/\/api.w.org\/{rel}","templated":true}]}}