{"id":2997,"date":"2025-10-21T19:47:51","date_gmt":"2025-10-21T19:47:51","guid":{"rendered":"https:\/\/thehandlebar.biz\/produkt\/pearl-caccia-slx-56-58-cm-shimano-105\/"},"modified":"2025-10-21T19:47:51","modified_gmt":"2025-10-21T19:47:51","slug":"pearl-caccia-slx-56-58-cm-shimano-105","status":"publish","type":"product","link":"https:\/\/thehandlebar.biz\/de\/produkt\/pearl-caccia-slx-56-58-cm-shimano-105\/","title":{"rendered":"Pearl CACCIA SLX 56\/58 cm Shimano 105 &#8211;"},"content":{"rendered":"<p>\u201eHervorragende Klettereigenschaften\u201c<\/p>\n<p>\u201eCaccia SLX\u201c \u2013 das ideale Rennrad f\u00fcr Einsteiger. Entwickelt mit Fokus auf geringes Gewicht, bietet dieses Rad Anf\u00e4ngern einen idealen Einstieg und \u00fcberzeugt gleichzeitig mit einem reaktionsschnellen und agilen Fahrgef\u00fchl. Das \u201eCaccia SLX\u201c wurde entwickelt, um Fahrern zu helfen, ihre Fahrtechnik zu verbessern und Selbstvertrauen auf der Stra\u00dfe zu gewinnen. Dank seiner leichten Konstruktion und benutzerfreundlichen Eigenschaften ist es der perfekte Begleiter f\u00fcr alle, die ihre Rennradkarriere beginnen und jede Fahrt zu einem genussvollen und lehrreichen Erlebnis machen.   <\/p>\n<p>Ausstattung<br \/>\n\u2022 Leichtes Endurance-Design<br \/>\n\u2022 Unidirektionale Carbonfaser<br \/>\n\u2022 Ovaler Rohrdurchmesser f\u00fcr Komfort und minimales Gewicht<br \/>\n\u2022 Quadratische Kettenstreben f\u00fcr optimale Kraft\u00fcbertragung hinten, flexible Sitzstreben f\u00fcr hohen Komfort<\/p>\n<p>\u2022 28 mm Reifenfreiheit<br \/>\n\u2022 12-mm-Achsen erh\u00f6hen die Steifigkeit der Laufr\u00e4der im Vergleich zu herk\u00f6mmlichen Schnellspannern<\/p>\n<p>\u2022 Breite Endurance-Gabel und Steuerrohr f\u00fcr erh\u00f6hte Steifigkeit des Vorderbaus<\/p>\n<p>Laufr\u00e4der<br \/>\n\u2022 DT Swiss 350 Naben Schweizer Pr\u00e4zision und unverw\u00fcstliche Leichtbau-Naben aus den Alpen<\/p>\n<p>\u2022 Sapim-Speichen sind die besten Speichen der Welt \u2013 sie sind extrem langlebig und bieten h\u00f6chste Zuverl\u00e4ssigkeit.<\/p>\n<p>\u2022 Pearl AIR-Felgen verf\u00fcgen \u00fcber eine patentierte Harzmischung, die im Formgebungsprozess f\u00fcr eine gleichm\u00e4\u00dfige Verteilung sorgt und unsere Felgen dadurch unglaublich steif macht.<\/p>\n<p>\u2022 AIR-Felgen sind tubeless-ready, extrem robust und bestehen alle UCI-Tests.<\/p>\n","protected":false},"excerpt":{"rendered":"<p>\u201eHervorragende Klettereigenschaften\u201c \u201eCaccia SLX\u201c \u2013 das ideale Rennrad f\u00fcr Einsteiger. Entwickelt mit Fokus auf geringes Gewicht, bietet dieses Rad Anf\u00e4ngern einen idealen Einstieg und \u00fcberzeugt gleichzeitig mit einem reaktionsschnellen und agilen Fahrgef\u00fchl. Das \u201eCaccia SLX\u201c wurde entwickelt, um Fahrern zu helfen, ihre Fahrtechnik zu verbessern und Selbstvertrauen auf der Stra\u00dfe zu gewinnen. Dank seiner leichten [&hellip;]<\/p>\n","protected":false},"featured_media":2034,"template":"","meta":{"_et_pb_use_builder":"","_et_pb_old_content":"","_et_gb_content_width":""},"product_brand":[],"product_cat":[180],"product_tag":[102],"class_list":{"0":"post-2997","1":"product","2":"type-product","3":"status-publish","4":"has-post-thumbnail","6":"product_cat-sale","7":"product_tag-pearl-cycles","9":"first","10":"instock","11":"sale","12":"taxable","13":"shipping-taxable","14":"purchasable","15":"product-type-simple"},"_links":{"self":[{"href":"https:\/\/thehandlebar.biz\/de\/wp-json\/wp\/v2\/product\/2997","targetHints":{"allow":["GET"]}}],"collection":[{"href":"https:\/\/thehandlebar.biz\/de\/wp-json\/wp\/v2\/product"}],"about":[{"href":"https:\/\/thehandlebar.biz\/de\/wp-json\/wp\/v2\/types\/product"}],"wp:featuredmedia":[{"embeddable":true,"href":"https:\/\/thehandlebar.biz\/de\/wp-json\/wp\/v2\/media\/2034"}],"wp:attachment":[{"href":"https:\/\/thehandlebar.biz\/de\/wp-json\/wp\/v2\/media?parent=2997"}],"wp:term":[{"taxonomy":"product_brand","embeddable":true,"href":"https:\/\/thehandlebar.biz\/de\/wp-json\/wp\/v2\/product_brand?post=2997"},{"taxonomy":"product_cat","embeddable":true,"href":"https:\/\/thehandlebar.biz\/de\/wp-json\/wp\/v2\/product_cat?post=2997"},{"taxonomy":"product_tag","embeddable":true,"href":"https:\/\/thehandlebar.biz\/de\/wp-json\/wp\/v2\/product_tag?post=2997"}],"curies":[{"name":"wp","href":"https:\/\/api.w.org\/{rel}","templated":true}]}}