{"id":3012,"date":"2025-09-16T08:56:23","date_gmt":"2025-09-16T08:56:23","guid":{"rendered":"https:\/\/thehandlebar.biz\/produkt\/pearl-empire-slx-campagnolo-ekar\/"},"modified":"2025-09-16T08:56:23","modified_gmt":"2025-09-16T08:56:23","slug":"pearl-empire-slx-campagnolo-ekar","status":"publish","type":"product","link":"https:\/\/thehandlebar.biz\/de\/produkt\/pearl-empire-slx-campagnolo-ekar\/","title":{"rendered":"PEARL EMPIRE SLX &#8211; Campagnolo Ekar"},"content":{"rendered":"<p><strong>Spezifikationen<\/strong><\/p>\n<ul>\n<li>Voll-Aero-Performance-Modell aus optimierter aerodynamischer unidirektionaler Carbonfaser.<\/li>\n<li>Kammtail Aero-Rohrdesign \u2013 optimierter Komfort und Aerodynamik<\/li>\n<li>Tropfenf\u00f6rmige Hinterbaustrebe f\u00fcr zus\u00e4tzlichen Komfort bei Bedarf \u2013 und gr\u00f6\u00dfere Reifenfreiheit. <\/li>\n<li>Integrierte Aero-Gabel mit breitem Stand \u2013 erh\u00f6ht Aerodynamik und Stabilit\u00e4t im Vergleich zu schmaleren Gabeln mit 1 \u00bc\u201c Durchmesser.<\/li>\n<li>Monocoque-Lenker mit innenverlegten Z\u00fcgen erh\u00f6ht die Kraft\u00fcbertragung im Wiegetritt.<\/li>\n<li>Flat-Mount-Bremsen bieten bessere Bremsleistung und Steifigkeit.<\/li>\n<li>Innenverlegte Z\u00fcge im Rahmen minimieren den Luftwiderstand.<\/li>\n<li>BB86 breiterer Lagerabstand f\u00fcr effektive Kraft\u00fcbertragung.<\/li>\n<li>32 mm Reifenfreiheit<\/li>\n<li>12 mm Achsen erh\u00f6hen die Steifigkeit des Laufrads im Vergleich zu herk\u00f6mmlichen Schnellspannern.<\/li>\n<li>Rahmengewicht 850 gr<\/li>\n<li>Gabelgewicht 390 gr<\/li>\n<\/ul>\n<p><strong>Laufr\u00e4der<\/strong><\/p>\n<ul>\n<li>DT Swiss 350 Naben. Schweizer Pr\u00e4zision und unzerst\u00f6rbare Leichtbaunaben aus den Alpen. <\/li>\n<li>Sapim Speichen sind die besten Speichen auf diesem Planeten, die am l\u00e4ngsten halten und die h\u00f6chste Zuverl\u00e4ssigkeit bieten.<\/li>\n<li>Pearl AIR Felgen verf\u00fcgen \u00fcber eine patentierte Harzmischung, die eine gleichm\u00e4\u00dfige Verteilung im Formprozess gew\u00e4hrleistet und unsere Felgen unglaublich steif macht.<\/li>\n<li>AIR Felgen sind Tubeless Ready, unzerst\u00f6rbar und bestehen alle UCI-Tests.<\/li>\n<\/ul>\n<p>&nbsp;<\/p>\n<p><strong>Schaltung<\/strong><\/p>\n<ul>\n<li>Campagnolo Ekar.<\/li>\n<li>Exakte, zuverl\u00e4ssige Schaltung<\/li>\n<\/ul>\n","protected":false},"excerpt":{"rendered":"<p><strong>Das Empire SLX bietet das Beste aus beiden Welten. \u00dcberragendes   <\/strong><\/p>\n<p>aerodynamisches Design mit einem Ziel\u2026<\/p>\n<p>Unser Empire Rahmen ist der H\u00f6hepunkt aller Ingenieurskonstruktionen. Er bietet die bestm\u00f6gliche Aerodynamik, Komfort und Steifigkeit. Entwickelt f\u00fcr Leistung.  <\/p>\n<p><strong>Bessere Aerodynamik, mehr Reifenfreiheit und zus\u00e4tzlicher Komfort, weniger Gewicht. Ausgestattet mit Sram AXS Funkschaltung. <\/strong><\/p>\n<p><strong>Das Voll-Aero-Cockpit und der ultraleichte Carbonrahmen erm\u00f6glichen einen leichten und dennoch aerodynamischen Rahmen, der sowohl in bergigem als auch in flachem Gel\u00e4nde eingesetzt werden kann.<\/strong><\/p>\n<p>Das EMPIRE SLX wurde entwickelt, um leicht, steif und aerodynamisch zu sein und gleichzeitig Komfort f\u00fcr jede anspruchsvolle Fahrt in jedem Gel\u00e4nde zu bieten. Ein vollst\u00e4ndig integriertes Carbon-Cockpit verbessert die Aerodynamik und Kraft\u00fcbertragung auf die vordere H\u00e4lfte des Fahrrads. Das \u201eKammtail\u201c-Unterrohr und -Sitzrohr optimiert den Windwiderstand, spart Ihre Energie und steigert Ihre Leistung. Unsere Aero-Foil-Sitzstreben bieten Ihnen zus\u00e4tzlichen Komfort und minimalen Luftwiderstand.    <\/p>\n","protected":false},"featured_media":1630,"template":"","meta":{"_et_pb_use_builder":"","_et_pb_old_content":"","_et_gb_content_width":""},"product_brand":[],"product_cat":[125],"product_tag":[102],"class_list":{"0":"post-3012","1":"product","2":"type-product","3":"status-publish","4":"has-post-thumbnail","6":"product_cat-pearl-cycles","7":"product_tag-pearl-cycles","9":"first","10":"instock","11":"taxable","12":"shipping-taxable","13":"purchasable","14":"product-type-variable"},"_links":{"self":[{"href":"https:\/\/thehandlebar.biz\/de\/wp-json\/wp\/v2\/product\/3012","targetHints":{"allow":["GET"]}}],"collection":[{"href":"https:\/\/thehandlebar.biz\/de\/wp-json\/wp\/v2\/product"}],"about":[{"href":"https:\/\/thehandlebar.biz\/de\/wp-json\/wp\/v2\/types\/product"}],"wp:featuredmedia":[{"embeddable":true,"href":"https:\/\/thehandlebar.biz\/de\/wp-json\/wp\/v2\/media\/1630"}],"wp:attachment":[{"href":"https:\/\/thehandlebar.biz\/de\/wp-json\/wp\/v2\/media?parent=3012"}],"wp:term":[{"taxonomy":"product_brand","embeddable":true,"href":"https:\/\/thehandlebar.biz\/de\/wp-json\/wp\/v2\/product_brand?post=3012"},{"taxonomy":"product_cat","embeddable":true,"href":"https:\/\/thehandlebar.biz\/de\/wp-json\/wp\/v2\/product_cat?post=3012"},{"taxonomy":"product_tag","embeddable":true,"href":"https:\/\/thehandlebar.biz\/de\/wp-json\/wp\/v2\/product_tag?post=3012"}],"curies":[{"name":"wp","href":"https:\/\/api.w.org\/{rel}","templated":true}]}}