{"id":3019,"date":"2025-09-16T09:21:41","date_gmt":"2025-09-16T09:21:41","guid":{"rendered":"https:\/\/thehandlebar.biz\/produkt\/pearl-gravel-evo-air-grx-600\/"},"modified":"2025-09-16T09:21:41","modified_gmt":"2025-09-16T09:21:41","slug":"pearl-gravel-evo-air-grx-600","status":"publish","type":"product","link":"https:\/\/thehandlebar.biz\/de\/produkt\/pearl-gravel-evo-air-grx-600\/","title":{"rendered":"PEARL GRAVEL EVO AIR GRX 600"},"content":{"rendered":"<p>&nbsp;<\/p>\n<p>Performance Gravel<\/p>\n<p>\u201eEvolution statt Revolution, entwickelt f\u00fcr maximale Geschwindigkeit in jedem Gel\u00e4nde\u201c<\/p>\n<p>Mit seinen Hochleistungskomponenten und fortschrittlicher Technologie bietet das \u201eGravel Evo Air\u201c ein unvergleichliches Erlebnis, das Ihnen hilft, selbst anspruchsvollstes Gel\u00e4nde m\u00fchelos zu meistern. Ob Sie abgelegene Wege erkunden oder an Gravel-Rennen teilnehmen, die Pr\u00e4zision und Agilit\u00e4t dieses Fahrrads werden Sie begeistern. Das \u201eGravel Evo Air\u201c ist die ultimative Wahl f\u00fcr alle, die Spitzenleistung im Gravel-Biking suchen.  <\/p>\n<p>&nbsp;<\/p>\n<p>&nbsp;<\/p>\n","protected":false},"excerpt":{"rendered":"<ul>\n<li>Aerodynamisches Cockpit und interne Zugf\u00fchrung<\/li>\n<li>Performance-Geometrie<\/li>\n<li>Unidirektionale Carbonfaser<\/li>\n<li>F\u00fcr Performance entwickelt, leicht und passend f\u00fcr 47 mm Reifen.<\/li>\n<li>Tretlager mit \u00fcberdimensioniertem Durchmesser, das die Kraft\u00fcbertragung optimiert.<\/li>\n<li>12 mm Achsen erh\u00f6hen die Steifigkeit des Laufrads im Vergleich zu herk\u00f6mmlichen Schnellspannern.<\/li>\n<li>Breit stehende Aero-Gabel und Steuerrohr, die die Steifigkeit des vorderen Rahmenteils erh\u00f6hen.<\/li>\n<li>Passend f\u00fcr Schutzbleche, Gep\u00e4cktr\u00e4ger und alle Bikepacking-Taschen.<\/li>\n<li>Carbon-Flex-Sattelst\u00fctze bietet Nachgiebigkeit.<\/li>\n<\/ul>\n<p>&nbsp;<\/p>\n<p>Laufr\u00e4der \/ Gravel<\/p>\n<ul>\n<li>DT Swiss 350 Naben. Schweizer Pr\u00e4zision und unzerst\u00f6rbare Leichtbaunaben aus den Alpen. <\/li>\n<li>Sapim Speichen sind die besten Speichen auf diesem Planeten, die am l\u00e4ngsten halten und die h\u00f6chste Zuverl\u00e4ssigkeit bieten.<\/li>\n<li>Pearl AIR Felgen verf\u00fcgen \u00fcber eine patentierte Harzmischung, die eine gleichm\u00e4\u00dfige Verteilung im Formprozess gew\u00e4hrleistet und unsere Felgen unglaublich steif macht.<\/li>\n<li>AIR Felgen sind Tubeless Ready, unzerst\u00f6rbar und bestehen alle UCI-Tests.<\/li>\n<li>22 mm Innendurchmesser<\/li>\n<\/ul>\n<p>&nbsp;<\/p>\n<p>&nbsp;<\/p>\n<p><strong> <\/strong><\/p>\n","protected":false},"featured_media":0,"template":"","meta":{"_et_pb_use_builder":"on","_et_pb_old_content":"\u00a0\n\nPerformance Gravel\n\n\u201eEvolution statt Revolution, entwickelt f\u00fcr maximale Geschwindigkeit in jedem Gel\u00e4nde\u201c\n\nMit seinen Hochleistungskomponenten und fortschrittlicher Technologie bietet das \u201eGravel Evo Air\u201c ein unvergleichliches Erlebnis, das Ihnen hilft, selbst anspruchsvollstes Gel\u00e4nde m\u00fchelos zu meistern. Ob Sie abgelegene Wege erkunden oder an Gravel-Rennen teilnehmen, die Pr\u00e4zision und Agilit\u00e4t dieses Fahrrads werden Sie begeistern. Das \u201eGravel Evo Air\u201c ist die ultimative Wahl f\u00fcr alle, die Spitzenleistung im Gravel-Biking suchen.  \n\n\u00a0\n\n\u00a0","_et_gb_content_width":""},"product_brand":[],"product_cat":[185],"product_tag":[103,102],"class_list":{"0":"post-3019","1":"product","2":"type-product","3":"status-publish","5":"product_cat-pearl-performance-gravel","6":"product_tag-gravelbike","7":"product_tag-pearl-cycles","9":"first","10":"instock","11":"taxable","12":"shipping-taxable","13":"purchasable","14":"product-type-variable"},"_links":{"self":[{"href":"https:\/\/thehandlebar.biz\/de\/wp-json\/wp\/v2\/product\/3019","targetHints":{"allow":["GET"]}}],"collection":[{"href":"https:\/\/thehandlebar.biz\/de\/wp-json\/wp\/v2\/product"}],"about":[{"href":"https:\/\/thehandlebar.biz\/de\/wp-json\/wp\/v2\/types\/product"}],"wp:attachment":[{"href":"https:\/\/thehandlebar.biz\/de\/wp-json\/wp\/v2\/media?parent=3019"}],"wp:term":[{"taxonomy":"product_brand","embeddable":true,"href":"https:\/\/thehandlebar.biz\/de\/wp-json\/wp\/v2\/product_brand?post=3019"},{"taxonomy":"product_cat","embeddable":true,"href":"https:\/\/thehandlebar.biz\/de\/wp-json\/wp\/v2\/product_cat?post=3019"},{"taxonomy":"product_tag","embeddable":true,"href":"https:\/\/thehandlebar.biz\/de\/wp-json\/wp\/v2\/product_tag?post=3019"}],"curies":[{"name":"wp","href":"https:\/\/api.w.org\/{rel}","templated":true}]}}