{"id":3031,"date":"2025-09-16T11:14:53","date_gmt":"2025-09-16T11:14:53","guid":{"rendered":"https:\/\/thehandlebar.biz\/produkt\/enve-mog-gravel-bike\/"},"modified":"2025-09-16T11:14:53","modified_gmt":"2025-09-16T11:14:53","slug":"enve-mog-gravel-bike","status":"publish","type":"product","link":"https:\/\/thehandlebar.biz\/de\/produkt\/enve-mog-gravel-bike\/","title":{"rendered":"ENVE MOG GRAVEL BIKE"},"content":{"rendered":"<table>\n<tbody>\n<tr>\n<td><strong>Rahmenmaterial<\/strong><\/td>\n<td>ENVE M.O.D Carbon, 12&#215;142 Steckachse, Flat-Mount Scheibenbremse, T47 Tretlager mit Gewinde, Interne Zugf\u00fchrung, Schutzblechkompatibel<\/td>\n<\/tr>\n<tr>\n<td><strong>Gabelmaterial<\/strong><\/td>\n<td>ENVE M.O.D Carbon, 12&#215;100 Steckachse, Flat-Mount Scheibenbremse, Interne Zugf\u00fchrung, Schutzblechkompatibel<\/td>\n<\/tr>\n<tr>\n<td><strong>Einsatzbereich<\/strong><\/td>\n<td>Gravel-Rennen\/Fahren\/Erkundung\/Abenteuer<\/td>\n<\/tr>\n<tr>\n<td><strong>Gr\u00f6\u00dfen (cm)<\/strong><\/td>\n<td>49, 52, 54, 56, 58, 60<\/td>\n<\/tr>\n<tr>\n<td><strong>Gabelvorbiegung<\/strong><\/td>\n<td>57, 55, 53<\/td>\n<\/tr>\n<tr>\n<td><strong>Gabelh\u00f6he (Achse zu Krone)<\/strong><\/td>\n<td>395 mm<\/td>\n<\/tr>\n<tr>\n<td><strong>Rahmengr\u00f6\u00dfe\/Gabelvorbiegung<\/strong><\/td>\n<td>49 cm\/57, 52 cm\/57, 54 cm\/55, 56 cm\/55, 58 cm\/53, 60 cm\/53<\/td>\n<\/tr>\n<tr>\n<td><strong>Rahmengewicht<\/strong><\/td>\n<td>950 g +\/- 2 % (Gr\u00f6\u00dfe 56, lackiert, ohne Anbauteile)<\/td>\n<\/tr>\n<tr>\n<td><strong>Steuersatz<\/strong><\/td>\n<td>ENVE Integrated IS52\/IS52 Internal Drop-In<\/td>\n<\/tr>\n<tr>\n<td><strong>Steuersatzlager<\/strong><\/td>\n<td>1.5&#8243; IS52 oben und unten<\/td>\n<\/tr>\n<tr>\n<td><strong>Sattelst\u00fctzendurchmesser<\/strong><\/td>\n<td>27.2<\/td>\n<\/tr>\n<tr>\n<td><strong>Tretlagertyp<\/strong><\/td>\n<td>T47 Innenlager<\/td>\n<\/tr>\n<tr>\n<td><strong>Bremsaufnahme<\/strong><\/td>\n<td>Flat Mount<\/td>\n<\/tr>\n<tr>\n<td><strong>Bremsscheibenkompatibilit\u00e4t<\/strong><\/td>\n<td>V: 160\/180, H: 140\/160 (Adapter erforderlich)<\/td>\n<\/tr>\n<tr>\n<td><strong>Vorderachse<\/strong><\/td>\n<td>12&#215;100 (Gesamtl\u00e4nge: 122, TP:1.5, TL:15)<\/td>\n<\/tr>\n<tr>\n<td><strong>Hinterachse<\/strong><\/td>\n<td>12&#215;142 (Gesamtl\u00e4nge: 168, TP:1.0, TL:14)<\/td>\n<\/tr>\n<tr>\n<td><strong>Minimale Reifengr\u00f6\u00dfe<\/strong><\/td>\n<td>700 x 36c<\/td>\n<\/tr>\n<tr>\n<td><strong>Optimale Reifengr\u00f6\u00dfe<\/strong><\/td>\n<td>700 x 40c-44c<\/td>\n<\/tr>\n<tr>\n<td><strong>Maximale Reifenfreiheit<\/strong><\/td>\n<td>700 x 50c<\/td>\n<\/tr>\n<tr>\n<td><strong>Rahmen-Zugf\u00fchrung<\/strong><\/td>\n<td>ENVE IN-Route Internal<\/td>\n<\/tr>\n<tr>\n<td><strong>Anzahl Flaschenhalter<\/strong><\/td>\n<td>3<\/td>\n<\/tr>\n<tr>\n<td><strong>Oberrohr-Befestigungen<\/strong><\/td>\n<td>Ja<\/td>\n<\/tr>\n<tr>\n<td><strong>Schutzblechmontage kompatibel<\/strong><\/td>\n<td>Ja<\/td>\n<\/tr>\n<tr>\n<td><strong>Laufradgr\u00f6\u00dfe<\/strong><\/td>\n<td>700C (650b nicht empfohlen)<\/td>\n<\/tr>\n<tr>\n<td><strong>Farbe<\/strong><\/td>\n<td>Pantone 7528C (entspricht Sand)<\/td>\n<\/tr>\n<\/tbody>\n<\/table>\n<p>&nbsp;<\/p>\n<p>&nbsp;<\/p>\n","protected":false},"excerpt":{"rendered":"<p>&nbsp;<\/p>\n<p>Voller Leistungsf\u00e4higkeit und \u00fcberbordender Vielseitigkeit er\u00f6ffnet das MOG eine Welt voller M\u00f6glichkeiten, von Abenteuer bis Rennen und allem dazwischen. Mit reichlich Reifenfreiheit, cleveren Staurauml\u00f6sungen und einer Performance-Geometrie bietet das MOG alles und noch mehr.<x id=\"gid_0\"><\/x>Das MOG wird typischerweise als Chassis-Set verkauft, bestehend aus Rahmen, Gabel, Steuersatz, Vorbau, Lenker und Sattelst\u00fctze. Um Ihren Aufbau zu beginnen, w\u00e4hlen Sie zun\u00e4chst Ihre Rahmengr\u00f6\u00dfe, Vorbaul\u00e4nge, Lenkerbreite, Lenkermodell und Sattelst\u00fctzentyp, je nach Ihrem Fahrstil und Ihren Vorlieben.<br \/>\nNur Rahmenset &#8211; $4100  <\/p>\n<p>&nbsp;<\/p>\n<ul>\n<li><strong>Rahmen- und Gabelmaterial sowie Kompatibilit\u00e4t:<\/strong> Sowohl Rahmen als auch Gabel bestehen aus ENVE M.O.D Carbon, mit Spezifikationen, die f\u00fcr Flat-Mount-Scheibenbremsen und interne Zugf\u00fchrung geeignet sind, kompatibel mit 12&#215;100 und 12&#215;142 Steckachsen.<\/li>\n<li><strong>Anwendungsbereich und Gr\u00f6\u00dfenbereich:<\/strong> Entwickelt f\u00fcr Gravel-Rennen, Fahrten, Erkundungen und Abenteuer, erh\u00e4ltlich in Gr\u00f6\u00dfen von 49 cm bis 60 cm, zugeschnitten auf unterschiedliche Fahrerbed\u00fcrfnisse.<\/li>\n<li><strong>Technische Daten und Abmessungen:<\/strong> Zu den Merkmalen geh\u00f6ren ein Gabel-Rake von 57-53 mm je nach Gr\u00f6\u00dfe, eine Gabel-Achse-zu-Krone-L\u00e4nge von 395 mm und ein Rahmengewicht von etwa 950 g, mit spezifischen Standards f\u00fcr Steuersatz, Sattelst\u00fctze und Tretlager.<\/li>\n<li><strong>Reifenkompatibilit\u00e4t und Montageoptionen:<\/strong> Unterst\u00fctzt Reifen von mindestens 700x36c bis maximal 700x50c, mit optimaler Leistung bei 700x40c-44c, und umfasst Schutzblechkompatibilit\u00e4t sowie interne Zugf\u00fchrung f\u00fcr Trinkflaschen und Kabel.<\/li>\n<li><strong>Design- und Farbdetails**:<\/strong> Der Rahmen ist in der Pantone-Farbe 7528C (Sand) gehalten und verf\u00fcgt \u00fcber Oberrohrbefestigungen, Schutzblechhalterungen und eine Laufradgr\u00f6\u00dfe, die f\u00fcr 700C-Laufr\u00e4der geeignet ist, 650b ausgeschlossen.<\/li>\n<\/ul>\n<p><strong> <\/strong><\/p>\n","protected":false},"featured_media":1542,"template":"","meta":{"_et_pb_use_builder":"","_et_pb_old_content":"","_et_gb_content_width":""},"product_brand":[],"product_cat":[187],"product_tag":[188,103],"class_list":{"0":"post-3031","1":"product","2":"type-product","3":"status-publish","4":"has-post-thumbnail","6":"product_cat-enve-mog-fahrrad","7":"product_tag-enve","8":"product_tag-gravelbike","10":"first","11":"instock","12":"taxable","13":"shipping-taxable","14":"purchasable","15":"product-type-variable"},"_links":{"self":[{"href":"https:\/\/thehandlebar.biz\/de\/wp-json\/wp\/v2\/product\/3031","targetHints":{"allow":["GET"]}}],"collection":[{"href":"https:\/\/thehandlebar.biz\/de\/wp-json\/wp\/v2\/product"}],"about":[{"href":"https:\/\/thehandlebar.biz\/de\/wp-json\/wp\/v2\/types\/product"}],"wp:featuredmedia":[{"embeddable":true,"href":"https:\/\/thehandlebar.biz\/de\/wp-json\/wp\/v2\/media\/1542"}],"wp:attachment":[{"href":"https:\/\/thehandlebar.biz\/de\/wp-json\/wp\/v2\/media?parent=3031"}],"wp:term":[{"taxonomy":"product_brand","embeddable":true,"href":"https:\/\/thehandlebar.biz\/de\/wp-json\/wp\/v2\/product_brand?post=3031"},{"taxonomy":"product_cat","embeddable":true,"href":"https:\/\/thehandlebar.biz\/de\/wp-json\/wp\/v2\/product_cat?post=3031"},{"taxonomy":"product_tag","embeddable":true,"href":"https:\/\/thehandlebar.biz\/de\/wp-json\/wp\/v2\/product_tag?post=3031"}],"curies":[{"name":"wp","href":"https:\/\/api.w.org\/{rel}","templated":true}]}}