{"id":3034,"date":"2025-09-16T09:50:12","date_gmt":"2025-09-16T09:50:12","guid":{"rendered":"https:\/\/thehandlebar.biz\/produkt\/pearl-gravel-evo-air-sram-force\/"},"modified":"2025-12-10T08:29:24","modified_gmt":"2025-12-10T08:29:24","slug":"pearl-gravel-evo-air-sram-force","status":"publish","type":"product","link":"https:\/\/thehandlebar.biz\/de\/produkt\/pearl-gravel-evo-air-sram-force\/","title":{"rendered":"PEARL GRAVEL EVO AIR SRAM Force"},"content":{"rendered":"<p>[et_pb_section fb_built=&#8221;1&#8243; _builder_version=&#8221;4.16&#8243; custom_padding=&#8221;0px||||false|false&#8221; global_colors_info=&#8221;{}&#8221;][et_pb_row _builder_version=&#8221;4.16&#8243; background_size=&#8221;initial&#8221; background_position=&#8221;top_left&#8221; background_repeat=&#8221;repeat&#8221; width=&#8221;100%&#8221; custom_padding=&#8221;0px||0px||false|false&#8221; global_colors_info=&#8221;{}&#8221;][et_pb_column type=&#8221;4_4&#8243; _builder_version=&#8221;4.16&#8243; custom_padding=&#8221;|||&#8221; global_colors_info=&#8221;{}&#8221; custom_padding__hover=&#8221;|||&#8221;][et_pb_wc_breadcrumb _builder_version=&#8221;4.16&#8243; global_colors_info=&#8221;{}&#8221;][\/et_pb_wc_breadcrumb][et_pb_wc_cart_notice _builder_version=&#8221;4.16&#8243; global_colors_info=&#8221;{}&#8221;][\/et_pb_wc_cart_notice][\/et_pb_column][\/et_pb_row][et_pb_row _builder_version=&#8221;4.16&#8243; background_size=&#8221;initial&#8221; background_position=&#8221;top_left&#8221; background_repeat=&#8221;repeat&#8221; width=&#8221;100%&#8221; custom_padding=&#8221;0px||||false|false&#8221; global_colors_info=&#8221;{}&#8221; column_structure=&#8221;1_2,1_2&#8243;][et_pb_column type=&#8221;1_2&#8243; _builder_version=&#8221;4.16&#8243; custom_padding=&#8221;|||&#8221; global_colors_info=&#8221;{}&#8221; custom_padding__hover=&#8221;|||&#8221;][et_pb_wc_images _builder_version=&#8221;4.16&#8243; global_colors_info=&#8221;{}&#8221;][\/et_pb_wc_images][et_pb_image _builder_version=&#8221;4.27.4&#8243; _module_preset=&#8221;default&#8221; title_text=&#8221;aero&#8221; src=&#8221;https:\/\/thehandlebar.biz\/wp-content\/uploads\/2025\/09\/aero-scaled.jpg&#8221; hover_enabled=&#8221;0&#8243; sticky_enabled=&#8221;0&#8243;][\/et_pb_image][\/et_pb_column][et_pb_column type=&#8221;1_2&#8243; _builder_version=&#8221;4.16&#8243; custom_padding=&#8221;|||&#8221; global_colors_info=&#8221;{}&#8221; custom_padding__hover=&#8221;|||&#8221;][et_pb_wc_title _builder_version=&#8221;4.16&#8243; global_colors_info=&#8221;{}&#8221;][\/et_pb_wc_title][et_pb_wc_rating _builder_version=&#8221;4.16&#8243; global_colors_info=&#8221;{}&#8221;][\/et_pb_wc_rating][et_pb_wc_price _builder_version=&#8221;4.16&#8243; global_colors_info=&#8221;{}&#8221;][\/et_pb_wc_price][et_pb_wc_description _builder_version=&#8221;4.16&#8243; global_colors_info=&#8221;{}&#8221;][\/et_pb_wc_description][et_pb_wc_add_to_cart _builder_version=&#8221;4.16&#8243; global_colors_info=&#8221;{}&#8221;][\/et_pb_wc_add_to_cart][et_pb_wc_meta _builder_version=&#8221;4.16&#8243; global_colors_info=&#8221;{}&#8221;][\/et_pb_wc_meta][\/et_pb_column][\/et_pb_row][et_pb_row _builder_version=&#8221;4.16&#8243; background_size=&#8221;initial&#8221; background_position=&#8221;top_left&#8221; background_repeat=&#8221;repeat&#8221; width=&#8221;100%&#8221; global_colors_info=&#8221;{}&#8221;][et_pb_column type=&#8221;4_4&#8243; _builder_version=&#8221;4.16&#8243; custom_padding=&#8221;|||&#8221; global_colors_info=&#8221;{}&#8221; custom_padding__hover=&#8221;|||&#8221;][et_pb_wc_tabs _builder_version=&#8221;4.16&#8243; global_colors_info=&#8221;{}&#8221;]\t\t\t\t\t[\/et_pb_wc_tabs][et_pb_wc_upsells _builder_version=&#8221;4.16&#8243; global_colors_info=&#8221;{}&#8221;][\/et_pb_wc_upsells][et_pb_wc_related_products _builder_version=&#8221;4.16&#8243; global_colors_info=&#8221;{}&#8221;][\/et_pb_wc_related_products][\/et_pb_column][\/et_pb_row][et_pb_row _builder_version=&#8221;4.27.4&#8243; _module_preset=&#8221;default&#8221; column_structure=&#8221;1_2,1_2&#8243;][et_pb_column _builder_version=&#8221;4.27.4&#8243; _module_preset=&#8221;default&#8221; type=&#8221;1_2&#8243;][\/et_pb_column][et_pb_column _builder_version=&#8221;4.27.4&#8243; _module_preset=&#8221;default&#8221; type=&#8221;1_2&#8243;][\/et_pb_column][\/et_pb_row][\/et_pb_section]<\/p>\n","protected":false},"excerpt":{"rendered":"<ul>\n<li>Aerodynamisches Cockpit und interne Zugf\u00fchrung<\/li>\n<li>Performance-Geometrie<\/li>\n<li>Unidirektionale Carbonfaser<\/li>\n<li>F\u00fcr Performance entwickelt, leicht und passend f\u00fcr 47 mm Reifen.<\/li>\n<li>Tretlager mit \u00fcberdimensioniertem Durchmesser, das die Kraft\u00fcbertragung optimiert.<\/li>\n<li>12 mm Achsen erh\u00f6hen die Steifigkeit des Laufrads im Vergleich zu herk\u00f6mmlichen Schnellspannern.<\/li>\n<li>Breit stehende Aero-Gabel und Steuerrohr, die die Steifigkeit des vorderen Rahmenteils erh\u00f6hen.<\/li>\n<li>Passend f\u00fcr Schutzbleche, Gep\u00e4cktr\u00e4ger und alle Bikepacking-Taschen.<\/li>\n<li>Carbon-Flex-Sattelst\u00fctze bietet Nachgiebigkeit.<\/li>\n<\/ul>\n<p>&nbsp;<\/p>\n<p>Laufr\u00e4der \/ Gravel<\/p>\n<ul>\n<li>DT Swiss 350 Naben. Schweizer Pr\u00e4zision und unzerst\u00f6rbare Leichtbaunaben aus den Alpen. <\/li>\n<li>Sapim Speichen sind die besten Speichen auf diesem Planeten, die am l\u00e4ngsten halten und die h\u00f6chste Zuverl\u00e4ssigkeit bieten.<\/li>\n<li>Pearl AIR Felgen verf\u00fcgen \u00fcber eine patentierte Harzmischung, die eine gleichm\u00e4\u00dfige Verteilung im Formprozess gew\u00e4hrleistet und unsere Felgen unglaublich steif macht.<\/li>\n<li>AIR Felgen sind Tubeless Ready, unzerst\u00f6rbar und bestehen alle UCI-Tests.<\/li>\n<li>22 mm Innendurchmesser<\/li>\n<\/ul>\n<p>&nbsp;<\/p>\n<p>&nbsp;<\/p>\n<p><strong> <\/strong><\/p>\n","protected":false},"featured_media":0,"template":"","meta":{"_et_pb_use_builder":"on","_et_pb_old_content":"Performance Gravel\n\n\u201eEvolution statt Revolution, entwickelt f\u00fcr maximale Geschwindigkeit in jedem Gel\u00e4nde\u201c\n\nMit seinen Hochleistungskomponenten und fortschrittlicher Technologie bietet das \u201eGravel Evo Air\u201c ein unvergleichliches Erlebnis, das Ihnen hilft, selbst anspruchsvollstes Gel\u00e4nde m\u00fchelos zu meistern. Ob Sie abgelegene Wege erkunden oder an Gravel-Rennen teilnehmen, die Pr\u00e4zision und Agilit\u00e4t dieses Fahrrads werden Sie begeistern. Das \u201eGravel Evo Air\u201c ist die ultimative Wahl f\u00fcr alle, die Spitzenleistung im Gravel-Biking suchen.  ","_et_gb_content_width":""},"product_brand":[61],"product_cat":[185],"product_tag":[103,102],"class_list":{"0":"post-3034","1":"product","2":"type-product","3":"status-publish","5":"product_brand-pearl-cycles","6":"product_cat-pearl-performance-gravel","7":"product_tag-gravelbike","8":"product_tag-pearl-cycles","10":"first","11":"instock","12":"taxable","13":"shipping-taxable","14":"purchasable","15":"product-type-variable"},"_links":{"self":[{"href":"https:\/\/thehandlebar.biz\/de\/wp-json\/wp\/v2\/product\/3034","targetHints":{"allow":["GET"]}}],"collection":[{"href":"https:\/\/thehandlebar.biz\/de\/wp-json\/wp\/v2\/product"}],"about":[{"href":"https:\/\/thehandlebar.biz\/de\/wp-json\/wp\/v2\/types\/product"}],"wp:attachment":[{"href":"https:\/\/thehandlebar.biz\/de\/wp-json\/wp\/v2\/media?parent=3034"}],"wp:term":[{"taxonomy":"product_brand","embeddable":true,"href":"https:\/\/thehandlebar.biz\/de\/wp-json\/wp\/v2\/product_brand?post=3034"},{"taxonomy":"product_cat","embeddable":true,"href":"https:\/\/thehandlebar.biz\/de\/wp-json\/wp\/v2\/product_cat?post=3034"},{"taxonomy":"product_tag","embeddable":true,"href":"https:\/\/thehandlebar.biz\/de\/wp-json\/wp\/v2\/product_tag?post=3034"}],"curies":[{"name":"wp","href":"https:\/\/api.w.org\/{rel}","templated":true}]}}