{"id":3041,"date":"2025-09-16T11:26:20","date_gmt":"2025-09-16T11:26:20","guid":{"rendered":"https:\/\/thehandlebar.biz\/produkt\/enve-fray-fahrrad\/"},"modified":"2025-09-16T11:26:20","modified_gmt":"2025-09-16T11:26:20","slug":"enve-fray-fahrrad","status":"publish","type":"product","link":"https:\/\/thehandlebar.biz\/de\/produkt\/enve-fray-fahrrad\/","title":{"rendered":"ENVE FRAY FAHRRAD"},"content":{"rendered":"<table width=\"723\">\n<tbody>\n<tr>\n<td width=\"263\"><strong>Rahmenmaterial<\/strong><\/td>\n<td width=\"460\">ENVE M.O.D Carbon, 12&#215;142 Steckachse, Flat Mount Disc, Tretlager mit Gewinde &amp;47, interne Kabelf\u00fchrung, Schutzblech kompatibel<\/td>\n<\/tr>\n<tr>\n<td width=\"263\"><strong>Gabelmaterial<\/strong><\/td>\n<td width=\"460\">ENVE M.O.D Carbon, 12&#215;100 Steckachse, Flat Mount Disc, interne Kabelf\u00fchrung, Schutzblech kompatibel<\/td>\n<\/tr>\n<tr>\n<td width=\"263\"><strong>Zielanwendung<\/strong><\/td>\n<td width=\"460\">All Road \/ Endurance \/ Gemischter Untergrund \/ Sportif \/ Fondo<\/td>\n<\/tr>\n<tr>\n<td width=\"263\"><strong>Gr\u00f6\u00dfen (cm)<\/strong><\/td>\n<td width=\"460\">47, 50, 52, 54, 56, 58, 60<\/td>\n<\/tr>\n<tr>\n<td width=\"263\"><strong>Gabelvorbiegung<\/strong><\/td>\n<td width=\"460\">55, 51, 47, 43<\/td>\n<\/tr>\n<tr>\n<td rowspan=\"2\" width=\"263\"><strong>Rahmengr\u00f6\u00dfe\/Gabelvorbiegung<\/strong><\/td>\n<td width=\"460\">47cm\/55, 50cm\/55, 52cm\/51, 54cm\/51,<\/td>\n<\/tr>\n<tr>\n<td width=\"460\">56cm\/47, 58cm\/47, 60cm\/43<\/td>\n<\/tr>\n<tr>\n<td width=\"263\"><strong>Rahmengewicht<\/strong><\/td>\n<td width=\"460\">900 g +\/- 2 % (Gr\u00f6\u00dfe 56, lackiert, ohne Hardware)<\/td>\n<\/tr>\n<tr>\n<td width=\"263\"><strong>Steuersatz<\/strong><\/td>\n<td width=\"460\">ENVE Integrated IS52\/IS52 Internal Drop-In<\/td>\n<\/tr>\n<tr>\n<td width=\"263\"><strong>Steuersatz<\/strong> <strong>Lager<\/strong><\/td>\n<td width=\"460\">1.5\u2033 IS52 oben und unten<\/td>\n<\/tr>\n<tr>\n<td width=\"263\"><strong>Sattelst\u00fctzendurchmesser<\/strong><\/td>\n<td width=\"460\">ENVE Aero<\/td>\n<\/tr>\n<tr>\n<td width=\"263\"><strong>Tretlagertyp<\/strong><\/td>\n<td width=\"460\">T47 Innenlager<\/td>\n<\/tr>\n<tr>\n<td width=\"263\"><strong>Bremsaufnahme<\/strong><\/td>\n<td width=\"460\">Flat Mount<\/td>\n<\/tr>\n<tr>\n<td width=\"263\"><strong>Vorderachse<\/strong><\/td>\n<td width=\"460\">12\u00d7100 (Gesamtl\u00e4nge: 122, TP:1.5, TL:15)<\/td>\n<\/tr>\n<tr>\n<td width=\"263\"><strong>Hinterachse<\/strong><\/td>\n<td width=\"460\">12\u00d7142 (Gesamtl\u00e4nge: 168, TP:1.0, TL:14)<\/td>\n<\/tr>\n<tr>\n<td width=\"263\"><strong>Minimale Reifengr\u00f6\u00dfe<\/strong><\/td>\n<td width=\"460\">27 mm<\/td>\n<\/tr>\n<tr>\n<td width=\"263\"><strong>Optimale Reifengr\u00f6\u00dfe<\/strong><\/td>\n<td width=\"460\">31 mm &#8211; 35 mm<\/td>\n<\/tr>\n<tr>\n<td width=\"263\"><strong>Maximale angegebene Reifenfreiheit 1x<\/strong><\/td>\n<td width=\"460\">40 mm<\/td>\n<\/tr>\n<tr>\n<td width=\"263\"><strong>Maximale angegebene Reifenfreiheit 2x<\/strong><\/td>\n<td width=\"460\">38 mm<\/td>\n<\/tr>\n<tr>\n<td width=\"263\"><strong>In-Frame-Aufbewahrung<\/strong><\/td>\n<td width=\"460\">Ja (2 Aufbewahrungsbeutel enthalten &#8211; je 18,22 Kubikzentimeter)<\/td>\n<\/tr>\n<tr>\n<td width=\"263\"><strong>Rahmen<\/strong> <strong>Kabelf\u00fchrung<\/strong><\/td>\n<td width=\"460\">Intern<\/td>\n<\/tr>\n<tr>\n<td width=\"263\"><strong>Flaschenhalterkapazit\u00e4t<\/strong><\/td>\n<td width=\"460\">3<\/td>\n<\/tr>\n<tr>\n<td width=\"263\"><strong>Oberrohr-Befestigungen<\/strong><\/td>\n<td width=\"460\">Ja<\/td>\n<\/tr>\n<tr>\n<td width=\"263\"><strong>Schutzblech kompatibel<\/strong><\/td>\n<td width=\"460\">Ja<\/td>\n<\/tr>\n<tr>\n<td width=\"263\"><strong>Radgr\u00f6\u00dfe<\/strong><\/td>\n<td width=\"460\">700c<\/td>\n<\/tr>\n<\/tbody>\n<\/table>\n<p>&nbsp;<\/p>\n","protected":false},"excerpt":{"rendered":"<p>All Road oder Endurance, nennen Sie es, wie Sie wollen. Das Fray ist f\u00fcr Fahrer, die Geschwindigkeit, Vielseitigkeit und maximale Leistung wollen \u2013 mit einem World Tour-Stammbaum und dem Ruf nach Erkundung. <\/p>\n<p>Ein ENVE-Chassis ist die Leinwand, auf der Sie Ihr Traumrad aufbauen k\u00f6nnen. Das Fray wird typischerweise als reines Chassis verkauft, das Rahmen, Gabel, Steuersatz, Vorbau, Lenker und Sattelst\u00fctze umfasst. Um mit Ihrem Aufbau zu beginnen, w\u00e4hlen Sie zun\u00e4chst Ihre Rahmengr\u00f6\u00dfe, Vorbaul\u00e4nge, Lenkerbreite und Sattelst\u00fctzenversatz aus. Wenn Sie Fragen zu Ihrer Passform haben, wenden Sie sich an Ihren ENVE-H\u00e4ndler und\/oder Bike-Fitter und verwenden Sie den ENVE Best-Fit-Rechner, um Ihre ideale Chassis-Konfiguration zu erreichen. Kombinieren Sie es von dort aus mit Ihrem bevorzugten Antriebsstrang und Ihrem bevorzugten SES- oder Foundation-Laufradsatz.    <\/p>\n<ul>\n<li><strong>Rahmen- und Gabelmaterial sowie Kompatibilit\u00e4t:<\/strong> Sowohl Rahmen als auch Gabel bestehen aus ENVE M.O.D Carbon, mit Spezifikationen, die f\u00fcr Flat-Mount-Scheibenbremsen und interne Zugf\u00fchrung geeignet sind, kompatibel mit 12&#215;100 und 12&#215;142 Steckachsen.<\/li>\n<li><strong>Anwendungsbereich und Gr\u00f6\u00dfenbereich:<\/strong> Entwickelt f\u00fcr Gravel-Rennen, Fahrten, Erkundungen und Abenteuer, erh\u00e4ltlich in Gr\u00f6\u00dfen von 49 cm bis 60 cm, zugeschnitten auf unterschiedliche Fahrerbed\u00fcrfnisse.<\/li>\n<li><strong>Technische Daten und Abmessungen:<\/strong> Zu den Merkmalen geh\u00f6ren ein Gabel-Rake von 57-53 mm je nach Gr\u00f6\u00dfe, eine Gabel-Achse-zu-Krone-L\u00e4nge von 395 mm und ein Rahmengewicht von etwa 950 g, mit spezifischen Standards f\u00fcr Steuersatz, Sattelst\u00fctze und Tretlager.<\/li>\n<li><strong>Reifenkompatibilit\u00e4t und Montageoptionen:<\/strong> Unterst\u00fctzt Reifen von mindestens 700x36c bis maximal 700x50c, mit optimaler Leistung bei 700x40c-44c, und umfasst Schutzblechkompatibilit\u00e4t sowie interne Zugf\u00fchrung f\u00fcr Trinkflaschen und Kabel.<\/li>\n<li><strong>Design- und Farbdetails**:<\/strong> Der Rahmen ist in der Pantone-Farbe 7528C (Sand) gehalten und verf\u00fcgt \u00fcber Oberrohrbefestigungen, Schutzblechhalterungen und eine Laufradgr\u00f6\u00dfe, die f\u00fcr 700C-Laufr\u00e4der geeignet ist, 650b ausgeschlossen.<\/li>\n<\/ul>\n<p><strong> <\/strong><\/p>\n","protected":false},"featured_media":1514,"template":"","meta":{"_et_pb_use_builder":"","_et_pb_old_content":"","_et_gb_content_width":""},"product_brand":[],"product_cat":[191],"product_tag":[188,103],"class_list":{"0":"post-3041","1":"product","2":"type-product","3":"status-publish","4":"has-post-thumbnail","6":"product_cat-enve-fray-fahrrad","7":"product_tag-enve","8":"product_tag-gravelbike","10":"first","11":"instock","12":"taxable","13":"shipping-taxable","14":"purchasable","15":"product-type-variable"},"_links":{"self":[{"href":"https:\/\/thehandlebar.biz\/de\/wp-json\/wp\/v2\/product\/3041","targetHints":{"allow":["GET"]}}],"collection":[{"href":"https:\/\/thehandlebar.biz\/de\/wp-json\/wp\/v2\/product"}],"about":[{"href":"https:\/\/thehandlebar.biz\/de\/wp-json\/wp\/v2\/types\/product"}],"wp:featuredmedia":[{"embeddable":true,"href":"https:\/\/thehandlebar.biz\/de\/wp-json\/wp\/v2\/media\/1514"}],"wp:attachment":[{"href":"https:\/\/thehandlebar.biz\/de\/wp-json\/wp\/v2\/media?parent=3041"}],"wp:term":[{"taxonomy":"product_brand","embeddable":true,"href":"https:\/\/thehandlebar.biz\/de\/wp-json\/wp\/v2\/product_brand?post=3041"},{"taxonomy":"product_cat","embeddable":true,"href":"https:\/\/thehandlebar.biz\/de\/wp-json\/wp\/v2\/product_cat?post=3041"},{"taxonomy":"product_tag","embeddable":true,"href":"https:\/\/thehandlebar.biz\/de\/wp-json\/wp\/v2\/product_tag?post=3041"}],"curies":[{"name":"wp","href":"https:\/\/api.w.org\/{rel}","templated":true}]}}