{"id":3050,"date":"2025-09-16T12:02:28","date_gmt":"2025-09-16T12:02:28","guid":{"rendered":"https:\/\/thehandlebar.biz\/produkt\/enve-melee-fahrrad\/"},"modified":"2025-09-16T12:02:28","modified_gmt":"2025-09-16T12:02:28","slug":"enve-melee-fahrrad","status":"publish","type":"product","link":"https:\/\/thehandlebar.biz\/de\/produkt\/enve-melee-fahrrad\/","title":{"rendered":"ENVE MELEE Fahrrad"},"content":{"rendered":"<table>\n<tbody>\n<tr>\n<td><strong>Rahmenmaterial<\/strong><\/td>\n<td>ENVE M.O.D Carbon<\/td>\n<\/tr>\n<tr>\n<td><strong>Gabelmaterial<\/strong><\/td>\n<td>ENVE M.O.D Carbon<\/td>\n<\/tr>\n<tr>\n<td><strong>Einsatzzweck<\/strong><\/td>\n<td>Stra\u00dfenrennen\/Performance<\/td>\n<\/tr>\n<tr>\n<td><strong>Gr\u00f6\u00dfen (cm)<\/strong><\/td>\n<td>47, 50, 52, 54, 56, 58, 60<\/td>\n<\/tr>\n<tr>\n<td><strong>Gabelvorbiegung<\/strong><\/td>\n<td>55, 51, 47, 43, 39<\/td>\n<\/tr>\n<tr>\n<td><strong>Rahmengr\u00f6\u00dfe\/Gabelvorbiegung<\/strong><\/td>\n<td>47cm\/55, 50cm\/51, 52cm\/47, 54cm\/47,<br \/>\n56cm\/43, 58cm\/43, 60cm\/39<\/td>\n<\/tr>\n<tr>\n<td><strong>Rahmengewicht<\/strong><\/td>\n<td>850g +\/- 2% (Gr\u00f6\u00dfe 56, lackiert, ohne Anbauteile)<\/td>\n<\/tr>\n<tr>\n<td><strong>Steuersatz<\/strong><\/td>\n<td>ENVE Integrated IS52\/IS52 Internal Drop-In<\/td>\n<\/tr>\n<tr>\n<td><strong>Steuersatzlager<\/strong><\/td>\n<td>1.5\u2033 IS52 oben und unten<\/td>\n<\/tr>\n<tr>\n<td><strong>Sattelst\u00fctzendurchmesser<\/strong><\/td>\n<td>ENVE Aero<\/td>\n<\/tr>\n<tr>\n<td><strong>Tretlagertyp<\/strong><\/td>\n<td>T47 Innenlager<\/td>\n<\/tr>\n<tr>\n<td><strong>Bremsaufnahme<\/strong><\/td>\n<td>Flat Mount<\/td>\n<\/tr>\n<tr>\n<td><strong>Vorderachse<\/strong><\/td>\n<td>12\u00d7100 (Gesamtl\u00e4nge: 122, TP:1,5, TL:15)<\/td>\n<\/tr>\n<tr>\n<td><strong>Hinterachse<\/strong><\/td>\n<td>12\u00d7142 (Gesamtl\u00e4nge: 168, TP:1.5, TL:14)<\/td>\n<\/tr>\n<tr>\n<td><strong>Minimale Reifengr\u00f6\u00dfe<\/strong><\/td>\n<td>25c<\/td>\n<\/tr>\n<tr>\n<td><strong>Optimale Reifengr\u00f6\u00dfe<\/strong><\/td>\n<td>27c-32c<\/td>\n<\/tr>\n<tr>\n<td><strong>Maximale Reifenfreiheit<\/strong><\/td>\n<td>35c<\/td>\n<\/tr>\n<tr>\n<td><strong>Zugf\u00fchrung Rahmen<\/strong><\/td>\n<td>Intern<\/td>\n<\/tr>\n<\/tbody>\n<\/table>\n","protected":false},"excerpt":{"rendered":"<p>Das Melee ist ein moderner Stra\u00dfenrenner, der die ENVE-Designphilosophie \u201eReal-World Fast\u2122\u201c verk\u00f6rpert. Konzipiert f\u00fcr Agilit\u00e4t und Ansprechverhalten, mit 35 mm Reifenfreiheit, ist das Melee gleicherma\u00dfen bereit f\u00fcr Kriterien und Klassiker.<br \/>\nEin ENVE-Chassis ist die Leinwand, auf der Sie Ihr Traumrad aufbauen k\u00f6nnen. Das Melee wird typischerweise als reines Chassis verkauft, das Rahmen, Gabel, Steuersatz, Vorbau, Lenker und Sattelst\u00fctze umfasst. Um Ihren Aufbau zu beginnen, w\u00e4hlen Sie zun\u00e4chst Ihre Rahmengr\u00f6\u00dfe, Vorbaul\u00e4nge, Lenkerbreite und Sattelst\u00fctzenversatz. Bei Fragen zu Ihrer Passform arbeiten Sie bitte mit Ihrem ENVE-H\u00e4ndler und\/oder Bikefitter zusammen und nutzen Sie den ENVE Best-Fit Calculator, um Ihre ideale Chassis-Konfiguration zu erreichen. Kombinieren Sie es anschlie\u00dfend mit Ihrem bevorzugten Antrieb und Ihrem favorisierten SES- oder Foundation-Laufradsatz.     <\/p>\n<ul>\n<li><strong>Rahmen- und Gabelmaterial sowie Kompatibilit\u00e4t:<\/strong> Sowohl Rahmen als auch Gabel bestehen aus ENVE M.O.D Carbon, mit Spezifikationen, die f\u00fcr Flat-Mount-Scheibenbremsen und interne Zugf\u00fchrung geeignet sind, kompatibel mit 12&#215;100 und 12&#215;142 Steckachsen.<\/li>\n<li><strong>Anwendungsbereich und Gr\u00f6\u00dfenbereich:<\/strong> Entwickelt f\u00fcr Gravel-Rennen, Fahrten, Erkundungen und Abenteuer, erh\u00e4ltlich in Gr\u00f6\u00dfen von 49 cm bis 60 cm, zugeschnitten auf unterschiedliche Fahrerbed\u00fcrfnisse.<\/li>\n<li><strong>Technische Daten und Abmessungen:<\/strong> Zu den Merkmalen geh\u00f6ren ein Gabel-Rake von 57-53 mm je nach Gr\u00f6\u00dfe, eine Gabel-Achse-zu-Krone-L\u00e4nge von 395 mm und ein Rahmengewicht von etwa 950 g, mit spezifischen Standards f\u00fcr Steuersatz, Sattelst\u00fctze und Tretlager.<\/li>\n<li><strong>Reifenkompatibilit\u00e4t und Montageoptionen:<\/strong> Unterst\u00fctzt Reifen von mindestens 700x36c bis maximal 700x50c, mit optimaler Leistung bei 700x40c-44c, und umfasst Schutzblechkompatibilit\u00e4t sowie interne Zugf\u00fchrung f\u00fcr Trinkflaschen und Kabel.<\/li>\n<li><strong>Design- und Farbdetails**:<\/strong> Der Rahmen ist in der Pantone-Farbe 7528C (Sand) gehalten und verf\u00fcgt \u00fcber Oberrohrbefestigungen, Schutzblechhalterungen und eine Laufradgr\u00f6\u00dfe, die f\u00fcr 700C-Laufr\u00e4der geeignet ist, 650b ausgeschlossen.<\/li>\n<\/ul>\n<p>&nbsp;<\/p>\n","protected":false},"featured_media":1660,"template":"","meta":{"_et_pb_use_builder":"","_et_pb_old_content":"","_et_gb_content_width":""},"product_brand":[],"product_cat":[189],"product_tag":[188,190,103],"class_list":{"0":"post-3050","1":"product","2":"type-product","3":"status-publish","4":"has-post-thumbnail","6":"product_cat-enve-melee","7":"product_tag-enve","8":"product_tag-enve-melee","9":"product_tag-gravelbike","11":"first","12":"instock","13":"taxable","14":"shipping-taxable","15":"purchasable","16":"product-type-variable"},"_links":{"self":[{"href":"https:\/\/thehandlebar.biz\/de\/wp-json\/wp\/v2\/product\/3050","targetHints":{"allow":["GET"]}}],"collection":[{"href":"https:\/\/thehandlebar.biz\/de\/wp-json\/wp\/v2\/product"}],"about":[{"href":"https:\/\/thehandlebar.biz\/de\/wp-json\/wp\/v2\/types\/product"}],"wp:featuredmedia":[{"embeddable":true,"href":"https:\/\/thehandlebar.biz\/de\/wp-json\/wp\/v2\/media\/1660"}],"wp:attachment":[{"href":"https:\/\/thehandlebar.biz\/de\/wp-json\/wp\/v2\/media?parent=3050"}],"wp:term":[{"taxonomy":"product_brand","embeddable":true,"href":"https:\/\/thehandlebar.biz\/de\/wp-json\/wp\/v2\/product_brand?post=3050"},{"taxonomy":"product_cat","embeddable":true,"href":"https:\/\/thehandlebar.biz\/de\/wp-json\/wp\/v2\/product_cat?post=3050"},{"taxonomy":"product_tag","embeddable":true,"href":"https:\/\/thehandlebar.biz\/de\/wp-json\/wp\/v2\/product_tag?post=3050"}],"curies":[{"name":"wp","href":"https:\/\/api.w.org\/{rel}","templated":true}]}}