{"id":3053,"date":"2025-09-16T13:03:50","date_gmt":"2025-09-16T13:03:50","guid":{"rendered":"https:\/\/thehandlebar.biz\/produkt\/pearl-gravel-grit-grx-600-pcg-44\/"},"modified":"2025-09-16T13:03:50","modified_gmt":"2025-09-16T13:03:50","slug":"pearl-gravel-grit-grx-600-pcg-44","status":"publish","type":"product","link":"https:\/\/thehandlebar.biz\/de\/produkt\/pearl-gravel-grit-grx-600-pcg-44\/","title":{"rendered":"PEARL GRAVEL GRIT GRX 600 PCG 44"},"content":{"rendered":"<p><strong>Spezifikationen<\/strong><\/p>\n<ul>\n<li>In Italien von Handwerkern geschwei\u00dft. Dedacciai 7003. <\/li>\n<li>Vollcarbon-Gabel mit Bikepacking-Aufnahmen.<\/li>\n<li>Interne Zugf\u00fchrung f\u00fcr geringeren Wartungsaufwand<\/li>\n<li>Tretlager mit \u00fcberdimensioniertem Durchmesser, das die Kraft\u00fcbertragung optimiert.<\/li>\n<li>47 \u2013 55 mm Reifenfreiheit<\/li>\n<li>12-mm-Achsen erh\u00f6hen die Laufradsteifigkeit im Vergleich zu einem herk\u00f6mmlichen Schnellspanner.<\/li>\n<li>Breit ausgelegte Vollcarbon-Gravel-Gabel und Steuerrohr erh\u00f6hen die Steifigkeit des vorderen Rahmenteils.<\/li>\n<li>Passend f\u00fcr Schutzbleche, Gep\u00e4cktr\u00e4ger und alle Bikepacking-Taschen.<\/li>\n<li>Tubeless Ready Fulcrum<\/li>\n<\/ul>\n<p><strong>Laufr\u00e4der <\/strong><\/p>\n<ul>\n<li>Fulcrum DB 900<\/li>\n<li>Hergestellt in Italien<\/li>\n<li>Tubeless Ready<\/li>\n<li>Unzerst\u00f6rbare und wetterbest\u00e4ndige Industrielager<\/li>\n<\/ul>\n<p><strong>Schaltung<\/strong><\/p>\n<ul>\n<li>Shimano GRX mechanische Schaltung<\/li>\n<li>Shimano hydraulische Scheibenbremsen<\/li>\n<\/ul>\n","protected":false},"excerpt":{"rendered":"<p><strong>\u201eVielseitige Gravelbikes aus Aluminium \u2013 das perfekte Einsteiger-Gravelbike mit unschlagbaren Fahreigenschaften.\u201c<\/strong><\/p>\n<p>Unsere Gravel GRIT Rahmen werden von Handwerkern in Italien gefertigt. Geschwei\u00dft aus Dedacciai 7003 Aluminium, w\u00e4rmebehandelt und glattgeschwei\u00dft, sind unsere Rahmen leichter, steifer und zuverl\u00e4ssiger als die Konkurrenz. Der Gravel-Aluminiumrahmen wurde entwickelt, um das beste Aluminium-Gravelbike auf dem Markt zu sein. Wir haben Dedacciai Aluminium gew\u00e4hlt, das leichter, steifer und langlebiger ist als herk\u00f6mmliche Aluminiumrohre. In Kombination mit Fulcrum-Laufr\u00e4dern und Shimano GRX Hydraulikbremsen bieten wir das beste Verh\u00e4ltnis von Gewicht und Kraft\u00fcbertragung an Ihrem Fahrrad.    <\/p>\n<ul>\n<li><strong>Von Handwerkern geschwei\u00dfter Rahmen mit fortschrittlichen Materialien:<\/strong> Der Rahmen wird in Italien sorgf\u00e4ltig aus Dedacciai 7003 geschwei\u00dft, was hohe Qualit\u00e4t und Langlebigkeit f\u00fcr anspruchsvolle Fahrbedingungen gew\u00e4hrleistet.<\/li>\n<li><strong>Vielseitige und langlebige Komponenten f\u00fcr Bikepacking:<\/strong> Zu den Merkmalen geh\u00f6ren eine Vollcarbon-Gabel mit Bikepacking-Aufnahmen, interne Zugf\u00fchrung f\u00fcr geringen Wartungsaufwand und Kompatibilit\u00e4t mit Schutzblechen und Gep\u00e4cktaschen, was es ideal f\u00fcr l\u00e4ngere Touren macht.<\/li>\n<li><strong>Verbesserte Fahreffizienz und Steifigkeit der Front:<\/strong> Ein \u00fcberdimensioniertes Tretlager optimiert die Kraft\u00fcbertragung, w\u00e4hrend die breit ausgelegte Vollcarbon-Gravel-Gabel und das Steuerrohr die Steifigkeit der Front f\u00fcr besseres Handling erh\u00f6hen.<\/li>\n<li><strong>Tubeless-Ready-Laufr\u00e4der f\u00fcr Zuverl\u00e4ssigkeit:<\/strong> Die in Italien gefertigten Fulcrum DB 900 Laufr\u00e4der sind Tubeless-Ready und mit Industrielagern ausgestattet, die Witterungs- und Sto\u00dffestigkeit f\u00fcr zuverl\u00e4ssige Leistung bieten.<\/li>\n<li><strong>Hochleistungs-Schalt- und Bremssystem:<\/strong> Ausgestattet mit Shimano GRX mechanischer Schaltung und Shimano hydraulischen Scheibenbremsen, die pr\u00e4zise Gangwechsel und eine starke, zuverl\u00e4ssige Bremskraft bieten.<\/li>\n<\/ul>\n<p>&nbsp;<\/p>\n<p>&nbsp;<\/p>\n","protected":false},"featured_media":1488,"template":"","meta":{"_et_pb_use_builder":"","_et_pb_old_content":"","_et_gb_content_width":""},"product_brand":[],"product_cat":[150],"product_tag":[102],"class_list":{"0":"post-3053","1":"product","2":"type-product","3":"status-publish","4":"has-post-thumbnail","6":"product_cat-pearl-grit","7":"product_tag-pearl-cycles","9":"first","10":"instock","11":"taxable","12":"shipping-taxable","13":"purchasable","14":"product-type-variable"},"_links":{"self":[{"href":"https:\/\/thehandlebar.biz\/de\/wp-json\/wp\/v2\/product\/3053","targetHints":{"allow":["GET"]}}],"collection":[{"href":"https:\/\/thehandlebar.biz\/de\/wp-json\/wp\/v2\/product"}],"about":[{"href":"https:\/\/thehandlebar.biz\/de\/wp-json\/wp\/v2\/types\/product"}],"wp:featuredmedia":[{"embeddable":true,"href":"https:\/\/thehandlebar.biz\/de\/wp-json\/wp\/v2\/media\/1488"}],"wp:attachment":[{"href":"https:\/\/thehandlebar.biz\/de\/wp-json\/wp\/v2\/media?parent=3053"}],"wp:term":[{"taxonomy":"product_brand","embeddable":true,"href":"https:\/\/thehandlebar.biz\/de\/wp-json\/wp\/v2\/product_brand?post=3053"},{"taxonomy":"product_cat","embeddable":true,"href":"https:\/\/thehandlebar.biz\/de\/wp-json\/wp\/v2\/product_cat?post=3053"},{"taxonomy":"product_tag","embeddable":true,"href":"https:\/\/thehandlebar.biz\/de\/wp-json\/wp\/v2\/product_tag?post=3053"}],"curies":[{"name":"wp","href":"https:\/\/api.w.org\/{rel}","templated":true}]}}